{"id":865,"date":"2026-02-23T10:00:20","date_gmt":"2026-02-23T13:00:20","guid":{"rendered":"https:\/\/chiguayante.cl\/Chgte\/?page_id=865"},"modified":"2026-02-23T10:00:21","modified_gmt":"2026-02-23T13:00:21","slug":"centro-diurno-comunitario","status":"publish","type":"page","link":"https:\/\/chiguayante.cl\/Chgte\/?page_id=865","title":{"rendered":"Centro Diurno Comunitario"},"content":{"rendered":"\n<p>Coordinador: <strong>Pablo Manr\u00edquez Cofr\u00e9<\/strong><br>pablo.manriquez@munichiguayante.cl<br>Tel\u00e9fono: +569 9293 7536<\/p>\n\n\n\n<p>El Centro Diurno Comunitario es un dispositivo de atenci\u00f3n orientado a personas mayores en situaci\u00f3n de dependencia leve o moderada, cuyo objetivo es mantener y fortalecer su autonom\u00eda funcional, cognitiva y social, evitando o postergando la institucionalizaci\u00f3n.<\/p>\n\n\n\n<p>A trav\u00e9s de un equipo interdisciplinario, el Centro desarrolla planes de intervenci\u00f3n personalizados que incluyen estimulaci\u00f3n cognitiva, actividad f\u00edsica adaptada, talleres ocupacionales y apoyo psicosocial. Asimismo, incorpora a las familias y personas cuidadoras en el proceso, entregando orientaci\u00f3n y herramientas que contribuyan a mejorar la calidad de vida y el entorno de cuidado.<\/p>\n","protected":false},"excerpt":{"rendered":"<p>Coordinador: Pablo Manr\u00edquez Cofr\u00e9pablo.manriquez@munichiguayante.clTel\u00e9fono: +569 9293 7536 El Centro Diurno Comunitario es un dispositivo de atenci\u00f3n orientado a personas mayores en situaci\u00f3n de dependencia leve o moderada, cuyo objetivo es mantener y fortalecer su autonom\u00eda funcional, cognitiva y social, evitando o postergando la institucionalizaci\u00f3n. A trav\u00e9s de un equipo interdisciplinario, el Centro desarrolla planes de&#8230;<\/p>\n","protected":false},"author":1,"featured_media":0,"parent":0,"menu_order":0,"comment_status":"closed","ping_status":"closed","template":"","meta":{"footnotes":"","_links_to":"","_links_to_target":""},"class_list":["post-865","page","type-page","status-publish","hentry"],"_links":{"self":[{"href":"https:\/\/chiguayante.cl\/Chgte\/index.php?rest_route=\/wp\/v2\/pages\/865","targetHints":{"allow":["GET"]}}],"collection":[{"href":"https:\/\/chiguayante.cl\/Chgte\/index.php?rest_route=\/wp\/v2\/pages"}],"about":[{"href":"https:\/\/chiguayante.cl\/Chgte\/index.php?rest_route=\/wp\/v2\/types\/page"}],"author":[{"embeddable":true,"href":"https:\/\/chiguayante.cl\/Chgte\/index.php?rest_route=\/wp\/v2\/users\/1"}],"replies":[{"embeddable":true,"href":"https:\/\/chiguayante.cl\/Chgte\/index.php?rest_route=%2Fwp%2Fv2%2Fcomments&post=865"}],"version-history":[{"count":1,"href":"https:\/\/chiguayante.cl\/Chgte\/index.php?rest_route=\/wp\/v2\/pages\/865\/revisions"}],"predecessor-version":[{"id":866,"href":"https:\/\/chiguayante.cl\/Chgte\/index.php?rest_route=\/wp\/v2\/pages\/865\/revisions\/866"}],"wp:attachment":[{"href":"https:\/\/chiguayante.cl\/Chgte\/index.php?rest_route=%2Fwp%2Fv2%2Fmedia&parent=865"}],"curies":[{"name":"wp","href":"https:\/\/api.w.org\/{rel}","templated":true}]}}