{"id":863,"date":"2026-02-23T09:59:33","date_gmt":"2026-02-23T12:59:33","guid":{"rendered":"https:\/\/chiguayante.cl\/Chgte\/?page_id=863"},"modified":"2026-02-23T09:59:34","modified_gmt":"2026-02-23T12:59:34","slug":"programa-red-local-de-apoyos-y-cuidados","status":"publish","type":"page","link":"https:\/\/chiguayante.cl\/Chgte\/?page_id=863","title":{"rendered":"Programa Red Local de Apoyos y Cuidados"},"content":{"rendered":"\n<p>Encargada: <strong>Fabiola Alvarado Venegas<\/strong><br>fabiola.alvarado@munichiguayante.cl<br>Tel\u00e9fono: +569 660 63 561<\/p>\n\n\n\n<p>El Programa Red Local de Apoyos y Cuidados tiene por objetivo brindar acompa\u00f1amiento integral a personas en situaci\u00f3n de dependencia y a sus cuidadores y cuidadoras, fortaleciendo su autonom\u00eda, bienestar y calidad de vida.<\/p>\n\n\n\n<p>A trav\u00e9s de un enfoque interdisciplinario, el programa realiza evaluaciones y planes de intervenci\u00f3n personalizados, coordina prestaciones sociales y apoyos t\u00e9cnicos, y articula redes institucionales para facilitar el acceso a servicios de salud, protecci\u00f3n social y apoyo comunitario. Asimismo, contempla acciones de orientaci\u00f3n, capacitaci\u00f3n y contenci\u00f3n para quienes ejercen labores de cuidado no remunerado.<\/p>\n","protected":false},"excerpt":{"rendered":"<p>Encargada: Fabiola Alvarado Venegasfabiola.alvarado@munichiguayante.clTel\u00e9fono: +569 660 63 561 El Programa Red Local de Apoyos y Cuidados tiene por objetivo brindar acompa\u00f1amiento integral a personas en situaci\u00f3n de dependencia y a sus cuidadores y cuidadoras, fortaleciendo su autonom\u00eda, bienestar y calidad de vida. A trav\u00e9s de un enfoque interdisciplinario, el programa realiza evaluaciones y planes de&#8230;<\/p>\n","protected":false},"author":1,"featured_media":0,"parent":0,"menu_order":0,"comment_status":"closed","ping_status":"closed","template":"","meta":{"footnotes":"","_links_to":"","_links_to_target":""},"class_list":["post-863","page","type-page","status-publish","hentry"],"_links":{"self":[{"href":"https:\/\/chiguayante.cl\/Chgte\/index.php?rest_route=\/wp\/v2\/pages\/863","targetHints":{"allow":["GET"]}}],"collection":[{"href":"https:\/\/chiguayante.cl\/Chgte\/index.php?rest_route=\/wp\/v2\/pages"}],"about":[{"href":"https:\/\/chiguayante.cl\/Chgte\/index.php?rest_route=\/wp\/v2\/types\/page"}],"author":[{"embeddable":true,"href":"https:\/\/chiguayante.cl\/Chgte\/index.php?rest_route=\/wp\/v2\/users\/1"}],"replies":[{"embeddable":true,"href":"https:\/\/chiguayante.cl\/Chgte\/index.php?rest_route=%2Fwp%2Fv2%2Fcomments&post=863"}],"version-history":[{"count":1,"href":"https:\/\/chiguayante.cl\/Chgte\/index.php?rest_route=\/wp\/v2\/pages\/863\/revisions"}],"predecessor-version":[{"id":864,"href":"https:\/\/chiguayante.cl\/Chgte\/index.php?rest_route=\/wp\/v2\/pages\/863\/revisions\/864"}],"wp:attachment":[{"href":"https:\/\/chiguayante.cl\/Chgte\/index.php?rest_route=%2Fwp%2Fv2%2Fmedia&parent=863"}],"curies":[{"name":"wp","href":"https:\/\/api.w.org\/{rel}","templated":true}]}}