{"id":861,"date":"2026-02-23T09:58:50","date_gmt":"2026-02-23T12:58:50","guid":{"rendered":"https:\/\/chiguayante.cl\/Chgte\/?page_id=861"},"modified":"2026-02-23T09:58:51","modified_gmt":"2026-02-23T12:58:51","slug":"oficina-de-discapacidad","status":"publish","type":"page","link":"https:\/\/chiguayante.cl\/Chgte\/?page_id=861","title":{"rendered":"Oficina de Discapacidad"},"content":{"rendered":"\n<p>Encargado: <strong>Nehelan Estrada Carvajal<\/strong><br>nehelan.estrada@munichiguayante.cl<br>Tel\u00e9fono: +569 663 94 652<\/p>\n\n\n\n<p>La Oficina de Discapacidad tiene por misi\u00f3n promover la inclusi\u00f3n social y el ejercicio de derechos de las personas en situaci\u00f3n de discapacidad, favoreciendo su autonom\u00eda, participaci\u00f3n y calidad de vida.<\/p>\n\n\n\n<p>Para ello, desarrolla programas de apoyo y orientaci\u00f3n social, coordina ayudas t\u00e9cnicas cuando corresponde, impulsa instancias de rehabilitaci\u00f3n y talleres inclusivos, y articula redes con servicios p\u00fablicos y privados. Asimismo, asesora a organizaciones y familias, promoviendo acciones que contribuyan a la accesibilidad universal y a la eliminaci\u00f3n de barreras en el entorno comunal.<\/p>\n","protected":false},"excerpt":{"rendered":"<p>Encargado: Nehelan Estrada Carvajalnehelan.estrada@munichiguayante.clTel\u00e9fono: +569 663 94 652 La Oficina de Discapacidad tiene por misi\u00f3n promover la inclusi\u00f3n social y el ejercicio de derechos de las personas en situaci\u00f3n de discapacidad, favoreciendo su autonom\u00eda, participaci\u00f3n y calidad de vida. Para ello, desarrolla programas de apoyo y orientaci\u00f3n social, coordina ayudas t\u00e9cnicas cuando corresponde, impulsa instancias&#8230;<\/p>\n","protected":false},"author":1,"featured_media":0,"parent":0,"menu_order":0,"comment_status":"closed","ping_status":"closed","template":"","meta":{"footnotes":"","_links_to":"","_links_to_target":""},"class_list":["post-861","page","type-page","status-publish","hentry"],"_links":{"self":[{"href":"https:\/\/chiguayante.cl\/Chgte\/index.php?rest_route=\/wp\/v2\/pages\/861","targetHints":{"allow":["GET"]}}],"collection":[{"href":"https:\/\/chiguayante.cl\/Chgte\/index.php?rest_route=\/wp\/v2\/pages"}],"about":[{"href":"https:\/\/chiguayante.cl\/Chgte\/index.php?rest_route=\/wp\/v2\/types\/page"}],"author":[{"embeddable":true,"href":"https:\/\/chiguayante.cl\/Chgte\/index.php?rest_route=\/wp\/v2\/users\/1"}],"replies":[{"embeddable":true,"href":"https:\/\/chiguayante.cl\/Chgte\/index.php?rest_route=%2Fwp%2Fv2%2Fcomments&post=861"}],"version-history":[{"count":1,"href":"https:\/\/chiguayante.cl\/Chgte\/index.php?rest_route=\/wp\/v2\/pages\/861\/revisions"}],"predecessor-version":[{"id":862,"href":"https:\/\/chiguayante.cl\/Chgte\/index.php?rest_route=\/wp\/v2\/pages\/861\/revisions\/862"}],"wp:attachment":[{"href":"https:\/\/chiguayante.cl\/Chgte\/index.php?rest_route=%2Fwp%2Fv2%2Fmedia&parent=861"}],"curies":[{"name":"wp","href":"https:\/\/api.w.org\/{rel}","templated":true}]}}