{"id":859,"date":"2026-02-23T09:58:08","date_gmt":"2026-02-23T12:58:08","guid":{"rendered":"https:\/\/chiguayante.cl\/Chgte\/?page_id=859"},"modified":"2026-02-23T09:58:09","modified_gmt":"2026-02-23T12:58:09","slug":"oficina-de-personas-mayores-2","status":"publish","type":"page","link":"https:\/\/chiguayante.cl\/Chgte\/?page_id=859","title":{"rendered":"Oficina de Personas Mayores"},"content":{"rendered":"\n<p>Encargada: <strong>Claudia Barra Vidal<\/strong><br>claudia.barra@munichiguayante.cl<br>Tel\u00e9fono: +569 580 95 630 \/ 22 66 757 81<\/p>\n\n\n\n<p>La Oficina de Personas Mayores tiene por objetivo promover el envejecimiento activo, la participaci\u00f3n social y la protecci\u00f3n de los derechos de las personas mayores de la comuna.<\/p>\n\n\n\n<p>Para ello, implementa programas, talleres y actividades orientadas al bienestar f\u00edsico, cognitivo y socioemocional; fomenta la organizaci\u00f3n y fortalecimiento de clubes y agrupaciones; y facilita el acceso a beneficios y prestaciones sociales. Asimismo, coordina acciones con redes p\u00fablicas y privadas para apoyar procesos de inclusi\u00f3n, autonom\u00eda y calidad de vida de este grupo etario.<\/p>\n","protected":false},"excerpt":{"rendered":"<p>Encargada: Claudia Barra Vidalclaudia.barra@munichiguayante.clTel\u00e9fono: +569 580 95 630 \/ 22 66 757 81 La Oficina de Personas Mayores tiene por objetivo promover el envejecimiento activo, la participaci\u00f3n social y la protecci\u00f3n de los derechos de las personas mayores de la comuna. Para ello, implementa programas, talleres y actividades orientadas al bienestar f\u00edsico, cognitivo y socioemocional;&#8230;<\/p>\n","protected":false},"author":1,"featured_media":0,"parent":0,"menu_order":0,"comment_status":"closed","ping_status":"closed","template":"","meta":{"footnotes":"","_links_to":"","_links_to_target":""},"class_list":["post-859","page","type-page","status-publish","hentry"],"_links":{"self":[{"href":"https:\/\/chiguayante.cl\/Chgte\/index.php?rest_route=\/wp\/v2\/pages\/859","targetHints":{"allow":["GET"]}}],"collection":[{"href":"https:\/\/chiguayante.cl\/Chgte\/index.php?rest_route=\/wp\/v2\/pages"}],"about":[{"href":"https:\/\/chiguayante.cl\/Chgte\/index.php?rest_route=\/wp\/v2\/types\/page"}],"author":[{"embeddable":true,"href":"https:\/\/chiguayante.cl\/Chgte\/index.php?rest_route=\/wp\/v2\/users\/1"}],"replies":[{"embeddable":true,"href":"https:\/\/chiguayante.cl\/Chgte\/index.php?rest_route=%2Fwp%2Fv2%2Fcomments&post=859"}],"version-history":[{"count":1,"href":"https:\/\/chiguayante.cl\/Chgte\/index.php?rest_route=\/wp\/v2\/pages\/859\/revisions"}],"predecessor-version":[{"id":860,"href":"https:\/\/chiguayante.cl\/Chgte\/index.php?rest_route=\/wp\/v2\/pages\/859\/revisions\/860"}],"wp:attachment":[{"href":"https:\/\/chiguayante.cl\/Chgte\/index.php?rest_route=%2Fwp%2Fv2%2Fmedia&parent=859"}],"curies":[{"name":"wp","href":"https:\/\/api.w.org\/{rel}","templated":true}]}}