{"id":847,"date":"2026-02-23T09:46:59","date_gmt":"2026-02-23T12:46:59","guid":{"rendered":"https:\/\/chiguayante.cl\/Chgte\/?page_id=847"},"modified":"2026-02-23T09:49:14","modified_gmt":"2026-02-23T12:49:14","slug":"programa-jefas-de-hogar","status":"publish","type":"page","link":"https:\/\/chiguayante.cl\/Chgte\/?page_id=847","title":{"rendered":"PROGRAMA JEFAS DE HOGAR"},"content":{"rendered":"\n<p>Encargada: <strong>Mar\u00eda Valenzuela Villagr\u00e1n<\/strong> <strong>\/ Paola Astudillo Blemith<\/strong><br>O`Higgins 2401, Piso 2, Oficina\u00a0 209, Chiguayante<br>412360824<br><a href=\"mailto:pmjh@munichiguayante.cl\" target=\"_blank\" rel=\"noreferrer noopener\">pmjh@munichiguayante.cl<\/a><\/p>\n\n\n\n<p>El Programa Mujeres Jefas de Hogar de la Municipalidad de Chiguayante promueve la autonom\u00eda econ\u00f3mica de mujeres que son principales sostenedoras de sus hogares, fortaleciendo su empleabilidad y desarrollo laboral.<\/p>\n\n\n\n<p>A trav\u00e9s de acompa\u00f1amiento personalizado, talleres de formaci\u00f3n para el trabajo, apoyo en intermediaci\u00f3n laboral y orientaci\u00f3n para el emprendimiento, el programa articula redes con servicios p\u00fablicos y privados, facilitando el acceso a capacitaci\u00f3n, financiamiento y oportunidades de inserci\u00f3n laboral.<\/p>\n","protected":false},"excerpt":{"rendered":"<p>Encargada: Mar\u00eda Valenzuela Villagr\u00e1n \/ Paola Astudillo BlemithO`Higgins 2401, Piso 2, Oficina\u00a0 209, Chiguayante412360824pmjh@munichiguayante.cl El Programa Mujeres Jefas de Hogar de la Municipalidad de Chiguayante promueve la autonom\u00eda econ\u00f3mica de mujeres que son principales sostenedoras de sus hogares, fortaleciendo su empleabilidad y desarrollo laboral. A trav\u00e9s de acompa\u00f1amiento personalizado, talleres de formaci\u00f3n para el trabajo,&#8230;<\/p>\n","protected":false},"author":1,"featured_media":0,"parent":0,"menu_order":0,"comment_status":"closed","ping_status":"closed","template":"","meta":{"footnotes":"","_links_to":"","_links_to_target":""},"class_list":["post-847","page","type-page","status-publish","hentry"],"_links":{"self":[{"href":"https:\/\/chiguayante.cl\/Chgte\/index.php?rest_route=\/wp\/v2\/pages\/847","targetHints":{"allow":["GET"]}}],"collection":[{"href":"https:\/\/chiguayante.cl\/Chgte\/index.php?rest_route=\/wp\/v2\/pages"}],"about":[{"href":"https:\/\/chiguayante.cl\/Chgte\/index.php?rest_route=\/wp\/v2\/types\/page"}],"author":[{"embeddable":true,"href":"https:\/\/chiguayante.cl\/Chgte\/index.php?rest_route=\/wp\/v2\/users\/1"}],"replies":[{"embeddable":true,"href":"https:\/\/chiguayante.cl\/Chgte\/index.php?rest_route=%2Fwp%2Fv2%2Fcomments&post=847"}],"version-history":[{"count":3,"href":"https:\/\/chiguayante.cl\/Chgte\/index.php?rest_route=\/wp\/v2\/pages\/847\/revisions"}],"predecessor-version":[{"id":851,"href":"https:\/\/chiguayante.cl\/Chgte\/index.php?rest_route=\/wp\/v2\/pages\/847\/revisions\/851"}],"wp:attachment":[{"href":"https:\/\/chiguayante.cl\/Chgte\/index.php?rest_route=%2Fwp%2Fv2%2Fmedia&parent=847"}],"curies":[{"name":"wp","href":"https:\/\/api.w.org\/{rel}","templated":true}]}}