{"id":845,"date":"2026-02-23T09:45:30","date_gmt":"2026-02-23T12:45:30","guid":{"rendered":"https:\/\/chiguayante.cl\/Chgte\/?page_id=845"},"modified":"2026-02-23T09:45:32","modified_gmt":"2026-02-23T12:45:32","slug":"omil","status":"publish","type":"page","link":"https:\/\/chiguayante.cl\/Chgte\/?page_id=845","title":{"rendered":"OMIL"},"content":{"rendered":"\n<p>Encargado: Javier Casanova<br>O`Higgins 2401, Piso 1 Y 2, Chiguayante<br>412367175 \/ +56-958011605<br><a href=\"mailto:omil@munichiguayante.cl\" target=\"_blank\" rel=\"noreferrer noopener\">omil@munichiguayante.cl<\/a><\/p>\n\n\n\n<p>La Oficina Municipal de Informaci\u00f3n Laboral (OMIL) de la Municipalidad de Chiguayante gestiona la intermediaci\u00f3n laboral entre empresas y personas en b\u00fasqueda de empleo, facilitando la inserci\u00f3n y reinserci\u00f3n laboral en la comuna.<\/p>\n\n\n\n<p>Asimismo, orienta en la elaboraci\u00f3n de curr\u00edculum y preparaci\u00f3n para entrevistas, administra la Bolsa Nacional de Empleo, coordina ofertas laborales locales y deriva a programas de capacitaci\u00f3n y certificaci\u00f3n de competencias, en articulaci\u00f3n con organismos p\u00fablicos y privados.<\/p>\n","protected":false},"excerpt":{"rendered":"<p>Encargado: Javier CasanovaO`Higgins 2401, Piso 1 Y 2, Chiguayante412367175 \/ +56-958011605omil@munichiguayante.cl La Oficina Municipal de Informaci\u00f3n Laboral (OMIL) de la Municipalidad de Chiguayante gestiona la intermediaci\u00f3n laboral entre empresas y personas en b\u00fasqueda de empleo, facilitando la inserci\u00f3n y reinserci\u00f3n laboral en la comuna. Asimismo, orienta en la elaboraci\u00f3n de curr\u00edculum y preparaci\u00f3n para entrevistas,&#8230;<\/p>\n","protected":false},"author":1,"featured_media":0,"parent":0,"menu_order":0,"comment_status":"closed","ping_status":"closed","template":"","meta":{"footnotes":"","_links_to":"","_links_to_target":""},"class_list":["post-845","page","type-page","status-publish","hentry"],"_links":{"self":[{"href":"https:\/\/chiguayante.cl\/Chgte\/index.php?rest_route=\/wp\/v2\/pages\/845","targetHints":{"allow":["GET"]}}],"collection":[{"href":"https:\/\/chiguayante.cl\/Chgte\/index.php?rest_route=\/wp\/v2\/pages"}],"about":[{"href":"https:\/\/chiguayante.cl\/Chgte\/index.php?rest_route=\/wp\/v2\/types\/page"}],"author":[{"embeddable":true,"href":"https:\/\/chiguayante.cl\/Chgte\/index.php?rest_route=\/wp\/v2\/users\/1"}],"replies":[{"embeddable":true,"href":"https:\/\/chiguayante.cl\/Chgte\/index.php?rest_route=%2Fwp%2Fv2%2Fcomments&post=845"}],"version-history":[{"count":1,"href":"https:\/\/chiguayante.cl\/Chgte\/index.php?rest_route=\/wp\/v2\/pages\/845\/revisions"}],"predecessor-version":[{"id":846,"href":"https:\/\/chiguayante.cl\/Chgte\/index.php?rest_route=\/wp\/v2\/pages\/845\/revisions\/846"}],"wp:attachment":[{"href":"https:\/\/chiguayante.cl\/Chgte\/index.php?rest_route=%2Fwp%2Fv2%2Fmedia&parent=845"}],"curies":[{"name":"wp","href":"https:\/\/api.w.org\/{rel}","templated":true}]}}