{"id":843,"date":"2026-02-23T09:42:49","date_gmt":"2026-02-23T12:42:49","guid":{"rendered":"https:\/\/chiguayante.cl\/Chgte\/?page_id=843"},"modified":"2026-02-23T10:31:56","modified_gmt":"2026-02-23T13:31:56","slug":"turismo","status":"publish","type":"page","link":"https:\/\/chiguayante.cl\/Chgte\/?page_id=843","title":{"rendered":"TURISMO"},"content":{"rendered":"\n<p>Encargado oficina: <strong>Leonardo Salinas<\/strong><br>Calle Herrera N\u00b0100, Chiguayante<br>+56-988591947<br>turismo@munichiguayante.cl<\/p>\n\n\n\n<p>La Oficina de Turismo tiene como prop\u00f3sito propiciar el desarrollo del turismo en sus distintos \u00e1mbitos, promoviendo el capital cultural, recreativo y productivo de la comuna y fortaleciendo su identidad territorial. Para ello, impulsa la identificaci\u00f3n y puesta en valor de \u00e1reas con potencial tur\u00edstico de car\u00e1cter cultural y patrimonial, gastron\u00f3mico, recreativo, medioambiental y deportivo, entre otras. Asimismo, trabaja en el fortalecimiento de productos tur\u00edsticos y culturales \u2014como la Plaza Tem\u00e1tica\u2014 generando espacios de vinculaci\u00f3n y colaboraci\u00f3n entre actores locales.<\/p>\n\n\n\n<p>La oficina coordina un equipo t\u00e9cnico municipal que articula acciones con distintos departamentos y direcciones, brindando apoyo y asistencia en la creaci\u00f3n y desarrollo de experiencias tur\u00edsticas identitarias. De igual forma, promueve la postulaci\u00f3n a proyectos orientados al mejoramiento de la infraestructura y del capital humano b\u00e1sico para el turismo, favoreciendo el desarrollo, la profesionalizaci\u00f3n de los servicios tur\u00edsticos y el fortalecimiento del equipamiento comunal.<\/p>\n\n\n\n<p>Asimismo, esta oficina mantiene una convocatoria abierta durante todo el a\u00f1o para que artesanos, artesanas y manualistas identitarios de la comuna puedan presentar su trabajo y optar a su incorporaci\u00f3n en las distintas actividades e instancias que desarrolla la Oficina de Turismo. Para ello, las personas interesadas pueden enviar sus antecedentes al correo <strong><a href=\"mailto:turismo@munichiguayante.cl\">turismo@munichiguayante.cl<\/a><\/strong><br>, adjuntando una breve descripci\u00f3n de su emprendimiento, informaci\u00f3n sobre el tipo de artesan\u00eda que elaboran, materialidades, identidad territorial de sus productos y registros fotogr\u00e1ficos referenciales.<\/p>\n","protected":false},"excerpt":{"rendered":"<p>Encargado oficina: Leonardo SalinasCalle Herrera N\u00b0100, Chiguayante+56-988591947turismo@munichiguayante.cl La Oficina de Turismo tiene como prop\u00f3sito propiciar el desarrollo del turismo en sus distintos \u00e1mbitos, promoviendo el capital cultural, recreativo y productivo de la comuna y fortaleciendo su identidad territorial. Para ello, impulsa la identificaci\u00f3n y puesta en valor de \u00e1reas con potencial tur\u00edstico de car\u00e1cter cultural&#8230;<\/p>\n","protected":false},"author":1,"featured_media":0,"parent":0,"menu_order":0,"comment_status":"closed","ping_status":"closed","template":"","meta":{"footnotes":"","_links_to":"","_links_to_target":""},"class_list":["post-843","page","type-page","status-publish","hentry"],"_links":{"self":[{"href":"https:\/\/chiguayante.cl\/Chgte\/index.php?rest_route=\/wp\/v2\/pages\/843","targetHints":{"allow":["GET"]}}],"collection":[{"href":"https:\/\/chiguayante.cl\/Chgte\/index.php?rest_route=\/wp\/v2\/pages"}],"about":[{"href":"https:\/\/chiguayante.cl\/Chgte\/index.php?rest_route=\/wp\/v2\/types\/page"}],"author":[{"embeddable":true,"href":"https:\/\/chiguayante.cl\/Chgte\/index.php?rest_route=\/wp\/v2\/users\/1"}],"replies":[{"embeddable":true,"href":"https:\/\/chiguayante.cl\/Chgte\/index.php?rest_route=%2Fwp%2Fv2%2Fcomments&post=843"}],"version-history":[{"count":2,"href":"https:\/\/chiguayante.cl\/Chgte\/index.php?rest_route=\/wp\/v2\/pages\/843\/revisions"}],"predecessor-version":[{"id":872,"href":"https:\/\/chiguayante.cl\/Chgte\/index.php?rest_route=\/wp\/v2\/pages\/843\/revisions\/872"}],"wp:attachment":[{"href":"https:\/\/chiguayante.cl\/Chgte\/index.php?rest_route=%2Fwp%2Fv2%2Fmedia&parent=843"}],"curies":[{"name":"wp","href":"https:\/\/api.w.org\/{rel}","templated":true}]}}