{"id":768,"date":"2026-02-09T10:14:06","date_gmt":"2026-02-09T13:14:06","guid":{"rendered":"https:\/\/chiguayante.cl\/Chgte\/?page_id=768"},"modified":"2026-02-09T10:27:05","modified_gmt":"2026-02-09T13:27:05","slug":"publicacion-de-instrumentos-de-gestion-ambiental-comunal","status":"publish","type":"page","link":"https:\/\/chiguayante.cl\/Chgte\/?page_id=768","title":{"rendered":"Publicaci\u00f3n de instrumentos de gesti\u00f3n ambiental comunal"},"content":{"rendered":"\n<div class=\"wp-block-columns is-layout-flex wp-container-core-columns-is-layout-9d6595d7 wp-block-columns-is-layout-flex\">\n<div class=\"wp-block-column is-layout-flow wp-block-column-is-layout-flow\">\n<figure class=\"wp-block-image size-large\"><img loading=\"lazy\" decoding=\"async\" width=\"1024\" height=\"1022\" src=\"https:\/\/chiguayante.cl\/Chgte\/wp-content\/uploads\/2026\/02\/certificacion-ambiental-color-1-1024x1022.png\" alt=\"\" class=\"wp-image-776\" srcset=\"https:\/\/chiguayante.cl\/Chgte\/wp-content\/uploads\/2026\/02\/certificacion-ambiental-color-1-1024x1022.png 1024w, https:\/\/chiguayante.cl\/Chgte\/wp-content\/uploads\/2026\/02\/certificacion-ambiental-color-1-300x300.png 300w, https:\/\/chiguayante.cl\/Chgte\/wp-content\/uploads\/2026\/02\/certificacion-ambiental-color-1-150x150.png 150w, https:\/\/chiguayante.cl\/Chgte\/wp-content\/uploads\/2026\/02\/certificacion-ambiental-color-1-768x767.png 768w, https:\/\/chiguayante.cl\/Chgte\/wp-content\/uploads\/2026\/02\/certificacion-ambiental-color-1.png 1049w\" sizes=\"auto, (max-width: 1024px) 100vw, 1024px\" \/><\/figure>\n<\/div>\n\n\n\n<div class=\"wp-block-column is-layout-flow wp-block-column-is-layout-flow\">\n<figure class=\"wp-block-image size-large\"><img loading=\"lazy\" decoding=\"async\" width=\"1024\" height=\"702\" src=\"https:\/\/chiguayante.cl\/Chgte\/wp-content\/uploads\/2026\/02\/Slogan-cada-gota-cuenta-1024x702.png\" alt=\"\" class=\"wp-image-777\" srcset=\"https:\/\/chiguayante.cl\/Chgte\/wp-content\/uploads\/2026\/02\/Slogan-cada-gota-cuenta-1024x702.png 1024w, https:\/\/chiguayante.cl\/Chgte\/wp-content\/uploads\/2026\/02\/Slogan-cada-gota-cuenta-300x206.png 300w, https:\/\/chiguayante.cl\/Chgte\/wp-content\/uploads\/2026\/02\/Slogan-cada-gota-cuenta-768x527.png 768w, https:\/\/chiguayante.cl\/Chgte\/wp-content\/uploads\/2026\/02\/Slogan-cada-gota-cuenta-1536x1053.png 1536w, https:\/\/chiguayante.cl\/Chgte\/wp-content\/uploads\/2026\/02\/Slogan-cada-gota-cuenta-2048x1404.png 2048w\" sizes=\"auto, (max-width: 1024px) 100vw, 1024px\" \/><\/figure>\n<\/div>\n<\/div>\n\n\n\n<p>En el marco del proceso de implementaci\u00f3n del <strong>Sistema de Certificaci\u00f3n Ambiental Municipal (SCAM)<\/strong>, la Municipalidad de Chiguayante pone a disposici\u00f3n de la comunidad los principales instrumentos de gesti\u00f3n ambiental comunal vigentes.<\/p>\n\n\n\n<p>Estos documentos forman parte del expediente requerido para dar cumplimiento al cronograma establecido en la etapa de <strong>Implementaci\u00f3n del nivel de Certificaci\u00f3n de Gobernanza Ambiental-Clim\u00e1tica Comunal<\/strong>, y reflejan el compromiso del municipio con la transparencia, la planificaci\u00f3n ambiental y la participaci\u00f3n ciudadana.<\/p>\n\n\n\n<p>Entre los instrumentos publicados se encuentran la <strong>Pol\u00edtica Ambiental Comunal<\/strong>, la <strong>Ordenanza Ambiental<\/strong>, el <strong>Plan de Acci\u00f3n Comunal de Cambio Clim\u00e1tico<\/strong>, as\u00ed como informes asociados a la <strong>Vocaci\u00f3n Ambiental<\/strong> y al contenido ambiental incorporado en los instrumentos de planificaci\u00f3n territorial, todos elaborados y aprobados conforme a la normativa vigente y a los lineamientos del Ministerio del Medio Ambiente .<\/p>\n\n\n\n<p>La incorporaci\u00f3n de los logotipos oficiales del <strong>SCAM<\/strong> y de <strong>Vocaci\u00f3n Ambiental<\/strong> en el portal web municipal da cuenta del avance institucional de la comuna en materia de gobernanza ambiental y acci\u00f3n clim\u00e1tica local.<\/p>\n\n\n\n<div data-wp-interactive=\"core\/file\" class=\"wp-block-file\"><object data-wp-bind--hidden=\"!state.hasPdfPreview\" hidden class=\"wp-block-file__embed\" data=\"https:\/\/chiguayante.cl\/Chgte\/wp-content\/uploads\/2026\/02\/Resolucion-Convenio-SCAM-para-etapa-de-Implementacion.pdf\" type=\"application\/pdf\" style=\"width:100%;height:600px\" aria-label=\"Incrustado de Resoluci\u00f3n Convenio SCAM para etapa de Implementaci\u00f3n.\"><\/object><a id=\"wp-block-file--media-4261f3b9-36cd-401d-ac84-bc2bf0dd6f1b\" href=\"https:\/\/chiguayante.cl\/Chgte\/wp-content\/uploads\/2026\/02\/Resolucion-Convenio-SCAM-para-etapa-de-Implementacion.pdf\">Resoluci\u00f3n Convenio SCAM para etapa de Implementaci\u00f3n<\/a><a href=\"https:\/\/chiguayante.cl\/Chgte\/wp-content\/uploads\/2026\/02\/Resolucion-Convenio-SCAM-para-etapa-de-Implementacion.pdf\" class=\"wp-block-file__button wp-element-button\" download aria-describedby=\"wp-block-file--media-4261f3b9-36cd-401d-ac84-bc2bf0dd6f1b\">Descargar<\/a><\/div>\n\n\n\n<div data-wp-interactive=\"core\/file\" class=\"wp-block-file\"><object data-wp-bind--hidden=\"!state.hasPdfPreview\" hidden class=\"wp-block-file__embed\" data=\"https:\/\/chiguayante.cl\/Chgte\/wp-content\/uploads\/2026\/02\/Plan-de-Accion-Comunal-de-Cambio-Climatico-para-Chiguayante.pdf\" type=\"application\/pdf\" style=\"width:100%;height:600px\" aria-label=\"Incrustado de Plan de Acci\u00f3n Comunal de Cambio Clim\u00e1tico para Chiguayante.\"><\/object><a id=\"wp-block-file--media-de56630b-b52d-49b2-b59c-1c69b74f9498\" href=\"https:\/\/chiguayante.cl\/Chgte\/wp-content\/uploads\/2026\/02\/Plan-de-Accion-Comunal-de-Cambio-Climatico-para-Chiguayante.pdf\">Plan de Acci\u00f3n Comunal de Cambio Clim\u00e1tico para Chiguayante<\/a><a href=\"https:\/\/chiguayante.cl\/Chgte\/wp-content\/uploads\/2026\/02\/Plan-de-Accion-Comunal-de-Cambio-Climatico-para-Chiguayante.pdf\" class=\"wp-block-file__button wp-element-button\" download aria-describedby=\"wp-block-file--media-de56630b-b52d-49b2-b59c-1c69b74f9498\">Descargar<\/a><\/div>\n\n\n\n<div data-wp-interactive=\"core\/file\" class=\"wp-block-file\"><object data-wp-bind--hidden=\"!state.hasPdfPreview\" hidden class=\"wp-block-file__embed\" data=\"https:\/\/chiguayante.cl\/Chgte\/wp-content\/uploads\/2026\/02\/Politica-Ambiental-Chiguayante-1.pdf\" type=\"application\/pdf\" style=\"width:100%;height:600px\" aria-label=\"Incrustado de Politica Ambiental Chiguayante (1).\"><\/object><a id=\"wp-block-file--media-09d18e17-4394-401b-9fdc-4737fe4f5e6e\" href=\"https:\/\/chiguayante.cl\/Chgte\/wp-content\/uploads\/2026\/02\/Politica-Ambiental-Chiguayante-1.pdf\">Politica Ambiental Chiguayante (1)<\/a><a href=\"https:\/\/chiguayante.cl\/Chgte\/wp-content\/uploads\/2026\/02\/Politica-Ambiental-Chiguayante-1.pdf\" class=\"wp-block-file__button wp-element-button\" download aria-describedby=\"wp-block-file--media-09d18e17-4394-401b-9fdc-4737fe4f5e6e\">Descargar<\/a><\/div>\n\n\n\n<div data-wp-interactive=\"core\/file\" class=\"wp-block-file\"><object data-wp-bind--hidden=\"!state.hasPdfPreview\" hidden class=\"wp-block-file__embed\" data=\"https:\/\/chiguayante.cl\/Chgte\/wp-content\/uploads\/2026\/02\/Ordenanza-de-tenencia-responsable-de-animales-de-compania-comuna-de-chiguayante.pdf\" type=\"application\/pdf\" style=\"width:100%;height:600px\" aria-label=\"Incrustado de Ordenanza de tenencia responsable de animales de compa\u00f1\u00eda comuna de chiguayante.\"><\/object><a id=\"wp-block-file--media-224102ee-d8c7-45cc-9c18-60dcfc046e48\" href=\"https:\/\/chiguayante.cl\/Chgte\/wp-content\/uploads\/2026\/02\/Ordenanza-de-tenencia-responsable-de-animales-de-compania-comuna-de-chiguayante.pdf\">Ordenanza de tenencia responsable de animales de compa\u00f1\u00eda comuna de chiguayante<\/a><a href=\"https:\/\/chiguayante.cl\/Chgte\/wp-content\/uploads\/2026\/02\/Ordenanza-de-tenencia-responsable-de-animales-de-compania-comuna-de-chiguayante.pdf\" class=\"wp-block-file__button wp-element-button\" download aria-describedby=\"wp-block-file--media-224102ee-d8c7-45cc-9c18-60dcfc046e48\">Descargar<\/a><\/div>\n\n\n\n<div data-wp-interactive=\"core\/file\" class=\"wp-block-file\"><object data-wp-bind--hidden=\"!state.hasPdfPreview\" hidden class=\"wp-block-file__embed\" data=\"https:\/\/chiguayante.cl\/Chgte\/wp-content\/uploads\/2026\/02\/Ordenanza-Ambiental.pdf\" type=\"application\/pdf\" style=\"width:100%;height:600px\" aria-label=\"Incrustado de Ordenanza Ambiental.\"><\/object><a id=\"wp-block-file--media-fda66a42-baa6-43b4-b58d-7899909fa1c3\" href=\"https:\/\/chiguayante.cl\/Chgte\/wp-content\/uploads\/2026\/02\/Ordenanza-Ambiental.pdf\">Ordenanza Ambiental<\/a><a href=\"https:\/\/chiguayante.cl\/Chgte\/wp-content\/uploads\/2026\/02\/Ordenanza-Ambiental.pdf\" class=\"wp-block-file__button wp-element-button\" download aria-describedby=\"wp-block-file--media-fda66a42-baa6-43b4-b58d-7899909fa1c3\">Descargar<\/a><\/div>\n\n\n\n<div data-wp-interactive=\"core\/file\" class=\"wp-block-file\"><object data-wp-bind--hidden=\"!state.hasPdfPreview\" hidden class=\"wp-block-file__embed\" data=\"https:\/\/chiguayante.cl\/Chgte\/wp-content\/uploads\/2026\/02\/Informe-final-lineas-tematicas-de-Vocacion-Ambiental.pdf\" type=\"application\/pdf\" style=\"width:100%;height:600px\" aria-label=\"Incrustado de Informe final l\u00edneas t\u00e9maticas de Vocaci\u00f3n Ambiental.\"><\/object><a id=\"wp-block-file--media-f41f1afe-3369-4eec-b04f-f60358ec02f9\" href=\"https:\/\/chiguayante.cl\/Chgte\/wp-content\/uploads\/2026\/02\/Informe-final-lineas-tematicas-de-Vocacion-Ambiental.pdf\">Informe final l\u00edneas t\u00e9maticas de Vocaci\u00f3n Ambiental<\/a><a href=\"https:\/\/chiguayante.cl\/Chgte\/wp-content\/uploads\/2026\/02\/Informe-final-lineas-tematicas-de-Vocacion-Ambiental.pdf\" class=\"wp-block-file__button wp-element-button\" download aria-describedby=\"wp-block-file--media-f41f1afe-3369-4eec-b04f-f60358ec02f9\">Descargar<\/a><\/div>\n\n\n\n<div data-wp-interactive=\"core\/file\" class=\"wp-block-file\"><object data-wp-bind--hidden=\"!state.hasPdfPreview\" hidden class=\"wp-block-file__embed\" data=\"https:\/\/chiguayante.cl\/Chgte\/wp-content\/uploads\/2026\/02\/Informe-de-contenido-ambiental-en-instrumentos-de-planificacion.pdf\" type=\"application\/pdf\" style=\"width:100%;height:600px\" aria-label=\"Incrustado de Informe de contenido ambiental en instrumentos de planificaci\u00f3n.\"><\/object><a id=\"wp-block-file--media-6d751a85-91db-4d95-975e-9d63d4d1ac3a\" href=\"https:\/\/chiguayante.cl\/Chgte\/wp-content\/uploads\/2026\/02\/Informe-de-contenido-ambiental-en-instrumentos-de-planificacion.pdf\">Informe de contenido ambiental en instrumentos de planificaci\u00f3n<\/a><a href=\"https:\/\/chiguayante.cl\/Chgte\/wp-content\/uploads\/2026\/02\/Informe-de-contenido-ambiental-en-instrumentos-de-planificacion.pdf\" class=\"wp-block-file__button wp-element-button\" download aria-describedby=\"wp-block-file--media-6d751a85-91db-4d95-975e-9d63d4d1ac3a\">Descargar<\/a><\/div>\n","protected":false},"excerpt":{"rendered":"<p>En el marco del proceso de implementaci\u00f3n del Sistema de Certificaci\u00f3n Ambiental Municipal (SCAM), la Municipalidad de Chiguayante pone a disposici\u00f3n de la comunidad los principales instrumentos de gesti\u00f3n ambiental comunal vigentes. Estos documentos forman parte del expediente requerido para dar cumplimiento al cronograma establecido en la etapa de Implementaci\u00f3n del nivel de Certificaci\u00f3n de&#8230;<\/p>\n","protected":false},"author":1,"featured_media":0,"parent":0,"menu_order":0,"comment_status":"closed","ping_status":"closed","template":"","meta":{"footnotes":"","_links_to":"","_links_to_target":""},"class_list":["post-768","page","type-page","status-publish","hentry"],"_links":{"self":[{"href":"https:\/\/chiguayante.cl\/Chgte\/index.php?rest_route=\/wp\/v2\/pages\/768","targetHints":{"allow":["GET"]}}],"collection":[{"href":"https:\/\/chiguayante.cl\/Chgte\/index.php?rest_route=\/wp\/v2\/pages"}],"about":[{"href":"https:\/\/chiguayante.cl\/Chgte\/index.php?rest_route=\/wp\/v2\/types\/page"}],"author":[{"embeddable":true,"href":"https:\/\/chiguayante.cl\/Chgte\/index.php?rest_route=\/wp\/v2\/users\/1"}],"replies":[{"embeddable":true,"href":"https:\/\/chiguayante.cl\/Chgte\/index.php?rest_route=%2Fwp%2Fv2%2Fcomments&post=768"}],"version-history":[{"count":2,"href":"https:\/\/chiguayante.cl\/Chgte\/index.php?rest_route=\/wp\/v2\/pages\/768\/revisions"}],"predecessor-version":[{"id":780,"href":"https:\/\/chiguayante.cl\/Chgte\/index.php?rest_route=\/wp\/v2\/pages\/768\/revisions\/780"}],"wp:attachment":[{"href":"https:\/\/chiguayante.cl\/Chgte\/index.php?rest_route=%2Fwp%2Fv2%2Fmedia&parent=768"}],"curies":[{"name":"wp","href":"https:\/\/api.w.org\/{rel}","templated":true}]}}