{"id":582,"date":"2025-12-02T15:44:35","date_gmt":"2025-12-02T18:44:35","guid":{"rendered":"https:\/\/chiguayante.cl\/Chgte\/?page_id=582"},"modified":"2025-12-02T15:44:36","modified_gmt":"2025-12-02T18:44:36","slug":"direccion-de-control","status":"publish","type":"page","link":"https:\/\/chiguayante.cl\/Chgte\/?page_id=582","title":{"rendered":"Direcci\u00f3n de Control"},"content":{"rendered":"\n<p><strong>Director:<\/strong>&nbsp;Miguel Guerrero Maldonado<\/p>\n\n\n\n<p><strong>Fono<\/strong>: 41 250 81 49<\/p>\n\n\n\n<p><strong>Celular:<\/strong>&nbsp;+56 9 85962777<\/p>\n\n\n\n<p><strong>E-mail:<\/strong>&nbsp;<a href=\"mailto:miguel.guerrero@munichiguayante.cl\">miguel.guerrero@munichiguayante.cl<\/a><\/p>\n\n\n\n<p><strong>Direcci\u00f3n<\/strong>: Orozimbo Barbosa 104, Parque Los Casta\u00f1os<\/p>\n\n\n\n<p><strong>Funciones b\u00e1sicas:<\/strong><\/p>\n\n\n\n<p>a) Realizar la auditor\u00eda operativa interna de la municipalidad, con el objeto de fiscalizar la legalidad de su actuaci\u00f3n.<\/p>\n\n\n\n<p>b) Controlar la ejecuci\u00f3n financiera y del presupuesto de la Municipalidad.<\/p>\n\n\n\n<p>c) Representar al Alcalde aquellos actos municipales que estime ilegales, informando de ello al Concejo, para cuyo objeto tendr\u00e1 acceso a toda la informaci\u00f3n disponible.<\/p>\n\n\n\n<p>d) Colaborar directamente con el Concejo en el ejercicio de sus funciones fiscalizadoras. &nbsp;Para estos efectos, emitir\u00e1 un informe trimestral acerca del estado de avance del ejercicio program\u00e1tico presupuestario; asimismo, deber\u00e1 informar; tambi\u00e9n trimestralmente, sobre el estado de cumplimiento de los pagos por concepto de cotizaciones previsionales de los funcionarios municipales y de los trabajadores que se desempe\u00f1an en los Servicios Incorporados a la gesti\u00f3n municipal, administrados directamente por la Municipalidad y de los aportes de la municipalidad debe efectuar al Fondo Com\u00fan Municipal.<\/p>\n\n\n\n<p>e) Asesorar al Concejo en la definici\u00f3n y evaluaci\u00f3n de la auditor\u00eda externa que aquel pueda requerir en virtud de la ley vigente.<\/p>\n\n\n\n<p>f) Proponer modificaciones de procedimientos y procesos que permitan optimizar la gesti\u00f3n interna municipal.<\/p>\n\n\n\n<p>g) Controlar la legalidad de las subvenciones otorgadas por el Concejo Municipal.<\/p>\n\n\n\n<p>h) Otras funciones que el Alcalde le asigne, de conformidad con la legislaci\u00f3n vigente y que no sean aquellas que la Ley asigna a otras unidades<\/p>\n","protected":false},"excerpt":{"rendered":"<p>Director:&nbsp;Miguel Guerrero Maldonado Fono: 41 250 81 49 Celular:&nbsp;+56 9 85962777 E-mail:&nbsp;miguel.guerrero@munichiguayante.cl Direcci\u00f3n: Orozimbo Barbosa 104, Parque Los Casta\u00f1os Funciones b\u00e1sicas: a) Realizar la auditor\u00eda operativa interna de la municipalidad, con el objeto de fiscalizar la legalidad de su actuaci\u00f3n. b) Controlar la ejecuci\u00f3n financiera y del presupuesto de la Municipalidad. c) Representar al Alcalde&#8230;<\/p>\n","protected":false},"author":1,"featured_media":0,"parent":0,"menu_order":0,"comment_status":"closed","ping_status":"closed","template":"","meta":{"footnotes":"","_links_to":"","_links_to_target":""},"class_list":["post-582","page","type-page","status-publish","hentry"],"_links":{"self":[{"href":"https:\/\/chiguayante.cl\/Chgte\/index.php?rest_route=\/wp\/v2\/pages\/582","targetHints":{"allow":["GET"]}}],"collection":[{"href":"https:\/\/chiguayante.cl\/Chgte\/index.php?rest_route=\/wp\/v2\/pages"}],"about":[{"href":"https:\/\/chiguayante.cl\/Chgte\/index.php?rest_route=\/wp\/v2\/types\/page"}],"author":[{"embeddable":true,"href":"https:\/\/chiguayante.cl\/Chgte\/index.php?rest_route=\/wp\/v2\/users\/1"}],"replies":[{"embeddable":true,"href":"https:\/\/chiguayante.cl\/Chgte\/index.php?rest_route=%2Fwp%2Fv2%2Fcomments&post=582"}],"version-history":[{"count":1,"href":"https:\/\/chiguayante.cl\/Chgte\/index.php?rest_route=\/wp\/v2\/pages\/582\/revisions"}],"predecessor-version":[{"id":583,"href":"https:\/\/chiguayante.cl\/Chgte\/index.php?rest_route=\/wp\/v2\/pages\/582\/revisions\/583"}],"wp:attachment":[{"href":"https:\/\/chiguayante.cl\/Chgte\/index.php?rest_route=%2Fwp%2Fv2%2Fmedia&parent=582"}],"curies":[{"name":"wp","href":"https:\/\/api.w.org\/{rel}","templated":true}]}}