{"id":45,"date":"2025-10-23T02:37:31","date_gmt":"2025-10-23T05:37:31","guid":{"rendered":"https:\/\/chiguayante.cl\/Chgte\/?page_id=45"},"modified":"2025-11-13T16:49:43","modified_gmt":"2025-11-13T19:49:43","slug":"direccion-de-obras-dao","status":"publish","type":"page","link":"https:\/\/chiguayante.cl\/Chgte\/?page_id=45","title":{"rendered":"Direcci\u00f3n de Obras (DOM)"},"content":{"rendered":"\n<p>Director: Marco Mu\u00f1oz Castro<br>Fono: 41 250 81 40<br>Celular: +56 9 931 80 864<br>E-mail: marco.munoz@munichiguayante.cl<br>Direcci\u00f3n: Orozimbo Barbosa 104, Parque Los Casta\u00f1os<\/p>\n\n\n\n<p>Funciones b\u00e1sicas:<\/p>\n\n\n\n<p>a) Velar por el cumplimiento de las disposiciones de la Ley General de Urbanismo y Construcci\u00f3n, del Plan Regulador Comunal y de las Ordenanzas correspondientes, para cuyo efecto gozar\u00e1 de las siguientes atribuciones:<br>Dar aprobaci\u00f3n a las subdivisiones de predios urbanos y urbanos rurales.<br>Dar aprobaci\u00f3n a los proyectos de obras de urbanizaci\u00f3n y de construcciones en general, que se efect\u00faen en las \u00e1reas urbanas o urbanas rurales. Ellas<br>incluyen tanto las obras nuevas como las ampliaciones, transformaciones y otras que determinen las leyes y reglamentos.<br>Otorgar los permisos de edificaci\u00f3n de las obras se\u00f1aladas.<br>Fiscalizar la ejecuci\u00f3n de dichas obras el momento de su recepci\u00f3n.<br>Recibir de las obras ya citadas y autorizar su uso.<br>b) Realizar tareas de inspecci\u00f3n a las obras en uso, a fin de verificar el cumplimiento de las disposiciones legales y t\u00e9cnicas que las rijan.<br>c) Aplicar normas ambientales relacionadas con obras de construcci\u00f3n y urbanizaci\u00f3n.<br>d) Confeccionar y mantener actualizado el catastro de las obras de urbanizaci\u00f3n y edificaci\u00f3n realizados en la comuna.<br>e) Proponer y ejecutar medidas relacionadas con la vialidad urbana y rural.<br>f) Asesorar la construcci\u00f3n de viviendas sociales e infraestructura sanitaria y la prevenci\u00f3n de riesgos.<br>g) Aplicar las normas generales sobre construcciones y urbanizaci\u00f3n en la comuna, espec\u00edficamente las establecidas en la Ley General de Urbanismo y Construcciones (D.F.L. 458\/MINVU-1977), la Ordenanza General de dicha Ley (D.S. 47\/MINVU-1992), y el Plan Regulador Comunal de Chiguayante vigente, en especial, las siguientes detalladas en la Ley 18.695.<br>Dirigir las construcciones municipales que ejecute directamente el Municipio y supervigilar estas construcciones cuando se contraten con terceros (D.F.L.458\/Art. 9\u00bab)<br>h) Otras funciones que le asigne el Alcalde, de conformidad con la legislaci\u00f3n vigente y que no sea de aquellas que la Ley asigne a otras unidades.<br>i) Integrar al comit\u00e9 del \u00c1rea de Desarrollo Territorial, conjuntamente con el Director de Aseo y Ornato, el Director de Tr\u00e1nsito y Transporte P\u00fablico, el Administrador Municipal y los funcionarios que asigne este \u00faltimo.<br>j) Orientar el quehacer de la Direcci\u00f3n de funci\u00f3n del Plan de Desarrollo Comunal, la Misi\u00f3n Municipal y la Planificaci\u00f3n Estrat\u00e9gica.<br>k) Integrar el Comit\u00e9 de Emergencia<\/p>\n","protected":false},"excerpt":{"rendered":"<p>Director: Marco Mu\u00f1oz CastroFono: 41 250 81 40Celular: +56 9 931 80 864E-mail: marco.munoz@munichiguayante.clDirecci\u00f3n: Orozimbo Barbosa 104, Parque Los Casta\u00f1os Funciones b\u00e1sicas: a) Velar por el cumplimiento de las disposiciones de la Ley General de Urbanismo y Construcci\u00f3n, del Plan Regulador Comunal y de las Ordenanzas correspondientes, para cuyo efecto gozar\u00e1 de las siguientes atribuciones:Dar&#8230;<\/p>\n","protected":false},"author":1,"featured_media":0,"parent":0,"menu_order":0,"comment_status":"closed","ping_status":"closed","template":"","meta":{"footnotes":"","_links_to":"","_links_to_target":""},"class_list":["post-45","page","type-page","status-publish","hentry"],"_links":{"self":[{"href":"https:\/\/chiguayante.cl\/Chgte\/index.php?rest_route=\/wp\/v2\/pages\/45","targetHints":{"allow":["GET"]}}],"collection":[{"href":"https:\/\/chiguayante.cl\/Chgte\/index.php?rest_route=\/wp\/v2\/pages"}],"about":[{"href":"https:\/\/chiguayante.cl\/Chgte\/index.php?rest_route=\/wp\/v2\/types\/page"}],"author":[{"embeddable":true,"href":"https:\/\/chiguayante.cl\/Chgte\/index.php?rest_route=\/wp\/v2\/users\/1"}],"replies":[{"embeddable":true,"href":"https:\/\/chiguayante.cl\/Chgte\/index.php?rest_route=%2Fwp%2Fv2%2Fcomments&post=45"}],"version-history":[{"count":3,"href":"https:\/\/chiguayante.cl\/Chgte\/index.php?rest_route=\/wp\/v2\/pages\/45\/revisions"}],"predecessor-version":[{"id":495,"href":"https:\/\/chiguayante.cl\/Chgte\/index.php?rest_route=\/wp\/v2\/pages\/45\/revisions\/495"}],"wp:attachment":[{"href":"https:\/\/chiguayante.cl\/Chgte\/index.php?rest_route=%2Fwp%2Fv2%2Fmedia&parent=45"}],"curies":[{"name":"wp","href":"https:\/\/api.w.org\/{rel}","templated":true}]}}