{"id":409,"date":"2025-11-04T11:58:53","date_gmt":"2025-11-04T14:58:53","guid":{"rendered":"https:\/\/chiguayante.cl\/Chgte\/?page_id=409"},"modified":"2025-11-04T11:58:53","modified_gmt":"2025-11-04T14:58:53","slug":"oficina-de-asesoria-urbana","status":"publish","type":"page","link":"https:\/\/chiguayante.cl\/Chgte\/?page_id=409","title":{"rendered":"Oficina de Asesor\u00eda Urbana"},"content":{"rendered":"\n<p><strong>Encargado:<\/strong>&nbsp;<strong>Hector Rodriguez Ortega<\/strong><\/p>\n\n\n\n<p><strong>Fono:<\/strong>&nbsp;41- 2508114<\/p>\n\n\n\n<p><strong>E-mail:&nbsp;<\/strong><a href=\"mailto:hrodriguez@chiguayante.cl\">hector.rodriguez@munichiguayante.cl<\/a><\/p>\n\n\n\n<p><strong>Direcci\u00f3n:<\/strong>&nbsp;Orozimbo Barbosa N\u00b0 104.<\/p>\n\n\n\n<p><strong>Funciones b\u00e1sicas:&nbsp;<\/strong><\/p>\n\n\n\n<p><strong>a)<\/strong>&nbsp; &nbsp;Asesorar al alcalde y al concejo en la promoci\u00f3n del desarrollo urbano;<\/p>\n\n\n\n<p><strong>b)<\/strong>&nbsp;Estudiar y elaborar el plan regulador comunal, y mantenerlo actualizado, promoviendo las modificaciones que sean necesarias y preparar planes seccionales para su aplicaci\u00f3n.<\/p>\n\n\n\n<p><strong>c)<\/strong>&nbsp;Informar t\u00e9cnicamente las proposiciones sobre planificaci\u00f3n urbana intercomunal, formuladas al municipio por la Secretar\u00eda Regional Ministerial de Vivienda y Urbanismo.\u201d<\/p>\n","protected":false},"excerpt":{"rendered":"<p>Encargado:&nbsp;Hector Rodriguez Ortega Fono:&nbsp;41- 2508114 E-mail:&nbsp;hector.rodriguez@munichiguayante.cl Direcci\u00f3n:&nbsp;Orozimbo Barbosa N\u00b0 104. Funciones b\u00e1sicas:&nbsp; a)&nbsp; &nbsp;Asesorar al alcalde y al concejo en la promoci\u00f3n del desarrollo urbano; b)&nbsp;Estudiar y elaborar el plan regulador comunal, y mantenerlo actualizado, promoviendo las modificaciones que sean necesarias y preparar planes seccionales para su aplicaci\u00f3n. c)&nbsp;Informar t\u00e9cnicamente las proposiciones sobre planificaci\u00f3n urbana&#8230;<\/p>\n","protected":false},"author":1,"featured_media":0,"parent":0,"menu_order":0,"comment_status":"closed","ping_status":"closed","template":"","meta":{"footnotes":"","_links_to":"","_links_to_target":""},"class_list":["post-409","page","type-page","status-publish","hentry"],"_links":{"self":[{"href":"https:\/\/chiguayante.cl\/Chgte\/index.php?rest_route=\/wp\/v2\/pages\/409","targetHints":{"allow":["GET"]}}],"collection":[{"href":"https:\/\/chiguayante.cl\/Chgte\/index.php?rest_route=\/wp\/v2\/pages"}],"about":[{"href":"https:\/\/chiguayante.cl\/Chgte\/index.php?rest_route=\/wp\/v2\/types\/page"}],"author":[{"embeddable":true,"href":"https:\/\/chiguayante.cl\/Chgte\/index.php?rest_route=\/wp\/v2\/users\/1"}],"replies":[{"embeddable":true,"href":"https:\/\/chiguayante.cl\/Chgte\/index.php?rest_route=%2Fwp%2Fv2%2Fcomments&post=409"}],"version-history":[{"count":1,"href":"https:\/\/chiguayante.cl\/Chgte\/index.php?rest_route=\/wp\/v2\/pages\/409\/revisions"}],"predecessor-version":[{"id":410,"href":"https:\/\/chiguayante.cl\/Chgte\/index.php?rest_route=\/wp\/v2\/pages\/409\/revisions\/410"}],"wp:attachment":[{"href":"https:\/\/chiguayante.cl\/Chgte\/index.php?rest_route=%2Fwp%2Fv2%2Fmedia&parent=409"}],"curies":[{"name":"wp","href":"https:\/\/api.w.org\/{rel}","templated":true}]}}