{"id":407,"date":"2025-11-04T11:58:26","date_gmt":"2025-11-04T14:58:26","guid":{"rendered":"https:\/\/chiguayante.cl\/Chgte\/?page_id=407"},"modified":"2025-11-04T11:58:27","modified_gmt":"2025-11-04T14:58:27","slug":"organizaciones-comunitarias","status":"publish","type":"page","link":"https:\/\/chiguayante.cl\/Chgte\/?page_id=407","title":{"rendered":"Organizaciones Comunitarias"},"content":{"rendered":"\n<p><strong>Encargada:<\/strong>&nbsp;Katherine Luna<\/p>\n\n\n\n<p><strong>Fono:<\/strong>&nbsp;2 3281 7168<\/p>\n\n\n\n<p><strong>E-mail:<\/strong>&nbsp;katherine.luna@munichiguayante.cl&nbsp;<\/p>\n\n\n\n<p><strong>Direcci\u00f3n:<\/strong>&nbsp;Ohiggins 2406, 2do piso<\/p>\n\n\n\n<p>( a un costado del Supermercado Mei)<\/p>\n\n\n\n<p><strong>Funciones b\u00e1sicas:&nbsp;<\/strong>Orientar, integrar, informar y dise\u00f1ar pol\u00edticas a nivel local que permitan generar instancias que promuevan la participaci\u00f3n ciudadana y la organizaci\u00f3n social en la comuna, facilitando la gesti\u00f3n de las organizaciones sociales a trav\u00e9s de diferentes iniciativas y actividades territoriales que promuevan su desarrollo.<\/p>\n","protected":false},"excerpt":{"rendered":"<p>Encargada:&nbsp;Katherine Luna Fono:&nbsp;2 3281 7168 E-mail:&nbsp;katherine.luna@munichiguayante.cl&nbsp; Direcci\u00f3n:&nbsp;Ohiggins 2406, 2do piso ( a un costado del Supermercado Mei) Funciones b\u00e1sicas:&nbsp;Orientar, integrar, informar y dise\u00f1ar pol\u00edticas a nivel local que permitan generar instancias que promuevan la participaci\u00f3n ciudadana y la organizaci\u00f3n social en la comuna, facilitando la gesti\u00f3n de las organizaciones sociales a trav\u00e9s de diferentes iniciativas&#8230;<\/p>\n","protected":false},"author":1,"featured_media":0,"parent":0,"menu_order":0,"comment_status":"closed","ping_status":"closed","template":"","meta":{"footnotes":"","_links_to":"","_links_to_target":""},"class_list":["post-407","page","type-page","status-publish","hentry"],"_links":{"self":[{"href":"https:\/\/chiguayante.cl\/Chgte\/index.php?rest_route=\/wp\/v2\/pages\/407","targetHints":{"allow":["GET"]}}],"collection":[{"href":"https:\/\/chiguayante.cl\/Chgte\/index.php?rest_route=\/wp\/v2\/pages"}],"about":[{"href":"https:\/\/chiguayante.cl\/Chgte\/index.php?rest_route=\/wp\/v2\/types\/page"}],"author":[{"embeddable":true,"href":"https:\/\/chiguayante.cl\/Chgte\/index.php?rest_route=\/wp\/v2\/users\/1"}],"replies":[{"embeddable":true,"href":"https:\/\/chiguayante.cl\/Chgte\/index.php?rest_route=%2Fwp%2Fv2%2Fcomments&post=407"}],"version-history":[{"count":1,"href":"https:\/\/chiguayante.cl\/Chgte\/index.php?rest_route=\/wp\/v2\/pages\/407\/revisions"}],"predecessor-version":[{"id":408,"href":"https:\/\/chiguayante.cl\/Chgte\/index.php?rest_route=\/wp\/v2\/pages\/407\/revisions\/408"}],"wp:attachment":[{"href":"https:\/\/chiguayante.cl\/Chgte\/index.php?rest_route=%2Fwp%2Fv2%2Fmedia&parent=407"}],"curies":[{"name":"wp","href":"https:\/\/api.w.org\/{rel}","templated":true}]}}