{"id":403,"date":"2025-11-04T11:57:35","date_gmt":"2025-11-04T14:57:35","guid":{"rendered":"https:\/\/chiguayante.cl\/Chgte\/?page_id=403"},"modified":"2026-05-11T18:00:28","modified_gmt":"2026-05-11T21:00:28","slug":"oficina-de-la-mujer","status":"publish","type":"page","link":"https:\/\/chiguayante.cl\/Chgte\/?page_id=403","title":{"rendered":"Oficina de la Mujer"},"content":{"rendered":"\n<p><strong>Encargada :<\/strong>&nbsp;B\u00e1rbara Pacheco Mundaca<\/p>\n\n\n\n<p><strong>Fono:<\/strong>\u00a0442850864<\/p>\n\n\n\n<p><strong>E-mail:&nbsp;<\/strong><a href=\"mailto:omm@chiguayante.cl\">barbara.pacheco@munichiguayante.cl<\/a><\/p>\n\n\n\n<p><strong>Direcci\u00f3n:\u00a0<\/strong>Fernando Urra 256, Chiguayante<br><\/p>\n\n\n\n<p><strong>Funciones b\u00e1sicas:&nbsp;<\/strong>Impulsar y promover la participaci\u00f3n social y ciudadana de las mujeres de la comuna de Chiguayante, a trav\u00e9s de pol\u00edticas locales y acciones estrat\u00e9gicas que faciliten el desarrollo end\u00f3geno, con una mirada que apunte a la equidad de g\u00e9nero y el fortalecimiento de los derechos de las mujeres a nivel local.<\/p>\n","protected":false},"excerpt":{"rendered":"<p>Encargada :&nbsp;B\u00e1rbara Pacheco Mundaca Fono:\u00a0442850864 E-mail:&nbsp;barbara.pacheco@munichiguayante.cl Direcci\u00f3n:\u00a0Fernando Urra 256, Chiguayante Funciones b\u00e1sicas:&nbsp;Impulsar y promover la participaci\u00f3n social y ciudadana de las mujeres de la comuna de Chiguayante, a trav\u00e9s de pol\u00edticas locales y acciones estrat\u00e9gicas que faciliten el desarrollo end\u00f3geno, con una mirada que apunte a la equidad de g\u00e9nero y el fortalecimiento de los&#8230;<\/p>\n","protected":false},"author":1,"featured_media":0,"parent":0,"menu_order":0,"comment_status":"closed","ping_status":"closed","template":"","meta":{"footnotes":"","_links_to":"","_links_to_target":""},"class_list":["post-403","page","type-page","status-publish","hentry"],"_links":{"self":[{"href":"https:\/\/chiguayante.cl\/Chgte\/index.php?rest_route=\/wp\/v2\/pages\/403","targetHints":{"allow":["GET"]}}],"collection":[{"href":"https:\/\/chiguayante.cl\/Chgte\/index.php?rest_route=\/wp\/v2\/pages"}],"about":[{"href":"https:\/\/chiguayante.cl\/Chgte\/index.php?rest_route=\/wp\/v2\/types\/page"}],"author":[{"embeddable":true,"href":"https:\/\/chiguayante.cl\/Chgte\/index.php?rest_route=\/wp\/v2\/users\/1"}],"replies":[{"embeddable":true,"href":"https:\/\/chiguayante.cl\/Chgte\/index.php?rest_route=%2Fwp%2Fv2%2Fcomments&post=403"}],"version-history":[{"count":2,"href":"https:\/\/chiguayante.cl\/Chgte\/index.php?rest_route=\/wp\/v2\/pages\/403\/revisions"}],"predecessor-version":[{"id":1094,"href":"https:\/\/chiguayante.cl\/Chgte\/index.php?rest_route=\/wp\/v2\/pages\/403\/revisions\/1094"}],"wp:attachment":[{"href":"https:\/\/chiguayante.cl\/Chgte\/index.php?rest_route=%2Fwp%2Fv2%2Fmedia&parent=403"}],"curies":[{"name":"wp","href":"https:\/\/api.w.org\/{rel}","templated":true}]}}