{"id":401,"date":"2025-11-04T11:57:08","date_gmt":"2025-11-04T14:57:08","guid":{"rendered":"https:\/\/chiguayante.cl\/Chgte\/?page_id=401"},"modified":"2025-11-04T11:57:09","modified_gmt":"2025-11-04T14:57:09","slug":"oficina-de-asuntos-religiosos","status":"publish","type":"page","link":"https:\/\/chiguayante.cl\/Chgte\/?page_id=401","title":{"rendered":"Oficina de Asuntos Religiosos"},"content":{"rendered":"\n<p><strong>Encargado:<\/strong>&nbsp;Gino Reyes<\/p>\n\n\n\n<p><strong>Fono:<\/strong>&nbsp;2 3281 7168<\/p>\n\n\n\n<p><strong>Direcci\u00f3n:<\/strong>&nbsp;O\u2019Higgins 2406<br><br><strong>Correo electr\u00f3nico<\/strong>:&nbsp;<a href=\"mailto:gino.reyes@munichiguayante.cl\">gino.reyes@munichiguayante.cl<\/a>&nbsp;<\/p>\n\n\n\n<p><strong>Funciones b\u00e1sicas:&nbsp;<\/strong>Apoyar en la gesti\u00f3n de las diversas organizaciones religiosas para favorecer su integraci\u00f3n en el desarrollo comunal.<\/p>\n","protected":false},"excerpt":{"rendered":"<p>Encargado:&nbsp;Gino Reyes Fono:&nbsp;2 3281 7168 Direcci\u00f3n:&nbsp;O\u2019Higgins 2406 Correo electr\u00f3nico:&nbsp;gino.reyes@munichiguayante.cl&nbsp; Funciones b\u00e1sicas:&nbsp;Apoyar en la gesti\u00f3n de las diversas organizaciones religiosas para favorecer su integraci\u00f3n en el desarrollo comunal.<\/p>\n","protected":false},"author":1,"featured_media":0,"parent":0,"menu_order":0,"comment_status":"closed","ping_status":"closed","template":"","meta":{"footnotes":"","_links_to":"","_links_to_target":""},"class_list":["post-401","page","type-page","status-publish","hentry"],"_links":{"self":[{"href":"https:\/\/chiguayante.cl\/Chgte\/index.php?rest_route=\/wp\/v2\/pages\/401","targetHints":{"allow":["GET"]}}],"collection":[{"href":"https:\/\/chiguayante.cl\/Chgte\/index.php?rest_route=\/wp\/v2\/pages"}],"about":[{"href":"https:\/\/chiguayante.cl\/Chgte\/index.php?rest_route=\/wp\/v2\/types\/page"}],"author":[{"embeddable":true,"href":"https:\/\/chiguayante.cl\/Chgte\/index.php?rest_route=\/wp\/v2\/users\/1"}],"replies":[{"embeddable":true,"href":"https:\/\/chiguayante.cl\/Chgte\/index.php?rest_route=%2Fwp%2Fv2%2Fcomments&post=401"}],"version-history":[{"count":1,"href":"https:\/\/chiguayante.cl\/Chgte\/index.php?rest_route=\/wp\/v2\/pages\/401\/revisions"}],"predecessor-version":[{"id":402,"href":"https:\/\/chiguayante.cl\/Chgte\/index.php?rest_route=\/wp\/v2\/pages\/401\/revisions\/402"}],"wp:attachment":[{"href":"https:\/\/chiguayante.cl\/Chgte\/index.php?rest_route=%2Fwp%2Fv2%2Fmedia&parent=401"}],"curies":[{"name":"wp","href":"https:\/\/api.w.org\/{rel}","templated":true}]}}