{"id":399,"date":"2025-11-04T11:56:38","date_gmt":"2025-11-04T14:56:38","guid":{"rendered":"https:\/\/chiguayante.cl\/Chgte\/?page_id=399"},"modified":"2025-11-04T11:56:38","modified_gmt":"2025-11-04T14:56:38","slug":"oficina-de-jovenes","status":"publish","type":"page","link":"https:\/\/chiguayante.cl\/Chgte\/?page_id=399","title":{"rendered":"Oficina de J\u00f3venes"},"content":{"rendered":"\n<p><strong>Encargados:&nbsp;<\/strong><strong>Carlos Casanova<\/strong><\/p>\n\n\n\n<p><strong>Fonos:<\/strong>&nbsp;2 3281 7168<\/p>\n\n\n\n<p><strong>E-mail:&nbsp;<\/strong><strong><a href=\"mailto:carlos.casanova@munichiguayante.cl\">carlos.casanova@munichiguayante.cl<\/a>&nbsp;<\/strong><\/p>\n\n\n\n<p><strong>Direcci\u00f3n:<\/strong>&nbsp;O&#8217;Higgins 2401<\/p>\n\n\n\n<p><strong>Funciones b\u00e1sicas:&nbsp;<\/strong>Impulsar pol\u00edticas y acciones estrat\u00e9gicas para promover la participaci\u00f3n juvenil y sus organizaciones en diferentes espacios a nivel comunal.<\/p>\n","protected":false},"excerpt":{"rendered":"<p>Encargados:&nbsp;Carlos Casanova Fonos:&nbsp;2 3281 7168 E-mail:&nbsp;carlos.casanova@munichiguayante.cl&nbsp; Direcci\u00f3n:&nbsp;O&#8217;Higgins 2401 Funciones b\u00e1sicas:&nbsp;Impulsar pol\u00edticas y acciones estrat\u00e9gicas para promover la participaci\u00f3n juvenil y sus organizaciones en diferentes espacios a nivel comunal.<\/p>\n","protected":false},"author":1,"featured_media":0,"parent":0,"menu_order":0,"comment_status":"closed","ping_status":"closed","template":"","meta":{"footnotes":"","_links_to":"","_links_to_target":""},"class_list":["post-399","page","type-page","status-publish","hentry"],"_links":{"self":[{"href":"https:\/\/chiguayante.cl\/Chgte\/index.php?rest_route=\/wp\/v2\/pages\/399","targetHints":{"allow":["GET"]}}],"collection":[{"href":"https:\/\/chiguayante.cl\/Chgte\/index.php?rest_route=\/wp\/v2\/pages"}],"about":[{"href":"https:\/\/chiguayante.cl\/Chgte\/index.php?rest_route=\/wp\/v2\/types\/page"}],"author":[{"embeddable":true,"href":"https:\/\/chiguayante.cl\/Chgte\/index.php?rest_route=\/wp\/v2\/users\/1"}],"replies":[{"embeddable":true,"href":"https:\/\/chiguayante.cl\/Chgte\/index.php?rest_route=%2Fwp%2Fv2%2Fcomments&post=399"}],"version-history":[{"count":1,"href":"https:\/\/chiguayante.cl\/Chgte\/index.php?rest_route=\/wp\/v2\/pages\/399\/revisions"}],"predecessor-version":[{"id":400,"href":"https:\/\/chiguayante.cl\/Chgte\/index.php?rest_route=\/wp\/v2\/pages\/399\/revisions\/400"}],"wp:attachment":[{"href":"https:\/\/chiguayante.cl\/Chgte\/index.php?rest_route=%2Fwp%2Fv2%2Fmedia&parent=399"}],"curies":[{"name":"wp","href":"https:\/\/api.w.org\/{rel}","templated":true}]}}