{"id":395,"date":"2025-11-04T11:55:42","date_gmt":"2025-11-04T14:55:42","guid":{"rendered":"https:\/\/chiguayante.cl\/Chgte\/?page_id=395"},"modified":"2025-11-04T11:55:43","modified_gmt":"2025-11-04T14:55:43","slug":"oficina-de-la-vivienda","status":"publish","type":"page","link":"https:\/\/chiguayante.cl\/Chgte\/?page_id=395","title":{"rendered":"Oficina de la vivienda"},"content":{"rendered":"\n<p><strong>Encargado:<\/strong>&nbsp;H\u00e9ctor Rodr\u00edguez<\/p>\n\n\n\n<p><strong>Fono:<\/strong>&nbsp;41- 2675006&nbsp;<\/p>\n\n\n\n<p><strong>E-mail:&nbsp;<a href=\"mailto:hector.rodriguez@munichiguayante.cl\">hector.rodriguez@munichiguayante.cl<\/a><\/strong><\/p>\n\n\n\n<p><strong>Direcci\u00f3n:<\/strong>&nbsp;Cornelio Saavedra N\u00b019, parque los Casta\u00f1os.<\/p>\n\n\n\n<p><strong>Funciones b\u00e1sicas:&nbsp;<\/strong>Oficina&nbsp;municipal encargada de asesorar y acompa\u00f1ar, a los vecinos de la comuna, en la obtenci\u00f3n de una reparaci\u00f3n\/mejoramiento o la adquisici\u00f3n de una nueva vivienda, seg\u00fan corresponda. Todo ello, en el marco de&nbsp;los diferentes Programas Habitacionales que el Ministerio de Vivienda y Urbanismo contiene en su Pol\u00edtica Habitacional.<\/p>\n\n\n\n<p>&nbsp;De tal manera que como Oficina de Vivienda, se encarga del mejoramiento de barrios y viviendas existentes, principalmente mediante el Programa de Protecci\u00f3n del Patrimonio Familiar (PPPF) y la Construcci\u00f3n en Sitio Propio (CSP); mientras que como Entidad Patrocinante Municipal, se encarga de prestar servicio y asesor\u00eda en las postulaciones a subsidios de viviendas nuevas.<\/p>\n","protected":false},"excerpt":{"rendered":"<p>Encargado:&nbsp;H\u00e9ctor Rodr\u00edguez Fono:&nbsp;41- 2675006&nbsp; E-mail:&nbsp;hector.rodriguez@munichiguayante.cl Direcci\u00f3n:&nbsp;Cornelio Saavedra N\u00b019, parque los Casta\u00f1os. Funciones b\u00e1sicas:&nbsp;Oficina&nbsp;municipal encargada de asesorar y acompa\u00f1ar, a los vecinos de la comuna, en la obtenci\u00f3n de una reparaci\u00f3n\/mejoramiento o la adquisici\u00f3n de una nueva vivienda, seg\u00fan corresponda. Todo ello, en el marco de&nbsp;los diferentes Programas Habitacionales que el Ministerio de Vivienda y Urbanismo&#8230;<\/p>\n","protected":false},"author":1,"featured_media":0,"parent":0,"menu_order":0,"comment_status":"closed","ping_status":"closed","template":"","meta":{"footnotes":"","_links_to":"","_links_to_target":""},"class_list":["post-395","page","type-page","status-publish","hentry"],"_links":{"self":[{"href":"https:\/\/chiguayante.cl\/Chgte\/index.php?rest_route=\/wp\/v2\/pages\/395","targetHints":{"allow":["GET"]}}],"collection":[{"href":"https:\/\/chiguayante.cl\/Chgte\/index.php?rest_route=\/wp\/v2\/pages"}],"about":[{"href":"https:\/\/chiguayante.cl\/Chgte\/index.php?rest_route=\/wp\/v2\/types\/page"}],"author":[{"embeddable":true,"href":"https:\/\/chiguayante.cl\/Chgte\/index.php?rest_route=\/wp\/v2\/users\/1"}],"replies":[{"embeddable":true,"href":"https:\/\/chiguayante.cl\/Chgte\/index.php?rest_route=%2Fwp%2Fv2%2Fcomments&post=395"}],"version-history":[{"count":1,"href":"https:\/\/chiguayante.cl\/Chgte\/index.php?rest_route=\/wp\/v2\/pages\/395\/revisions"}],"predecessor-version":[{"id":396,"href":"https:\/\/chiguayante.cl\/Chgte\/index.php?rest_route=\/wp\/v2\/pages\/395\/revisions\/396"}],"wp:attachment":[{"href":"https:\/\/chiguayante.cl\/Chgte\/index.php?rest_route=%2Fwp%2Fv2%2Fmedia&parent=395"}],"curies":[{"name":"wp","href":"https:\/\/api.w.org\/{rel}","templated":true}]}}