{"id":393,"date":"2025-11-04T11:55:03","date_gmt":"2025-11-04T14:55:03","guid":{"rendered":"https:\/\/chiguayante.cl\/Chgte\/?page_id=393"},"modified":"2025-11-04T11:55:04","modified_gmt":"2025-11-04T14:55:04","slug":"oficina-de-la-discapacidad","status":"publish","type":"page","link":"https:\/\/chiguayante.cl\/Chgte\/?page_id=393","title":{"rendered":"Oficina de la discapacidad"},"content":{"rendered":"\n<p><strong>Encargado:<\/strong>&nbsp;Nehelan Estrada<\/p>\n\n\n\n<p><strong>Fono:<\/strong>&nbsp;+56&nbsp; 9 6872 2232<\/p>\n\n\n\n<p><strong>E-mail:&nbsp;<a href=\"mailto:nehelan.estrada@munichiguayante.cl\">nehelan.estrada@munichiguayante.cl<\/a>&nbsp;<\/strong><\/p>\n\n\n\n<p><strong>Direcci\u00f3n:<\/strong>&nbsp;Calle Herrera 100 (Ex Escuela Alemana, actual Centro de Emprendimiento)<\/p>\n\n\n\n<p><strong>Funciones b\u00e1sicas:&nbsp;<\/strong>Promover la igualdad de oportunidades, inclusi\u00f3n social, la participaci\u00f3n y la accesibilidad universal de las personas en situaci\u00f3n de Discapacidad.<\/p>\n","protected":false},"excerpt":{"rendered":"<p>Encargado:&nbsp;Nehelan Estrada Fono:&nbsp;+56&nbsp; 9 6872 2232 E-mail:&nbsp;nehelan.estrada@munichiguayante.cl&nbsp; Direcci\u00f3n:&nbsp;Calle Herrera 100 (Ex Escuela Alemana, actual Centro de Emprendimiento) Funciones b\u00e1sicas:&nbsp;Promover la igualdad de oportunidades, inclusi\u00f3n social, la participaci\u00f3n y la accesibilidad universal de las personas en situaci\u00f3n de Discapacidad.<\/p>\n","protected":false},"author":1,"featured_media":0,"parent":0,"menu_order":0,"comment_status":"closed","ping_status":"closed","template":"","meta":{"footnotes":"","_links_to":"","_links_to_target":""},"class_list":["post-393","page","type-page","status-publish","hentry"],"_links":{"self":[{"href":"https:\/\/chiguayante.cl\/Chgte\/index.php?rest_route=\/wp\/v2\/pages\/393","targetHints":{"allow":["GET"]}}],"collection":[{"href":"https:\/\/chiguayante.cl\/Chgte\/index.php?rest_route=\/wp\/v2\/pages"}],"about":[{"href":"https:\/\/chiguayante.cl\/Chgte\/index.php?rest_route=\/wp\/v2\/types\/page"}],"author":[{"embeddable":true,"href":"https:\/\/chiguayante.cl\/Chgte\/index.php?rest_route=\/wp\/v2\/users\/1"}],"replies":[{"embeddable":true,"href":"https:\/\/chiguayante.cl\/Chgte\/index.php?rest_route=%2Fwp%2Fv2%2Fcomments&post=393"}],"version-history":[{"count":1,"href":"https:\/\/chiguayante.cl\/Chgte\/index.php?rest_route=\/wp\/v2\/pages\/393\/revisions"}],"predecessor-version":[{"id":394,"href":"https:\/\/chiguayante.cl\/Chgte\/index.php?rest_route=\/wp\/v2\/pages\/393\/revisions\/394"}],"wp:attachment":[{"href":"https:\/\/chiguayante.cl\/Chgte\/index.php?rest_route=%2Fwp%2Fv2%2Fmedia&parent=393"}],"curies":[{"name":"wp","href":"https:\/\/api.w.org\/{rel}","templated":true}]}}