{"id":391,"date":"2025-11-04T11:54:32","date_gmt":"2025-11-04T14:54:32","guid":{"rendered":"https:\/\/chiguayante.cl\/Chgte\/?page_id=391"},"modified":"2025-11-04T11:54:33","modified_gmt":"2025-11-04T14:54:33","slug":"biblioteca-municipal","status":"publish","type":"page","link":"https:\/\/chiguayante.cl\/Chgte\/?page_id=391","title":{"rendered":"Biblioteca Municipal"},"content":{"rendered":"\n<p><strong>Encargado:<\/strong>&nbsp;Lylian Vald\u00e9s Fuentes<\/p>\n\n\n\n<p><strong>Fono:<\/strong>&nbsp;41- 2352828<\/p>\n\n\n\n<p><strong>E-mail:&nbsp;<\/strong><a href=\"mailto:jalcaino@chiguayante.cl\">lylian.valdes@munichiguayante.cl<\/a><\/p>\n\n\n\n<p><strong>Direcci\u00f3n:<\/strong>&nbsp;San Ignacio N\u00b0 176<\/p>\n\n\n\n<p>La Biblioteca ofrece cultura, informaci\u00f3n y recreaci\u00f3n a trav\u00e9s del acceso a la lectura de libros, diario y revistas.<\/p>\n\n\n\n<p>Tambi\u00e9n se realizan diversas actividades culturales: exposiciones, presentaciones musicales, actividades recreativas, charlas y otros.<\/p>\n\n\n\n<p>Adem\u00e1s se imparten cursos de computaci\u00f3n para los adultos y servicio de Internet gratuitos.<\/p>\n\n\n\n<p>La Biblioteca P\u00fablica Municipal est\u00e1 abierta a todas las personas de la comunidad y el horario de atenci\u00f3n al p\u00fablico es el siguiente:<\/p>\n\n\n\n<ul class=\"wp-block-list\">\n<li><strong>Lunes a\u00a0jueves:\u00a0<\/strong>08:30 a 14:00 horas y desde las 15:00 a 17:30 horas.<\/li>\n\n\n\n<li><strong>Viernes:<\/strong>\u00a008:30 a 14:00 horas y desde las 15:00 a 16:30 horas<\/li>\n<\/ul>\n\n\n\n<p>La Biblioteca cuenta con diversos sectores:<\/p>\n\n\n\n<p><strong>Sector de Lectura en Sala:<\/strong>&nbsp;en este espacio el usuario puede sentarse a leer los libros o diarios que ofrece la biblioteca, hacer tareas, estudiar o tomar apuntes. En este sector se realiza el pr\u00e9stamo de libros a domicilio, por un per\u00edodo de siete d\u00edas y con la posibilidad de renovarlo.<\/p>\n\n\n\n<p><strong>Sector inform\u00e1tico:<\/strong>&nbsp;en este espacio se encuentran ubicados los computadores de uso p\u00fablico y gratuito. Este servicio es otorgado por el Programa Biblioredes de la Direcci\u00f3n de Bibliotecas, Archivos y Museos (DIBAM).<\/p>\n\n\n\n<p>Se imparten cursos de \u201cAlfabetizaci\u00f3n digital\u201d, en tres horarios, con una duraci\u00f3n aproximada de un mes.<\/p>\n\n\n\n<p><strong>Sector Infantil:<\/strong>&nbsp;se encuentra ubicado en una sala especialmente habilitada para los ni\u00f1os y ni\u00f1as, ofrece literatura infantil y mobiliario adecuado a sus necesidades, cada peque\u00f1o lector tiene la posibilidad de escoger libremente el libro que le interesa.<\/p>\n\n\n\n<p>Aqu\u00ed se realiza \u201cLa hora del cuento\u201d, actividad de animaci\u00f3n a la lectura y funciones de t\u00edteres.<\/p>\n\n\n\n<p><strong>Sal\u00f3n de Exposiciones:<\/strong>&nbsp;la biblioteca cuenta con este espacio para realizar actividades culturales abiertas a la comunidad.<\/p>\n","protected":false},"excerpt":{"rendered":"<p>Encargado:&nbsp;Lylian Vald\u00e9s Fuentes Fono:&nbsp;41- 2352828 E-mail:&nbsp;lylian.valdes@munichiguayante.cl Direcci\u00f3n:&nbsp;San Ignacio N\u00b0 176 La Biblioteca ofrece cultura, informaci\u00f3n y recreaci\u00f3n a trav\u00e9s del acceso a la lectura de libros, diario y revistas. Tambi\u00e9n se realizan diversas actividades culturales: exposiciones, presentaciones musicales, actividades recreativas, charlas y otros. Adem\u00e1s se imparten cursos de computaci\u00f3n para los adultos y servicio de&#8230;<\/p>\n","protected":false},"author":1,"featured_media":0,"parent":0,"menu_order":0,"comment_status":"closed","ping_status":"closed","template":"","meta":{"footnotes":"","_links_to":"","_links_to_target":""},"class_list":["post-391","page","type-page","status-publish","hentry"],"_links":{"self":[{"href":"https:\/\/chiguayante.cl\/Chgte\/index.php?rest_route=\/wp\/v2\/pages\/391","targetHints":{"allow":["GET"]}}],"collection":[{"href":"https:\/\/chiguayante.cl\/Chgte\/index.php?rest_route=\/wp\/v2\/pages"}],"about":[{"href":"https:\/\/chiguayante.cl\/Chgte\/index.php?rest_route=\/wp\/v2\/types\/page"}],"author":[{"embeddable":true,"href":"https:\/\/chiguayante.cl\/Chgte\/index.php?rest_route=\/wp\/v2\/users\/1"}],"replies":[{"embeddable":true,"href":"https:\/\/chiguayante.cl\/Chgte\/index.php?rest_route=%2Fwp%2Fv2%2Fcomments&post=391"}],"version-history":[{"count":1,"href":"https:\/\/chiguayante.cl\/Chgte\/index.php?rest_route=\/wp\/v2\/pages\/391\/revisions"}],"predecessor-version":[{"id":392,"href":"https:\/\/chiguayante.cl\/Chgte\/index.php?rest_route=\/wp\/v2\/pages\/391\/revisions\/392"}],"wp:attachment":[{"href":"https:\/\/chiguayante.cl\/Chgte\/index.php?rest_route=%2Fwp%2Fv2%2Fmedia&parent=391"}],"curies":[{"name":"wp","href":"https:\/\/api.w.org\/{rel}","templated":true}]}}