{"id":389,"date":"2025-11-04T11:53:51","date_gmt":"2025-11-04T14:53:51","guid":{"rendered":"https:\/\/chiguayante.cl\/Chgte\/?page_id=389"},"modified":"2025-11-04T11:53:52","modified_gmt":"2025-11-04T14:53:52","slug":"casa-de-la-cultura","status":"publish","type":"page","link":"https:\/\/chiguayante.cl\/Chgte\/?page_id=389","title":{"rendered":"Casa de la Cultura"},"content":{"rendered":"\n<p><strong>Encargada:<\/strong>&nbsp;Mar\u00eda Alejandra Valdivia Peralta&nbsp;<\/p>\n\n\n\n<p><strong>Fono:<\/strong>&nbsp;41- 236 06&nbsp;72<\/p>\n\n\n\n<p><strong>Mail:&nbsp;<\/strong><a href=\"mailto:chiguayante.cultura@gmail.com\">chiguayante.cultura@gmail.com<\/a><\/p>\n\n\n\n<p><strong>Direcci\u00f3n:<\/strong>&nbsp;Orozimbo Barbosa N\u00b0 294.<\/p>\n\n\n\n<p><strong>Funciones b\u00e1sicas:&nbsp;<\/strong>Liderar un dialogo cultural permanente entre la ciudadan\u00eda, los artistas y las instituciones, que promueva la planificaci\u00f3n y ejecuci\u00f3n de actividades culturales.<\/p>\n","protected":false},"excerpt":{"rendered":"<p>Encargada:&nbsp;Mar\u00eda Alejandra Valdivia Peralta&nbsp; Fono:&nbsp;41- 236 06&nbsp;72 Mail:&nbsp;chiguayante.cultura@gmail.com Direcci\u00f3n:&nbsp;Orozimbo Barbosa N\u00b0 294. Funciones b\u00e1sicas:&nbsp;Liderar un dialogo cultural permanente entre la ciudadan\u00eda, los artistas y las instituciones, que promueva la planificaci\u00f3n y ejecuci\u00f3n de actividades culturales.<\/p>\n","protected":false},"author":1,"featured_media":0,"parent":0,"menu_order":0,"comment_status":"closed","ping_status":"closed","template":"","meta":{"footnotes":"","_links_to":"","_links_to_target":""},"class_list":["post-389","page","type-page","status-publish","hentry"],"_links":{"self":[{"href":"https:\/\/chiguayante.cl\/Chgte\/index.php?rest_route=\/wp\/v2\/pages\/389","targetHints":{"allow":["GET"]}}],"collection":[{"href":"https:\/\/chiguayante.cl\/Chgte\/index.php?rest_route=\/wp\/v2\/pages"}],"about":[{"href":"https:\/\/chiguayante.cl\/Chgte\/index.php?rest_route=\/wp\/v2\/types\/page"}],"author":[{"embeddable":true,"href":"https:\/\/chiguayante.cl\/Chgte\/index.php?rest_route=\/wp\/v2\/users\/1"}],"replies":[{"embeddable":true,"href":"https:\/\/chiguayante.cl\/Chgte\/index.php?rest_route=%2Fwp%2Fv2%2Fcomments&post=389"}],"version-history":[{"count":1,"href":"https:\/\/chiguayante.cl\/Chgte\/index.php?rest_route=\/wp\/v2\/pages\/389\/revisions"}],"predecessor-version":[{"id":390,"href":"https:\/\/chiguayante.cl\/Chgte\/index.php?rest_route=\/wp\/v2\/pages\/389\/revisions\/390"}],"wp:attachment":[{"href":"https:\/\/chiguayante.cl\/Chgte\/index.php?rest_route=%2Fwp%2Fv2%2Fmedia&parent=389"}],"curies":[{"name":"wp","href":"https:\/\/api.w.org\/{rel}","templated":true}]}}