{"id":38,"date":"2025-10-23T02:31:31","date_gmt":"2025-10-23T05:31:31","guid":{"rendered":"https:\/\/chiguayante.cl\/Chgte\/?page_id=38"},"modified":"2025-10-27T12:52:31","modified_gmt":"2025-10-27T15:52:31","slug":"emergencias","status":"publish","type":"page","link":"https:\/\/chiguayante.cl\/Chgte\/?page_id=38","title":{"rendered":"Emergencias"},"content":{"rendered":"\n<div class=\"wp-block-columns is-layout-flex wp-container-core-columns-is-layout-9d6595d7 wp-block-columns-is-layout-flex\">\n<div class=\"wp-block-column is-layout-flow wp-block-column-is-layout-flow\">\n<p>DIRECCI\u00d3N DE SEGURIDAD CIUDADANA<br>EMERGENCIAS<br>PLAN CUADRANTE 6 (sanders a chiguay)<br>PLAN CUADRANTE 7 (chiguay a 12 de octubre)<br>S\u00c9PTIMA COMISAR\u00cdA DE CARABINEROS<br>PDI CHIGUAYANTE<br>CUERPO DE BOMBEROS<br>PRIMERA COMPA\u00d1\u00cdA<br>SEGUNDA COMPA\u00d1\u00cdA<br>TERCERA COMPA\u00d1\u00cdA<br>JUZGADO DE POLICIA LOCAL<br>REGISTRO CIVIL<br>DENUNCIA SEGURO<br>ALUMBRADO P\u00daBLICO<br>SENDA PREVIENE<br>FONO DROGAS<br>EMERGENCIA SEM\u00c1FORO<\/p>\n<\/div>\n\n\n\n<div class=\"wp-block-column is-layout-flow wp-block-column-is-layout-flow\">\n<p>&#8230;&#8230;..   41 236 0742<br>&#8230;&#8230;..    9 6300 7536<br>&#8230;&#8230;..    9 9959 9882<br>&#8230;&#8230;..    9 9959 9805<br>&#8230;&#8230;..    41 214 1570<br>&#8230;&#8230;..    41 286 5481<br>&#8230;&#8230;..    41 236 4985<br>&#8230;&#8230;..    41 236 1223<br>&#8230;&#8230;..    41 236 8895<br>&#8230;&#8230;..    41 236 2095<br>&#8230;&#8230;..    41 250 8181<br>&#8230;&#8230;..    41 236 7718<br>&#8230;&#8230;..    *4242<br>&#8230;&#8230;..    41 2508144<br>&#8230;&#8230;..    41 236 7431<br>&#8230;&#8230;..    1412<br>&#8230;&#8230;..    412215355 \/ 975877821<\/p>\n<\/div>\n<\/div>\n\n\n\n<p><\/p>\n","protected":false},"excerpt":{"rendered":"<p>DIRECCI\u00d3N DE SEGURIDAD CIUDADANAEMERGENCIASPLAN CUADRANTE 6 (sanders a chiguay)PLAN CUADRANTE 7 (chiguay a 12 de octubre)S\u00c9PTIMA COMISAR\u00cdA DE CARABINEROSPDI CHIGUAYANTECUERPO DE BOMBEROSPRIMERA COMPA\u00d1\u00cdASEGUNDA COMPA\u00d1\u00cdATERCERA COMPA\u00d1\u00cdAJUZGADO DE POLICIA LOCALREGISTRO CIVILDENUNCIA SEGUROALUMBRADO P\u00daBLICOSENDA PREVIENEFONO DROGASEMERGENCIA SEM\u00c1FORO &#8230;&#8230;.. 41 236 0742&#8230;&#8230;.. 9 6300 7536&#8230;&#8230;.. 9 9959 9882&#8230;&#8230;.. 9 9959 9805&#8230;&#8230;.. 41 214 1570&#8230;&#8230;.. 41 286 5481&#8230;&#8230;.. 41 236&#8230;<\/p>\n","protected":false},"author":1,"featured_media":0,"parent":0,"menu_order":0,"comment_status":"closed","ping_status":"closed","template":"","meta":{"footnotes":"","_links_to":"","_links_to_target":""},"class_list":["post-38","page","type-page","status-publish","hentry"],"_links":{"self":[{"href":"https:\/\/chiguayante.cl\/Chgte\/index.php?rest_route=\/wp\/v2\/pages\/38","targetHints":{"allow":["GET"]}}],"collection":[{"href":"https:\/\/chiguayante.cl\/Chgte\/index.php?rest_route=\/wp\/v2\/pages"}],"about":[{"href":"https:\/\/chiguayante.cl\/Chgte\/index.php?rest_route=\/wp\/v2\/types\/page"}],"author":[{"embeddable":true,"href":"https:\/\/chiguayante.cl\/Chgte\/index.php?rest_route=\/wp\/v2\/users\/1"}],"replies":[{"embeddable":true,"href":"https:\/\/chiguayante.cl\/Chgte\/index.php?rest_route=%2Fwp%2Fv2%2Fcomments&post=38"}],"version-history":[{"count":3,"href":"https:\/\/chiguayante.cl\/Chgte\/index.php?rest_route=\/wp\/v2\/pages\/38\/revisions"}],"predecessor-version":[{"id":272,"href":"https:\/\/chiguayante.cl\/Chgte\/index.php?rest_route=\/wp\/v2\/pages\/38\/revisions\/272"}],"wp:attachment":[{"href":"https:\/\/chiguayante.cl\/Chgte\/index.php?rest_route=%2Fwp%2Fv2%2Fmedia&parent=38"}],"curies":[{"name":"wp","href":"https:\/\/api.w.org\/{rel}","templated":true}]}}