{"id":274,"date":"2025-10-27T12:59:41","date_gmt":"2025-10-27T15:59:41","guid":{"rendered":"https:\/\/chiguayante.cl\/Chgte\/?page_id=274"},"modified":"2026-04-16T11:13:20","modified_gmt":"2026-04-16T14:13:20","slug":"concurso-publico","status":"publish","type":"page","link":"https:\/\/chiguayante.cl\/Chgte\/?page_id=274","title":{"rendered":"Concurso p\u00fablico"},"content":{"rendered":"\n<p>La Ilustre Municipalidad de Chiguayante, en acuerdo al Convenio de transferencia de recursos 2025 para<br>la ejecuci\u00f3n de la Red local de apoyos y cuidados, llama a Concurso P\u00fablico para proveer los siguientes<br>cargos:<br>Asistentes de Cuidado \u2013 SAD Comuna Chiguayante<\/p>\n\n\n\n<div data-wp-interactive=\"core\/file\" class=\"wp-block-file\"><object data-wp-bind--hidden=\"!state.hasPdfPreview\" hidden class=\"wp-block-file__embed\" data=\"https:\/\/chiguayante.cl\/Chgte\/wp-content\/uploads\/2026\/04\/Concurso-Publico-Asistentes-de-Cuidados-3.pdf\" type=\"application\/pdf\" style=\"width:100%;height:600px\" aria-label=\"Incrustado de Concurso P\u00fablico Asistentes de Cuidados (3).\"><\/object><a id=\"wp-block-file--media-dd86d24f-8c3a-40de-971e-00eb8a6a5253\" href=\"https:\/\/chiguayante.cl\/Chgte\/wp-content\/uploads\/2026\/04\/Concurso-Publico-Asistentes-de-Cuidados-3.pdf\">Concurso P\u00fablico Asistentes de Cuidados (3)<\/a><a href=\"https:\/\/chiguayante.cl\/Chgte\/wp-content\/uploads\/2026\/04\/Concurso-Publico-Asistentes-de-Cuidados-3.pdf\" class=\"wp-block-file__button wp-element-button\" download aria-describedby=\"wp-block-file--media-dd86d24f-8c3a-40de-971e-00eb8a6a5253\">Descargar<\/a><\/div>\n\n\n\n<div data-wp-interactive=\"core\/file\" class=\"wp-block-file\"><object data-wp-bind--hidden=\"!state.hasPdfPreview\" hidden class=\"wp-block-file__embed\" data=\"https:\/\/chiguayante.cl\/Chgte\/wp-content\/uploads\/2026\/04\/Decreto-modifiquese-cronograma-del-concurso-para-dos-asistentes-de-cuidados.pdf\" type=\"application\/pdf\" style=\"width:100%;height:600px\" aria-label=\"Incrustado de Decreto modifiquese cronograma del concurso para dos asistentes de cuidados.\"><\/object><a id=\"wp-block-file--media-1aab982a-53e3-4fda-888f-f6b2d8e366a1\" href=\"https:\/\/chiguayante.cl\/Chgte\/wp-content\/uploads\/2026\/04\/Decreto-modifiquese-cronograma-del-concurso-para-dos-asistentes-de-cuidados.pdf\">Decreto modifiquese cronograma del concurso para dos asistentes de cuidados<\/a><a href=\"https:\/\/chiguayante.cl\/Chgte\/wp-content\/uploads\/2026\/04\/Decreto-modifiquese-cronograma-del-concurso-para-dos-asistentes-de-cuidados.pdf\" class=\"wp-block-file__button wp-element-button\" download aria-describedby=\"wp-block-file--media-1aab982a-53e3-4fda-888f-f6b2d8e366a1\">Descargar<\/a><\/div>\n\n\n\n<p><strong>Coordinador\/a Servicio Atenci\u00f3n Domiciliaria \u2013 SAD Comuna Chiguayante<\/strong><\/p>\n\n\n\n<p>La Ilustre Municipalidad de Chiguayante, en acuerdo al Convenio de transferencia de recursos 2025 para<br>la ejecuci\u00f3n de la Red local de apoyos y cuidados, llama a Concurso P\u00fablico para proveer los siguientes<br>cargos:<\/p>\n\n\n\n<div data-wp-interactive=\"core\/file\" class=\"wp-block-file\"><object data-wp-bind--hidden=\"!state.hasPdfPreview\" hidden class=\"wp-block-file__embed\" data=\"https:\/\/chiguayante.cl\/Chgte\/wp-content\/uploads\/2026\/03\/Bases-Concurso-Publico.pdf\" type=\"application\/pdf\" style=\"width:100%;height:600px\" aria-label=\"Incrustado de Bases Concurso Publico.\"><\/object><a id=\"wp-block-file--media-8ec95820-b2c2-47f5-8669-2fd518cc9b98\" href=\"https:\/\/chiguayante.cl\/Chgte\/wp-content\/uploads\/2026\/03\/Bases-Concurso-Publico.pdf\">Bases Concurso Publico<\/a><a href=\"https:\/\/chiguayante.cl\/Chgte\/wp-content\/uploads\/2026\/03\/Bases-Concurso-Publico.pdf\" class=\"wp-block-file__button wp-element-button\" download aria-describedby=\"wp-block-file--media-8ec95820-b2c2-47f5-8669-2fd518cc9b98\">Descargar<\/a><\/div>\n\n\n\n<p><\/p>\n\n\n\n<p><br><strong>CONCURSO P\u00daBLICO PARA PROVEER CARGO EN DISPOSITIVO RESIDENCIAL<\/strong><br>Concurso P\u00fablico, 5 educadoras dispositivo residencial, Programa Recuperaci\u00f3n del Ejercicio de Autonom\u00eda para V\u00edctimas y Sobrevivientes de Violencias de G\u00e9nero, Sernameg.<\/p>\n\n\n\n<div data-wp-interactive=\"core\/file\" class=\"wp-block-file\"><object data-wp-bind--hidden=\"!state.hasPdfPreview\" hidden class=\"wp-block-file__embed\" data=\"https:\/\/chiguayante.cl\/Chgte\/wp-content\/uploads\/2026\/02\/Llamado-a-Concurso-Educadoras.pdf\" type=\"application\/pdf\" style=\"width:100%;height:600px\" aria-label=\"Incrustado de Llamado a Concurso Educadoras.\"><\/object><a id=\"wp-block-file--media-f8baaee7-7393-487f-83e9-4bf48e63c72a\" href=\"https:\/\/chiguayante.cl\/Chgte\/wp-content\/uploads\/2026\/02\/Llamado-a-Concurso-Educadoras.pdf\">Llamado a Concurso Educadoras<\/a><a href=\"https:\/\/chiguayante.cl\/Chgte\/wp-content\/uploads\/2026\/02\/Llamado-a-Concurso-Educadoras.pdf\" class=\"wp-block-file__button wp-element-button\" download aria-describedby=\"wp-block-file--media-f8baaee7-7393-487f-83e9-4bf48e63c72a\">Descargar<\/a><\/div>\n\n\n\n<p><strong>CONCURSO P\u00daBLICO PARA PROVEER CARGO DE APOYO FAMILIAR<\/strong><br>La Municipalidad de Chiguayante, en acuerdo al Convenio de transferencia de<br>recursos 2026 para la ejecuci\u00f3n del Programa de Acompa\u00f1amiento Familiar Integral del<br>Subsistema de Seguridades y Oportunidades SSyO, suscrito con el Fondo de Solidaridad<br>e Inversi\u00f3n Social FOSIS, llama a concurso p\u00fablico para proveer 1 cargo de Apoyo<br>Familiar Integral, modalidad honorarios por jornada completa (44 horas semanales).<\/p>\n\n\n\n<div data-wp-interactive=\"core\/file\" class=\"wp-block-file\"><object data-wp-bind--hidden=\"!state.hasPdfPreview\" hidden class=\"wp-block-file__embed\" data=\"https:\/\/chiguayante.cl\/Chgte\/wp-content\/uploads\/2026\/02\/LLAMADO-A-CONCURSO-PUBLICO-PARA-PROVEER-CARGO-DE-APOYO-FAMILIAR-2026.pdf\" type=\"application\/pdf\" style=\"width:100%;height:600px\" aria-label=\"Incrustado de LLAMADO A CONCURSO P\u00daBLICO PARA PROVEER CARGO DE APOYO FAMILIAR 2026.\"><\/object><a id=\"wp-block-file--media-20262ea0-0ce6-4f16-a0d7-40fcb41f8013\" href=\"https:\/\/chiguayante.cl\/Chgte\/wp-content\/uploads\/2026\/02\/LLAMADO-A-CONCURSO-PUBLICO-PARA-PROVEER-CARGO-DE-APOYO-FAMILIAR-2026.pdf\">LLAMADO A CONCURSO P\u00daBLICO PARA PROVEER CARGO DE APOYO FAMILIAR 2026<\/a><a href=\"https:\/\/chiguayante.cl\/Chgte\/wp-content\/uploads\/2026\/02\/LLAMADO-A-CONCURSO-PUBLICO-PARA-PROVEER-CARGO-DE-APOYO-FAMILIAR-2026.pdf\" class=\"wp-block-file__button wp-element-button\" download aria-describedby=\"wp-block-file--media-20262ea0-0ce6-4f16-a0d7-40fcb41f8013\">Descargar<\/a><\/div>\n\n\n\n<p><\/p>\n\n\n\n<p><strong>Asistentes de Cuidado \u2013 SAD Comuna Chiguayante<\/strong><br>Jornada laboral 44 horas semanales<br>Renta bruta mensual $650.000<br>Vigencia contrataci\u00f3n 17 de noviembre al 31 de diciembre de 2025*<br><\/p>\n\n\n\n<div data-wp-interactive=\"core\/file\" class=\"wp-block-file\"><object data-wp-bind--hidden=\"!state.hasPdfPreview\" hidden class=\"wp-block-file__embed\" data=\"https:\/\/chiguayante.cl\/Chgte\/wp-content\/uploads\/2025\/11\/asistentesbases.pdf\" type=\"application\/pdf\" style=\"width:100%;height:600px\" aria-label=\"Incrustado de asistentesbases.\"><\/object><a id=\"wp-block-file--media-f138b698-39c4-4087-bbe9-1e09829552b1\" href=\"https:\/\/chiguayante.cl\/Chgte\/wp-content\/uploads\/2025\/11\/asistentesbases.pdf\">asistentesbases<\/a><a href=\"https:\/\/chiguayante.cl\/Chgte\/wp-content\/uploads\/2025\/11\/asistentesbases.pdf\" class=\"wp-block-file__button wp-element-button\" download aria-describedby=\"wp-block-file--media-f138b698-39c4-4087-bbe9-1e09829552b1\">Descargar<\/a><\/div>\n\n\n\n<p><br><\/p>\n","protected":false},"excerpt":{"rendered":"<p>La Ilustre Municipalidad de Chiguayante, en acuerdo al Convenio de transferencia de recursos 2025 parala ejecuci\u00f3n de la Red local de apoyos y cuidados, llama a Concurso P\u00fablico para proveer los siguientescargos:Asistentes de Cuidado \u2013 SAD Comuna Chiguayante Coordinador\/a Servicio Atenci\u00f3n Domiciliaria \u2013 SAD Comuna Chiguayante La Ilustre Municipalidad de Chiguayante, en acuerdo al Convenio&#8230;<\/p>\n","protected":false},"author":1,"featured_media":0,"parent":0,"menu_order":0,"comment_status":"closed","ping_status":"closed","template":"","meta":{"footnotes":"","_links_to":"","_links_to_target":""},"class_list":["post-274","page","type-page","status-publish","hentry"],"_links":{"self":[{"href":"https:\/\/chiguayante.cl\/Chgte\/index.php?rest_route=\/wp\/v2\/pages\/274","targetHints":{"allow":["GET"]}}],"collection":[{"href":"https:\/\/chiguayante.cl\/Chgte\/index.php?rest_route=\/wp\/v2\/pages"}],"about":[{"href":"https:\/\/chiguayante.cl\/Chgte\/index.php?rest_route=\/wp\/v2\/types\/page"}],"author":[{"embeddable":true,"href":"https:\/\/chiguayante.cl\/Chgte\/index.php?rest_route=\/wp\/v2\/users\/1"}],"replies":[{"embeddable":true,"href":"https:\/\/chiguayante.cl\/Chgte\/index.php?rest_route=%2Fwp%2Fv2%2Fcomments&post=274"}],"version-history":[{"count":5,"href":"https:\/\/chiguayante.cl\/Chgte\/index.php?rest_route=\/wp\/v2\/pages\/274\/revisions"}],"predecessor-version":[{"id":1015,"href":"https:\/\/chiguayante.cl\/Chgte\/index.php?rest_route=\/wp\/v2\/pages\/274\/revisions\/1015"}],"wp:attachment":[{"href":"https:\/\/chiguayante.cl\/Chgte\/index.php?rest_route=%2Fwp%2Fv2%2Fmedia&parent=274"}],"curies":[{"name":"wp","href":"https:\/\/api.w.org\/{rel}","templated":true}]}}