{"id":167,"date":"2025-10-24T13:49:10","date_gmt":"2025-10-24T16:49:10","guid":{"rendered":"https:\/\/chiguayante.cl\/Chgte\/?page_id=167"},"modified":"2025-12-02T16:59:08","modified_gmt":"2025-12-02T19:59:08","slug":"secretaria-comunal-de-planificacion-secplan","status":"publish","type":"page","link":"https:\/\/chiguayante.cl\/Chgte\/?page_id=167","title":{"rendered":"Secretar\u00eda Comunal de Planificaci\u00f3n, Secplan"},"content":{"rendered":"\n<p><strong>Director:<\/strong>\u00a0Jacqueline Sanhueza Garrido<\/p>\n\n\n\n<p><strong>Fono:<\/strong>&nbsp;41 250 81 10<\/p>\n\n\n\n<p><strong>E-mail:<\/strong>&nbsp;<a href=\"mailto:jacqueline.sanhueza@munichiguayante.cl\">jacqueline.sanhueza@munichiguayante.cl<\/a><\/p>\n\n\n\n<p><strong>Direcci\u00f3n:<\/strong>&nbsp;Orozimbo Barbosa 104, Parque Los Casta\u00f1os<\/p>\n\n\n\n<p><strong>Funciones b\u00e1sicas:<\/strong><\/p>\n\n\n\n<p>A. Servir de Secretaria t\u00e9cnica permanente del Alcalde y el Concejo Municipal en la formulaci\u00f3n de la estrategia municipal como as\u00ed mismo de las pol\u00edticas, planes, programas y proyectos de desarrollo de la Comuna.<\/p>\n\n\n\n<p>B. Asesorar al Alcalde en la elaboraci\u00f3n de los proyectos del Plan Comunal de Desarrollo y del Presupuesto Municipal.<\/p>\n\n\n\n<p>C. Evaluar el cumplimiento de los planes, programas, proyectos, inversiones y del presupuesto Municipal e informar sobre estas materias al Concejo, a lo menos semestralmente.<\/p>\n\n\n\n<p>D. Elaborar los informes y cuentas que el Alcalde debe entregar ante el Concejo y la comunidad, seg\u00fan lo dispone la Ley.<\/p>\n\n\n\n<p>E. Efectuar an\u00e1lisis y evaluaciones permanentes de las situaciones de desarrollo de la Comuna, con \u00e9nfasis en los aspectos sociales y territoriales.<\/p>\n\n\n\n<p>F. Elaborar las bases administrativas, generales y especiales, seg\u00fan corresponda, para los llamados a licitaci\u00f3n, previo informe de la unidad competente, y de acuerdo a los procedimientos establecidos.<\/p>\n\n\n\n<p>G. Fomentar las vinculaciones de car\u00e1cter t\u00e9cnico entre las unidades municipales con los servicios p\u00fablicos y el sector privado en materias propias de su competencia.<\/p>\n\n\n\n<p>H. Recopilar y mantener la informaci\u00f3n comunal y regional atingente a sus funciones<\/p>\n\n\n\n<p>I. Cumplir con las dem\u00e1s funciones que le encomiende su jefatura, de acuerdo a la naturaleza de sus funciones y que est\u00e9n dentro del Marco Legal.<\/p>\n","protected":false},"excerpt":{"rendered":"<p>Director:\u00a0Jacqueline Sanhueza Garrido Fono:&nbsp;41 250 81 10 E-mail:&nbsp;jacqueline.sanhueza@munichiguayante.cl Direcci\u00f3n:&nbsp;Orozimbo Barbosa 104, Parque Los Casta\u00f1os Funciones b\u00e1sicas: A. Servir de Secretaria t\u00e9cnica permanente del Alcalde y el Concejo Municipal en la formulaci\u00f3n de la estrategia municipal como as\u00ed mismo de las pol\u00edticas, planes, programas y proyectos de desarrollo de la Comuna. B. Asesorar al Alcalde en&#8230;<\/p>\n","protected":false},"author":1,"featured_media":0,"parent":0,"menu_order":0,"comment_status":"closed","ping_status":"closed","template":"","meta":{"footnotes":"","_links_to":"","_links_to_target":""},"class_list":["post-167","page","type-page","status-publish","hentry"],"_links":{"self":[{"href":"https:\/\/chiguayante.cl\/Chgte\/index.php?rest_route=\/wp\/v2\/pages\/167","targetHints":{"allow":["GET"]}}],"collection":[{"href":"https:\/\/chiguayante.cl\/Chgte\/index.php?rest_route=\/wp\/v2\/pages"}],"about":[{"href":"https:\/\/chiguayante.cl\/Chgte\/index.php?rest_route=\/wp\/v2\/types\/page"}],"author":[{"embeddable":true,"href":"https:\/\/chiguayante.cl\/Chgte\/index.php?rest_route=\/wp\/v2\/users\/1"}],"replies":[{"embeddable":true,"href":"https:\/\/chiguayante.cl\/Chgte\/index.php?rest_route=%2Fwp%2Fv2%2Fcomments&post=167"}],"version-history":[{"count":2,"href":"https:\/\/chiguayante.cl\/Chgte\/index.php?rest_route=\/wp\/v2\/pages\/167\/revisions"}],"predecessor-version":[{"id":585,"href":"https:\/\/chiguayante.cl\/Chgte\/index.php?rest_route=\/wp\/v2\/pages\/167\/revisions\/585"}],"wp:attachment":[{"href":"https:\/\/chiguayante.cl\/Chgte\/index.php?rest_route=%2Fwp%2Fv2%2Fmedia&parent=167"}],"curies":[{"name":"wp","href":"https:\/\/api.w.org\/{rel}","templated":true}]}}