{"id":165,"date":"2025-10-24T13:48:10","date_gmt":"2025-10-24T16:48:10","guid":{"rendered":"https:\/\/chiguayante.cl\/Chgte\/?page_id=165"},"modified":"2025-12-18T17:42:01","modified_gmt":"2025-12-18T20:42:01","slug":"cementerio-municipal","status":"publish","type":"page","link":"https:\/\/chiguayante.cl\/Chgte\/?page_id=165","title":{"rendered":"Cementerio Municipal"},"content":{"rendered":"\n<p><strong>Directora Cementerio Municipal:<\/strong>\u00a0Jimena Catriao Salazar<\/p>\n\n\n\n<p><strong>Fono:<\/strong>&nbsp;&nbsp;41 2354929<\/p>\n\n\n\n<p><strong>E-mail:<\/strong>\u00a0jimena.catriao@munichiguayante.cl<\/p>\n\n\n\n<p><strong>Direcci\u00f3n:<\/strong>&nbsp;Calle B\u00edo Bio S\/N (hacia el r\u00edo)<\/p>\n\n\n\n<p><strong>Funciones:<\/strong><\/p>\n\n\n\n<p>Asesorar &nbsp;al &nbsp;Alcalde &nbsp;y &nbsp;al &nbsp;Concejo &nbsp;Municipal en &nbsp;la &nbsp;planificaci\u00f3n &nbsp;de &nbsp;estrategias &nbsp;y &nbsp;pol\u00edticas &nbsp;referidas a la administraci\u00f3n del cementerio.<\/p>\n\n\n\n<p>Proponer y ejecutar medidas tendientes a materializar acciones y programas relacionados con &nbsp;los servicios de cementerio incorporados a la gesti\u00f3n municipal.<\/p>\n\n\n\n<p>Gestionar los recursos humanos, financieros y materiales necesarios para el normal funcionamiento del cementerio comunal.<\/p>\n","protected":false},"excerpt":{"rendered":"<p>Directora Cementerio Municipal:\u00a0Jimena Catriao Salazar Fono:&nbsp;&nbsp;41 2354929 E-mail:\u00a0jimena.catriao@munichiguayante.cl Direcci\u00f3n:&nbsp;Calle B\u00edo Bio S\/N (hacia el r\u00edo) Funciones: Asesorar &nbsp;al &nbsp;Alcalde &nbsp;y &nbsp;al &nbsp;Concejo &nbsp;Municipal en &nbsp;la &nbsp;planificaci\u00f3n &nbsp;de &nbsp;estrategias &nbsp;y &nbsp;pol\u00edticas &nbsp;referidas a la administraci\u00f3n del cementerio. Proponer y ejecutar medidas tendientes a materializar acciones y programas relacionados con &nbsp;los servicios de cementerio incorporados a la&#8230;<\/p>\n","protected":false},"author":1,"featured_media":0,"parent":0,"menu_order":0,"comment_status":"closed","ping_status":"closed","template":"","meta":{"footnotes":"","_links_to":"","_links_to_target":""},"class_list":["post-165","page","type-page","status-publish","hentry"],"_links":{"self":[{"href":"https:\/\/chiguayante.cl\/Chgte\/index.php?rest_route=\/wp\/v2\/pages\/165","targetHints":{"allow":["GET"]}}],"collection":[{"href":"https:\/\/chiguayante.cl\/Chgte\/index.php?rest_route=\/wp\/v2\/pages"}],"about":[{"href":"https:\/\/chiguayante.cl\/Chgte\/index.php?rest_route=\/wp\/v2\/types\/page"}],"author":[{"embeddable":true,"href":"https:\/\/chiguayante.cl\/Chgte\/index.php?rest_route=\/wp\/v2\/users\/1"}],"replies":[{"embeddable":true,"href":"https:\/\/chiguayante.cl\/Chgte\/index.php?rest_route=%2Fwp%2Fv2%2Fcomments&post=165"}],"version-history":[{"count":2,"href":"https:\/\/chiguayante.cl\/Chgte\/index.php?rest_route=\/wp\/v2\/pages\/165\/revisions"}],"predecessor-version":[{"id":648,"href":"https:\/\/chiguayante.cl\/Chgte\/index.php?rest_route=\/wp\/v2\/pages\/165\/revisions\/648"}],"wp:attachment":[{"href":"https:\/\/chiguayante.cl\/Chgte\/index.php?rest_route=%2Fwp%2Fv2%2Fmedia&parent=165"}],"curies":[{"name":"wp","href":"https:\/\/api.w.org\/{rel}","templated":true}]}}