{"id":163,"date":"2025-10-24T13:32:27","date_gmt":"2025-10-24T16:32:27","guid":{"rendered":"https:\/\/chiguayante.cl\/Chgte\/?page_id=163"},"modified":"2025-10-24T13:32:28","modified_gmt":"2025-10-24T16:32:28","slug":"direccion-de-aseo-y-ornato","status":"publish","type":"page","link":"https:\/\/chiguayante.cl\/Chgte\/?page_id=163","title":{"rendered":"Direcci\u00f3n de Aseo y Ornato"},"content":{"rendered":"\n<p>Director (s): Jonathan Fuentes Castro<br>Fonos: 41 236 72 98\/ 41 -236 85 82<br>E-mail: jonathan.fuentes@munichiguayante.cl<br>P\u00e1gina Web: DAO CHIGUAYANTE<br>Direcci\u00f3n: Pedro Aguirre Cerda N\u00b0 150, Chiguayante<\/p>\n\n\n\n<p>Funciones b\u00e1sicas:<\/p>\n\n\n\n<p>Velar por el aseo y ornato de las v\u00edas p\u00fablicas, parques, plazas y en general, de los bienes nacionales de uso p\u00fablico existentes en la comuna. Realizar el servicio de extracci\u00f3n de basura domiciliaria.<\/p>\n\n\n\n<p>Procurar la construcci\u00f3n, conservaci\u00f3n y administraci\u00f3n de las \u00e1reas verdes de Chiguayante.<\/p>\n\n\n\n<p>Velar por la defensa del medio ambiente.<\/p>\n\n\n\n<p>Cooperar log\u00edsticamente con las dem\u00e1s direcciones municipales.<\/p>\n","protected":false},"excerpt":{"rendered":"<p>Director (s): Jonathan Fuentes CastroFonos: 41 236 72 98\/ 41 -236 85 82E-mail: jonathan.fuentes@munichiguayante.clP\u00e1gina Web: DAO CHIGUAYANTEDirecci\u00f3n: Pedro Aguirre Cerda N\u00b0 150, Chiguayante Funciones b\u00e1sicas: Velar por el aseo y ornato de las v\u00edas p\u00fablicas, parques, plazas y en general, de los bienes nacionales de uso p\u00fablico existentes en la comuna. Realizar el servicio de&#8230;<\/p>\n","protected":false},"author":1,"featured_media":0,"parent":0,"menu_order":0,"comment_status":"closed","ping_status":"closed","template":"","meta":{"footnotes":"","_links_to":"","_links_to_target":""},"class_list":["post-163","page","type-page","status-publish","hentry"],"_links":{"self":[{"href":"https:\/\/chiguayante.cl\/Chgte\/index.php?rest_route=\/wp\/v2\/pages\/163","targetHints":{"allow":["GET"]}}],"collection":[{"href":"https:\/\/chiguayante.cl\/Chgte\/index.php?rest_route=\/wp\/v2\/pages"}],"about":[{"href":"https:\/\/chiguayante.cl\/Chgte\/index.php?rest_route=\/wp\/v2\/types\/page"}],"author":[{"embeddable":true,"href":"https:\/\/chiguayante.cl\/Chgte\/index.php?rest_route=\/wp\/v2\/users\/1"}],"replies":[{"embeddable":true,"href":"https:\/\/chiguayante.cl\/Chgte\/index.php?rest_route=%2Fwp%2Fv2%2Fcomments&post=163"}],"version-history":[{"count":1,"href":"https:\/\/chiguayante.cl\/Chgte\/index.php?rest_route=\/wp\/v2\/pages\/163\/revisions"}],"predecessor-version":[{"id":164,"href":"https:\/\/chiguayante.cl\/Chgte\/index.php?rest_route=\/wp\/v2\/pages\/163\/revisions\/164"}],"wp:attachment":[{"href":"https:\/\/chiguayante.cl\/Chgte\/index.php?rest_route=%2Fwp%2Fv2%2Fmedia&parent=163"}],"curies":[{"name":"wp","href":"https:\/\/api.w.org\/{rel}","templated":true}]}}