{"id":159,"date":"2025-10-24T13:31:01","date_gmt":"2025-10-24T16:31:01","guid":{"rendered":"https:\/\/chiguayante.cl\/Chgte\/?page_id=159"},"modified":"2026-01-12T10:46:07","modified_gmt":"2026-01-12T13:46:07","slug":"juzgado-de-policia-local","status":"publish","type":"page","link":"https:\/\/chiguayante.cl\/Chgte\/?page_id=159","title":{"rendered":"Juzgado de Polic\u00eda Local"},"content":{"rendered":"\n<p><strong>Juez:<\/strong>&nbsp;Ram\u00f3n Garcia Odgers<\/p>\n\n\n\n<p><strong>Fono:<\/strong>\u00a0412508182 \/ +56 9 5229 9805<\/p>\n\n\n\n<p><strong>E-mail-JPL:<\/strong>&nbsp;&nbsp;<a href=\"mailto:juzgadodepolicialocal@munichiguayante.cl\">juzgadodepolicialocal@munichiguayante.cl<\/a><\/p>\n\n\n\n<p><strong>Direcci\u00f3n:<\/strong>&nbsp;Orozimbo Barbosa 99, Parque Los Casta\u00f1os<\/p>\n\n\n\n<p><strong>Funciones b\u00e1sicas:<\/strong><\/p>\n\n\n\n<p>Es de&nbsp;competencia&nbsp;del Juzgado de Polic\u00eda Local las infracciones: las normas sobre el&nbsp;transporte&nbsp;por calles y caminos y el&nbsp;tr\u00e1nsito&nbsp;libre de las personas; a las ordenanzas, reglamentos, acuerdos municipales y decretos de la&nbsp;alcald\u00eda; a ley sobre rentas municipales; a ley general de&nbsp;urbanismo&nbsp;y construcciones, y su ordenanza respectiva; a las leyes sobre pavimentaci\u00f3n; a ciertas normas de la ley sobre expendio y consumo de&nbsp;bebidas alcoh\u00f3licas, entre otras.<br><br><strong>CONSULTAS DE CAUSAS JUZGADO DE POLIC\u00cdA LOCAL <\/strong><br><a href=\"http:\/\/appl.smc.cl\/juzgadoDoc\/muni\/chiguayante.aspx \">http:\/\/appl.smc.cl\/juzgadoDoc\/muni\/chiguayante.aspx <\/a><br><br><strong>DOCUMENTACI\u00d3N Y FORMULARIO JUZGADO<\/strong><\/p>\n\n\n\n<details class=\"wp-block-details is-layout-flow wp-block-details-is-layout-flow\"><summary>ABRIR DECRETO ECONOMICO 2025 ( fin de tramitacion v\u00eda email)<\/summary>\n<div data-wp-interactive=\"core\/file\" class=\"wp-block-file\"><object data-wp-bind--hidden=\"!state.hasPdfPreview\" hidden class=\"wp-block-file__embed\" data=\"https:\/\/chiguayante.cl\/Chgte\/wp-content\/uploads\/2025\/12\/DECRETO-ECONOMICO-2025-fin-de-tramitacion-via-email.pdf\" type=\"application\/pdf\" style=\"width:100%;height:600px\" aria-label=\"Incrustado de DECRETO ECONOMICO 2025 fin de tramitacion v\u00eda email.\"><\/object><a id=\"wp-block-file--media-2dc3105e-393f-4ac5-a0ba-fda735d8bca7\" href=\"https:\/\/chiguayante.cl\/Chgte\/wp-content\/uploads\/2025\/12\/DECRETO-ECONOMICO-2025-fin-de-tramitacion-via-email.pdf\">DECRETO ECONOMICO 2025 fin de tramitacion v\u00eda email<\/a><a href=\"https:\/\/chiguayante.cl\/Chgte\/wp-content\/uploads\/2025\/12\/DECRETO-ECONOMICO-2025-fin-de-tramitacion-via-email.pdf\" class=\"wp-block-file__button wp-element-button\" download aria-describedby=\"wp-block-file--media-2dc3105e-393f-4ac5-a0ba-fda735d8bca7\">Descargar<\/a><\/div>\n<\/details>\n\n\n\n<details class=\"wp-block-details is-layout-flow wp-block-details-is-layout-flow\"><summary>DECRETO ECONOMICO 2025 ( aviso publico fin de tramitacion v\u00eda email)<\/summary>\n<div data-wp-interactive=\"core\/file\" class=\"wp-block-file\"><object data-wp-bind--hidden=\"!state.hasPdfPreview\" hidden class=\"wp-block-file__embed\" data=\"https:\/\/chiguayante.cl\/Chgte\/wp-content\/uploads\/2025\/12\/DECRETO-ECONOMICO-2025-aviso-publico-fin-de-tramitacion-via-email.pdf\" type=\"application\/pdf\" style=\"width:100%;height:600px\" aria-label=\"Incrustado de DECRETO ECONOMICO 2025 aviso publico fin de tramitacion v\u00eda email.\"><\/object><a id=\"wp-block-file--media-ef05486b-4bce-4308-9b18-b2e54664ea61\" href=\"https:\/\/chiguayante.cl\/Chgte\/wp-content\/uploads\/2025\/12\/DECRETO-ECONOMICO-2025-aviso-publico-fin-de-tramitacion-via-email.pdf\">DECRETO ECONOMICO 2025 aviso publico fin de tramitacion v\u00eda email<\/a><a href=\"https:\/\/chiguayante.cl\/Chgte\/wp-content\/uploads\/2025\/12\/DECRETO-ECONOMICO-2025-aviso-publico-fin-de-tramitacion-via-email.pdf\" class=\"wp-block-file__button wp-element-button\" download aria-describedby=\"wp-block-file--media-ef05486b-4bce-4308-9b18-b2e54664ea61\">Descargar<\/a><\/div>\n<\/details>\n\n\n\n<details class=\"wp-block-details is-layout-flow wp-block-details-is-layout-flow\"><summary>AFICHE INFORMATIVO FALTA GRAVISIMA Y EXCESO DE VELOCIDAD<\/summary>\n<div data-wp-interactive=\"core\/file\" class=\"wp-block-file\"><object data-wp-bind--hidden=\"!state.hasPdfPreview\" hidden class=\"wp-block-file__embed\" data=\"https:\/\/chiguayante.cl\/Chgte\/wp-content\/uploads\/2025\/12\/AFICHEINFORMATIVOGRAVISIMAYEXCESODE-VELOCIDAD.pdf\" type=\"application\/pdf\" style=\"width:100%;height:600px\" aria-label=\"Incrustado de AFICHEINFORMATIVOGRAVISIMAYEXCESODE VELOCIDAD.\"><\/object><a id=\"wp-block-file--media-2c6faadf-bf89-480a-b50a-15c28acfd466\" href=\"https:\/\/chiguayante.cl\/Chgte\/wp-content\/uploads\/2025\/12\/AFICHEINFORMATIVOGRAVISIMAYEXCESODE-VELOCIDAD.pdf\">AFICHEINFORMATIVOGRAVISIMAYEXCESODE VELOCIDAD<\/a><a href=\"https:\/\/chiguayante.cl\/Chgte\/wp-content\/uploads\/2025\/12\/AFICHEINFORMATIVOGRAVISIMAYEXCESODE-VELOCIDAD.pdf\" class=\"wp-block-file__button wp-element-button\" download aria-describedby=\"wp-block-file--media-2c6faadf-bf89-480a-b50a-15c28acfd466\">Descargar<\/a><\/div>\n<\/details>\n\n\n\n<details class=\"wp-block-details is-layout-flow wp-block-details-is-layout-flow\"><summary>AFICHE INFORMATIVO FALTA GRAVE <\/summary>\n<div data-wp-interactive=\"core\/file\" class=\"wp-block-file\"><object data-wp-bind--hidden=\"!state.hasPdfPreview\" hidden class=\"wp-block-file__embed\" data=\"https:\/\/chiguayante.cl\/Chgte\/wp-content\/uploads\/2025\/12\/AFICHEINFORMATIVOGRAVES.pdf\" type=\"application\/pdf\" style=\"width:100%;height:600px\" aria-label=\"Incrustado de AFICHEINFORMATIVOGRAVES.\"><\/object><a id=\"wp-block-file--media-fb09de19-d4e1-4843-86dc-f20188e767d4\" href=\"https:\/\/chiguayante.cl\/Chgte\/wp-content\/uploads\/2025\/12\/AFICHEINFORMATIVOGRAVES.pdf\">AFICHEINFORMATIVOGRAVES<\/a><a href=\"https:\/\/chiguayante.cl\/Chgte\/wp-content\/uploads\/2025\/12\/AFICHEINFORMATIVOGRAVES.pdf\" class=\"wp-block-file__button wp-element-button\" download aria-describedby=\"wp-block-file--media-fb09de19-d4e1-4843-86dc-f20188e767d4\">Descargar<\/a><\/div>\n<\/details>\n\n\n\n<details class=\"wp-block-details is-layout-flow wp-block-details-is-layout-flow\"><summary>AFICHE INFORMATIVO FALTA MENOS GRAVE<\/summary>\n<div data-wp-interactive=\"core\/file\" class=\"wp-block-file\"><object data-wp-bind--hidden=\"!state.hasPdfPreview\" hidden class=\"wp-block-file__embed\" data=\"https:\/\/chiguayante.cl\/Chgte\/wp-content\/uploads\/2025\/12\/AFICHEINFORMATIVOMENOSGRAVES.pdf\" type=\"application\/pdf\" style=\"width:100%;height:600px\" aria-label=\"Incrustado de AFICHEINFORMATIVOMENOSGRAVES.\"><\/object><a id=\"wp-block-file--media-ccb08d1f-dac0-48cc-b200-beb737153f00\" href=\"https:\/\/chiguayante.cl\/Chgte\/wp-content\/uploads\/2025\/12\/AFICHEINFORMATIVOMENOSGRAVES.pdf\">AFICHEINFORMATIVOMENOSGRAVES<\/a><a href=\"https:\/\/chiguayante.cl\/Chgte\/wp-content\/uploads\/2025\/12\/AFICHEINFORMATIVOMENOSGRAVES.pdf\" class=\"wp-block-file__button wp-element-button\" download aria-describedby=\"wp-block-file--media-ccb08d1f-dac0-48cc-b200-beb737153f00\">Descargar<\/a><\/div>\n<\/details>\n\n\n\n<details class=\"wp-block-details is-layout-flow wp-block-details-is-layout-flow\"><summary>CARTA DESISTIMIENTO DENUNCIA<\/summary>\n<div data-wp-interactive=\"core\/file\" class=\"wp-block-file\"><object data-wp-bind--hidden=\"!state.hasPdfPreview\" hidden class=\"wp-block-file__embed\" data=\"https:\/\/chiguayante.cl\/Chgte\/wp-content\/uploads\/2025\/12\/CARTA-DESISTIMIENTO-DENUNCIA.pdf\" type=\"application\/pdf\" style=\"width:100%;height:600px\" aria-label=\"Incrustado de CARTA DESISTIMIENTO DENUNCIA.\"><\/object><a id=\"wp-block-file--media-f1826fc3-4597-4b04-b753-600a88deb716\" href=\"https:\/\/chiguayante.cl\/Chgte\/wp-content\/uploads\/2025\/12\/CARTA-DESISTIMIENTO-DENUNCIA.pdf\">CARTA DESISTIMIENTO DENUNCIA<\/a><a href=\"https:\/\/chiguayante.cl\/Chgte\/wp-content\/uploads\/2025\/12\/CARTA-DESISTIMIENTO-DENUNCIA.pdf\" class=\"wp-block-file__button wp-element-button\" download aria-describedby=\"wp-block-file--media-f1826fc3-4597-4b04-b753-600a88deb716\">Descargar<\/a><\/div>\n<\/details>\n\n\n\n<details class=\"wp-block-details is-layout-flow wp-block-details-is-layout-flow\"><summary>COMPENDIO DE ORDENANZAS MUNICIPALES<\/summary>\n<div data-wp-interactive=\"core\/file\" class=\"wp-block-file\"><object data-wp-bind--hidden=\"!state.hasPdfPreview\" hidden class=\"wp-block-file__embed\" data=\"https:\/\/chiguayante.cl\/Chgte\/wp-content\/uploads\/2025\/12\/Compendio-de-Ordenanzas-Municipales.pdf\" type=\"application\/pdf\" style=\"width:100%;height:600px\" aria-label=\"Incrustado de Compendio de Ordenanzas Municipales.\"><\/object><a id=\"wp-block-file--media-10f2fd08-96f0-44f8-b3a6-2f1fde32fc6c\" href=\"https:\/\/chiguayante.cl\/Chgte\/wp-content\/uploads\/2025\/12\/Compendio-de-Ordenanzas-Municipales.pdf\">Compendio de Ordenanzas Municipales<\/a><a href=\"https:\/\/chiguayante.cl\/Chgte\/wp-content\/uploads\/2025\/12\/Compendio-de-Ordenanzas-Municipales.pdf\" class=\"wp-block-file__button wp-element-button\" download aria-describedby=\"wp-block-file--media-10f2fd08-96f0-44f8-b3a6-2f1fde32fc6c\">Descargar<\/a><\/div>\n<\/details>\n\n\n\n<details class=\"wp-block-details is-layout-flow wp-block-details-is-layout-flow\"><summary>DECLARACI\u00d3N INDAGATORIA<\/summary>\n<div data-wp-interactive=\"core\/file\" class=\"wp-block-file\"><object data-wp-bind--hidden=\"!state.hasPdfPreview\" hidden class=\"wp-block-file__embed\" data=\"https:\/\/chiguayante.cl\/Chgte\/wp-content\/uploads\/2025\/12\/DECLARACION-INDAGATORIA.pdf\" type=\"application\/pdf\" style=\"width:100%;height:600px\" aria-label=\"Incrustado de DECLARACION INDAGATORIA.\"><\/object><a id=\"wp-block-file--media-f7950ee8-e38b-431e-88a3-6305cc82a26c\" href=\"https:\/\/chiguayante.cl\/Chgte\/wp-content\/uploads\/2025\/12\/DECLARACION-INDAGATORIA.pdf\">DECLARACION INDAGATORIA<\/a><a href=\"https:\/\/chiguayante.cl\/Chgte\/wp-content\/uploads\/2025\/12\/DECLARACION-INDAGATORIA.pdf\" class=\"wp-block-file__button wp-element-button\" download aria-describedby=\"wp-block-file--media-f7950ee8-e38b-431e-88a3-6305cc82a26c\">Descargar<\/a><\/div>\n<\/details>\n\n\n\n<details class=\"wp-block-details is-layout-flow wp-block-details-is-layout-flow\"><summary>FORMULARIO DE NOTIFICACION<\/summary>\n<div data-wp-interactive=\"core\/file\" class=\"wp-block-file\"><object data-wp-bind--hidden=\"!state.hasPdfPreview\" hidden class=\"wp-block-file__embed\" data=\"https:\/\/chiguayante.cl\/Chgte\/wp-content\/uploads\/2025\/12\/FORMULARIO-DE-NOTIFICACION.pdf\" type=\"application\/pdf\" style=\"width:100%;height:600px\" aria-label=\"Incrustado de FORMULARIO DE NOTIFICACION.\"><\/object><a id=\"wp-block-file--media-7a577a85-3349-49cc-a8ca-5045cf85053b\" href=\"https:\/\/chiguayante.cl\/Chgte\/wp-content\/uploads\/2025\/12\/FORMULARIO-DE-NOTIFICACION.pdf\">FORMULARIO DE NOTIFICACION<\/a><a href=\"https:\/\/chiguayante.cl\/Chgte\/wp-content\/uploads\/2025\/12\/FORMULARIO-DE-NOTIFICACION.pdf\" class=\"wp-block-file__button wp-element-button\" download aria-describedby=\"wp-block-file--media-7a577a85-3349-49cc-a8ca-5045cf85053b\">Descargar<\/a><\/div>\n<\/details>\n\n\n\n<details class=\"wp-block-details is-layout-flow wp-block-details-is-layout-flow\"><summary>FORMULARIO DECLARACION INDAGATORIA<\/summary>\n<div data-wp-interactive=\"core\/file\" class=\"wp-block-file\"><object data-wp-bind--hidden=\"!state.hasPdfPreview\" hidden class=\"wp-block-file__embed\" data=\"https:\/\/chiguayante.cl\/Chgte\/wp-content\/uploads\/2025\/12\/FORMULARIO-DECLARACION-INDAGATORIA.pdf\" type=\"application\/pdf\" style=\"width:100%;height:600px\" aria-label=\"Incrustado de FORMULARIO DECLARACION INDAGATORIA.\"><\/object><a id=\"wp-block-file--media-44bb1953-266d-44c8-b4e2-9d6955cca46b\" href=\"https:\/\/chiguayante.cl\/Chgte\/wp-content\/uploads\/2025\/12\/FORMULARIO-DECLARACION-INDAGATORIA.pdf\">FORMULARIO DECLARACION INDAGATORIA<\/a><a href=\"https:\/\/chiguayante.cl\/Chgte\/wp-content\/uploads\/2025\/12\/FORMULARIO-DECLARACION-INDAGATORIA.pdf\" class=\"wp-block-file__button wp-element-button\" download aria-describedby=\"wp-block-file--media-44bb1953-266d-44c8-b4e2-9d6955cca46b\">Descargar<\/a><\/div>\n<\/details>\n\n\n\n<details class=\"wp-block-details is-layout-flow wp-block-details-is-layout-flow\"><summary>FORMULARIO DE DESCARGOS<\/summary>\n<div data-wp-interactive=\"core\/file\" class=\"wp-block-file\"><object data-wp-bind--hidden=\"!state.hasPdfPreview\" hidden class=\"wp-block-file__embed\" data=\"https:\/\/chiguayante.cl\/Chgte\/wp-content\/uploads\/2025\/12\/FORMULARIODESCARGOS.pdf\" type=\"application\/pdf\" style=\"width:100%;height:600px\" aria-label=\"Incrustado de FORMULARIODESCARGOS.\"><\/object><a id=\"wp-block-file--media-825d50d9-4f4b-426f-944a-84ba595f0826\" href=\"https:\/\/chiguayante.cl\/Chgte\/wp-content\/uploads\/2025\/12\/FORMULARIODESCARGOS.pdf\">FORMULARIODESCARGOS<\/a><a href=\"https:\/\/chiguayante.cl\/Chgte\/wp-content\/uploads\/2025\/12\/FORMULARIODESCARGOS.pdf\" class=\"wp-block-file__button wp-element-button\" download aria-describedby=\"wp-block-file--media-825d50d9-4f4b-426f-944a-84ba595f0826\">Descargar<\/a><\/div>\n<\/details>\n\n\n\n<details class=\"wp-block-details is-layout-flow wp-block-details-is-layout-flow\"><summary>FORMULARIO PERMISO PROVISORIO<\/summary>\n<div data-wp-interactive=\"core\/file\" class=\"wp-block-file\"><object data-wp-bind--hidden=\"!state.hasPdfPreview\" hidden class=\"wp-block-file__embed\" data=\"https:\/\/chiguayante.cl\/Chgte\/wp-content\/uploads\/2025\/12\/FORMULARIOPERMISOPROVISORIO.pdf\" type=\"application\/pdf\" style=\"width:100%;height:600px\" aria-label=\"Incrustado de FORMULARIOPERMISOPROVISORIO.\"><\/object><a id=\"wp-block-file--media-6eff6c8f-db5b-480e-a602-926ac368cc2d\" href=\"https:\/\/chiguayante.cl\/Chgte\/wp-content\/uploads\/2025\/12\/FORMULARIOPERMISOPROVISORIO.pdf\">FORMULARIOPERMISOPROVISORIO<\/a><a href=\"https:\/\/chiguayante.cl\/Chgte\/wp-content\/uploads\/2025\/12\/FORMULARIOPERMISOPROVISORIO.pdf\" class=\"wp-block-file__button wp-element-button\" download aria-describedby=\"wp-block-file--media-6eff6c8f-db5b-480e-a602-926ac368cc2d\">Descargar<\/a><\/div>\n<\/details>\n\n\n\n<details class=\"wp-block-details is-layout-flow wp-block-details-is-layout-flow\"><summary>FORMULARIO REPOSICION<\/summary>\n<div data-wp-interactive=\"core\/file\" class=\"wp-block-file\"><object data-wp-bind--hidden=\"!state.hasPdfPreview\" hidden class=\"wp-block-file__embed\" data=\"https:\/\/chiguayante.cl\/Chgte\/wp-content\/uploads\/2025\/12\/FORMULARIOREPOSICION.pdf\" type=\"application\/pdf\" style=\"width:100%;height:600px\" aria-label=\"Incrustado de FORMULARIOREPOSICION.\"><\/object><a id=\"wp-block-file--media-4e69c909-f546-464f-8a7f-77c5295852fb\" href=\"https:\/\/chiguayante.cl\/Chgte\/wp-content\/uploads\/2025\/12\/FORMULARIOREPOSICION.pdf\">FORMULARIOREPOSICION<\/a><a href=\"https:\/\/chiguayante.cl\/Chgte\/wp-content\/uploads\/2025\/12\/FORMULARIOREPOSICION.pdf\" class=\"wp-block-file__button wp-element-button\" download aria-describedby=\"wp-block-file--media-4e69c909-f546-464f-8a7f-77c5295852fb\">Descargar<\/a><\/div>\n<\/details>\n\n\n\n<details class=\"wp-block-details is-layout-flow wp-block-details-is-layout-flow\"><summary>FORMULARIO SOLICITUD DICTE SENTENCIA<\/summary>\n<div data-wp-interactive=\"core\/file\" class=\"wp-block-file\"><object data-wp-bind--hidden=\"!state.hasPdfPreview\" hidden class=\"wp-block-file__embed\" data=\"https:\/\/chiguayante.cl\/Chgte\/wp-content\/uploads\/2025\/12\/FORMULARIOSOLICITADICTESENTENCIA.pdf\" type=\"application\/pdf\" style=\"width:100%;height:600px\" aria-label=\"Incrustado de FORMULARIOSOLICITADICTESENTENCIA.\"><\/object><a id=\"wp-block-file--media-68bd756d-24f5-4761-9823-1d335b89b0e7\" href=\"https:\/\/chiguayante.cl\/Chgte\/wp-content\/uploads\/2025\/12\/FORMULARIOSOLICITADICTESENTENCIA.pdf\">FORMULARIOSOLICITADICTESENTENCIA<\/a><a href=\"https:\/\/chiguayante.cl\/Chgte\/wp-content\/uploads\/2025\/12\/FORMULARIOSOLICITADICTESENTENCIA.pdf\" class=\"wp-block-file__button wp-element-button\" download aria-describedby=\"wp-block-file--media-68bd756d-24f5-4761-9823-1d335b89b0e7\">Descargar<\/a><\/div>\n<\/details>\n\n\n\n<details class=\"wp-block-details is-layout-flow wp-block-details-is-layout-flow\"><summary>FORMULARIO VENTA DE ALCOHOLES<\/summary>\n<div data-wp-interactive=\"core\/file\" class=\"wp-block-file\"><object data-wp-bind--hidden=\"!state.hasPdfPreview\" hidden class=\"wp-block-file__embed\" data=\"https:\/\/chiguayante.cl\/Chgte\/wp-content\/uploads\/2025\/12\/formularioventadealcoholes.pdf\" type=\"application\/pdf\" style=\"width:100%;height:600px\" aria-label=\"Incrustado de formularioventadealcoholes.\"><\/object><a id=\"wp-block-file--media-97dff88e-5614-497c-8358-1668f7c112c8\" href=\"https:\/\/chiguayante.cl\/Chgte\/wp-content\/uploads\/2025\/12\/formularioventadealcoholes.pdf\">formularioventadealcoholes<\/a><a href=\"https:\/\/chiguayante.cl\/Chgte\/wp-content\/uploads\/2025\/12\/formularioventadealcoholes.pdf\" class=\"wp-block-file__button wp-element-button\" download aria-describedby=\"wp-block-file--media-97dff88e-5614-497c-8358-1668f7c112c8\">Descargar<\/a><\/div>\n<\/details>\n\n\n\n<details class=\"wp-block-details is-layout-flow wp-block-details-is-layout-flow\"><summary>FORMULARIO NUEVO DOMICILIO<\/summary>\n<div data-wp-interactive=\"core\/file\" class=\"wp-block-file\"><object data-wp-bind--hidden=\"!state.hasPdfPreview\" hidden class=\"wp-block-file__embed\" data=\"https:\/\/chiguayante.cl\/Chgte\/wp-content\/uploads\/2025\/12\/NUEVODOMICILIO.pdf\" type=\"application\/pdf\" style=\"width:100%;height:600px\" aria-label=\"Incrustado de NUEVODOMICILIO.\"><\/object><a id=\"wp-block-file--media-a6456118-d8bc-4d18-9cfe-b6b91fdfddb2\" href=\"https:\/\/chiguayante.cl\/Chgte\/wp-content\/uploads\/2025\/12\/NUEVODOMICILIO.pdf\">NUEVODOMICILIO<\/a><a href=\"https:\/\/chiguayante.cl\/Chgte\/wp-content\/uploads\/2025\/12\/NUEVODOMICILIO.pdf\" class=\"wp-block-file__button wp-element-button\" download aria-describedby=\"wp-block-file--media-a6456118-d8bc-4d18-9cfe-b6b91fdfddb2\">Descargar<\/a><\/div>\n<\/details>\n\n\n\n<details class=\"wp-block-details is-layout-flow wp-block-details-is-layout-flow\"><summary>FORMULARIO SOLICITUD DE TESTIGOS.<\/summary>\n<div data-wp-interactive=\"core\/file\" class=\"wp-block-file\"><object data-wp-bind--hidden=\"!state.hasPdfPreview\" hidden class=\"wp-block-file__embed\" data=\"https:\/\/chiguayante.cl\/Chgte\/wp-content\/uploads\/2025\/12\/SOLICITALISTATESTIGOS.pdf\" type=\"application\/pdf\" style=\"width:100%;height:600px\" aria-label=\"Incrustado de SOLICITALISTATESTIGOS.\"><\/object><a id=\"wp-block-file--media-438a9162-f8b1-46f0-be80-482c84855748\" href=\"https:\/\/chiguayante.cl\/Chgte\/wp-content\/uploads\/2025\/12\/SOLICITALISTATESTIGOS.pdf\">SOLICITALISTATESTIGOS<\/a><a href=\"https:\/\/chiguayante.cl\/Chgte\/wp-content\/uploads\/2025\/12\/SOLICITALISTATESTIGOS.pdf\" class=\"wp-block-file__button wp-element-button\" download aria-describedby=\"wp-block-file--media-438a9162-f8b1-46f0-be80-482c84855748\">Descargar<\/a><\/div>\n<\/details>\n\n\n\n<p><\/p>\n\n\n\n<p>Ley de tr\u00e1nsito<br><a href=\"https:\/\/www.bcn.cl\/leychile\/navegar?idNorma=29708\">https:\/\/www.bcn.cl\/leychile\/navegar?idNorma=29708<\/a><\/p>\n\n\n\n<p>Ley de Rentas y Patentes<br><a href=\"https:\/\/www.bcn.cl\/leychile\/navegar?idNorma=18967\">https:\/\/www.bcn.cl\/leychile\/navegar?idNorma=18967<\/a><\/p>\n\n\n\n<p>Ley de alcoholes<br><a href=\"https:\/\/www.bcn.cl\/leychile\/navegar?idNorma=220208\">https:\/\/www.bcn.cl\/leychile\/navegar?idNorma=220208<\/a><\/p>\n\n\n\n<p>ley de tabacos<br><a href=\"https:\/\/www.bcn.cl\/leychile\/consulta\/listaresultadosimple?cadena=ley%20de%20tabacos&amp;itemsporpagina=10&amp;npagina=1\">https:\/\/www.bcn.cl\/leychile\/consulta\/listaresultadosimple?cadena=ley%20de%20tabacos&amp;itemsporpagina=10&amp;npagina=1<\/a><\/p>\n\n\n\n<p>Ley General de Urbanismo y Construcciones<br><a href=\"https:\/\/www.bcn.cl\/leychile\/navegar?idNorma=13560\">https:\/\/www.bcn.cl\/leychile\/navegar?idNorma=13560<\/a><\/p>\n\n\n\n<p>Ley de Bosques<br><a href=\"https:\/\/www.conaf.cl\/cms\/editorweb\/transparencia\/potestades\/Dto-4363_ley-bosques.pdf\">https:\/\/www.conaf.cl\/cms\/editorweb\/transparencia\/potestades\/Dto-4363_ley-bosques.pdf<\/a><\/p>\n\n\n\n<p>Ley de protecci\u00f3n al Consumidor<br><a href=\"https:\/\/www.leychile.cl\/Navegar?idNorma=61438\">https:\/\/www.leychile.cl\/Navegar?idNorma=61438<\/a><\/p>\n\n\n\n<p>Ley de Copropiedad Inmobiliaria<br><a href=\"https:\/\/www.leychile.cl\/Navegar?idNorma=81505\">https:\/\/www.leychile.cl\/Navegar?idNorma=81505<\/a><\/p>\n\n\n\n<p>Ley Sobre Seguridad Privada<br><a href=\"https:\/\/www.bcn.cl\/leychile\/navegar?idNorma=1116274\">https:\/\/www.bcn.cl\/leychile\/navegar?idNorma=1116274<\/a><\/p>\n","protected":false},"excerpt":{"rendered":"<p>Juez:&nbsp;Ram\u00f3n Garcia Odgers Fono:\u00a0412508182 \/ +56 9 5229 9805 E-mail-JPL:&nbsp;&nbsp;juzgadodepolicialocal@munichiguayante.cl Direcci\u00f3n:&nbsp;Orozimbo Barbosa 99, Parque Los Casta\u00f1os Funciones b\u00e1sicas: Es de&nbsp;competencia&nbsp;del Juzgado de Polic\u00eda Local las infracciones: las normas sobre el&nbsp;transporte&nbsp;por calles y caminos y el&nbsp;tr\u00e1nsito&nbsp;libre de las personas; a las ordenanzas, reglamentos, acuerdos municipales y decretos de la&nbsp;alcald\u00eda; a ley sobre rentas municipales; a ley&#8230;<\/p>\n","protected":false},"author":1,"featured_media":0,"parent":0,"menu_order":0,"comment_status":"closed","ping_status":"closed","template":"","meta":{"footnotes":"","_links_to":"","_links_to_target":""},"class_list":["post-159","page","type-page","status-publish","hentry"],"_links":{"self":[{"href":"https:\/\/chiguayante.cl\/Chgte\/index.php?rest_route=\/wp\/v2\/pages\/159","targetHints":{"allow":["GET"]}}],"collection":[{"href":"https:\/\/chiguayante.cl\/Chgte\/index.php?rest_route=\/wp\/v2\/pages"}],"about":[{"href":"https:\/\/chiguayante.cl\/Chgte\/index.php?rest_route=\/wp\/v2\/types\/page"}],"author":[{"embeddable":true,"href":"https:\/\/chiguayante.cl\/Chgte\/index.php?rest_route=\/wp\/v2\/users\/1"}],"replies":[{"embeddable":true,"href":"https:\/\/chiguayante.cl\/Chgte\/index.php?rest_route=%2Fwp%2Fv2%2Fcomments&post=159"}],"version-history":[{"count":4,"href":"https:\/\/chiguayante.cl\/Chgte\/index.php?rest_route=\/wp\/v2\/pages\/159\/revisions"}],"predecessor-version":[{"id":684,"href":"https:\/\/chiguayante.cl\/Chgte\/index.php?rest_route=\/wp\/v2\/pages\/159\/revisions\/684"}],"wp:attachment":[{"href":"https:\/\/chiguayante.cl\/Chgte\/index.php?rest_route=%2Fwp%2Fv2%2Fmedia&parent=159"}],"curies":[{"name":"wp","href":"https:\/\/api.w.org\/{rel}","templated":true}]}}