{"id":157,"date":"2025-10-24T13:29:52","date_gmt":"2025-10-24T16:29:52","guid":{"rendered":"https:\/\/chiguayante.cl\/Chgte\/?page_id=157"},"modified":"2025-10-24T13:29:52","modified_gmt":"2025-10-24T16:29:52","slug":"direccion-de-transito-y-transporte-publico","status":"publish","type":"page","link":"https:\/\/chiguayante.cl\/Chgte\/?page_id=157","title":{"rendered":"Direcci\u00f3n de Tr\u00e1nsito y Transporte P\u00fablico"},"content":{"rendered":"\n<p><strong>Director:<\/strong>&nbsp;Juan&nbsp;Alca\u00edno Espinoza<\/p>\n\n\n\n<p><strong>E-mai<\/strong>l:&nbsp;<a href=\"mailto:juan.alcaino@munichiguayante.cl\">juan.alcaino@munichiguayante.cl<\/a><\/p>\n\n\n\n<p><strong>Fono Secretaria:<\/strong>&nbsp;41 250 81 60<\/p>\n\n\n\n<p><strong>Fono Licencias de Conducir:&nbsp;<\/strong>41 250 81 74<\/p>\n\n\n\n<p><strong>Fono Permiso de Circulaci\u00f3n Vehicular:<\/strong>&nbsp;41 250 81 62<\/p>\n\n\n\n<p><strong>Direcci\u00f3n:<\/strong>&nbsp;Orozimbo Barbosa 104, Parque Los Casta\u00f1os<\/p>\n\n\n\n<p>&#8230;&#8230;&#8230;&#8230;&#8230;&#8230;&#8230;&#8230;&#8230;&#8230;&#8230;&#8230;&#8230;&#8230;&#8230;&#8230;&#8230;&#8230;&#8230;&#8230;&#8230;&#8230;&#8230;&#8230;&#8230;&#8230;&#8230;&#8230;&#8230;<\/p>\n\n\n\n<p><strong>Funciones b\u00e1sicas:<\/strong><\/p>\n\n\n\n<p>a) Otorgar, renovar, restringir denegar y cancelar licencias para conducir veh\u00edculos, y otorgar duplicado de \u00e9stas cuando proceda e informar de estos antecedentes al Registro Nacional de Conductores.<\/p>\n\n\n\n<p>b) Otorgar, permisos de circulaci\u00f3n a los veh\u00edculos, de acuerdo con las instrucciones, dict\u00e1menes y legislaci\u00f3n vigente.<\/p>\n\n\n\n<p>c) Determinar el sentido de circulaci\u00f3n de veh\u00edculos en coordinaci\u00f3n con los organismos de la Administraci\u00f3n del Estado competentes.<\/p>\n\n\n\n<p>d) Se\u00f1alizar adecuadamente las v\u00edas p\u00fablicas.<\/p>\n\n\n\n<p>e) En general, aplicar las normas generales sobre tr\u00e1nsito y transporte p\u00fablico en la Comuna:<\/p>\n\n\n\n<p>e.1) Ejercer las funciones que le encomiende la Ley de Tr\u00e1nsito.<br>e.2) Cumplir con las normas e instrucciones emanadas del Ministerio de Transportes, Intendencia y otros organismos en las materias que competan a la Direcci\u00f3n.<br>e.3) Mantener actualizadas y velar por el cumplimiento de las Ordenanzas Locales Comunales relativas a tr\u00e1nsito.<\/p>\n\n\n\n<p>f) Entregar informes t\u00e9cnicos y\/o administrativos que solicitan los Tribunales de Justicia y otras autoridades competentes para ello.<\/p>\n\n\n\n<p>g) Planificar y proponer anualmente al Alcalde, un plan de otorgamiento de Permisos de Circulaci\u00f3n, en conjunto con otros Departamentos Municipales.<\/p>\n\n\n\n<p>h) Velar, en coordinaci\u00f3n con la unidad de Carabineros del sector jurisdiccional e Inspectores Municipales del cumplimiento de las disposiciones legales en materia de tr\u00e1nsito y transporte p\u00fablico en la comuna.<\/p>\n\n\n\n<p>i) Orientar el quehacer de la Direcci\u00f3n en funci\u00f3n del Plan de Desarrollo Comunal, la Misi\u00f3n Municipal y la Planificaci\u00f3n Estrat\u00e9gica.<\/p>\n\n\n\n<p>j) Evaluar los estudios de impacto sobre el sistema de transporte urbano de Chiguayante.<\/p>\n\n\n\n<p>k) Fomentar una conducta \u00e9tica de seguridad de tr\u00e1nsito en todos los usuarios de las v\u00edas (peatones, conductores y pasajeros), mediante acciones preventivas, que permita que los factores de riesgos de accidentes de tr\u00e1nsito, est\u00e9n bajo control.<\/p>\n\n\n\n<p>l) Dar cumplimiento en lo que le corresponda, a la Ley 20.285 sobre Acceso a la Informaci\u00f3n P\u00fablica, tanto activa como pasiva.<\/p>\n\n\n\n<p>m) lmplementar, operar y mantener en su Direcci\u00f3n, segun su funci\u00f3n las actividades y\/o procesos que se establezcan en el Sistema de Gesti\u00f3n Municipal de Calidad, Ambiente, Seguridad y Salud Ocupacional, seg\u00fan lo definido en el Manual de Estructura y Responsabilidades del Sistema de Gesti\u00f3n M-ES-003.<\/p>\n\n\n\n<p>n) Cumplir las dem\u00e1s funciones que le se\u00f1ale el Alcalde, en conformidad con la legislaci\u00f3n vigente.<\/p>\n","protected":false},"excerpt":{"rendered":"<p>Director:&nbsp;Juan&nbsp;Alca\u00edno Espinoza E-mail:&nbsp;juan.alcaino@munichiguayante.cl Fono Secretaria:&nbsp;41 250 81 60 Fono Licencias de Conducir:&nbsp;41 250 81 74 Fono Permiso de Circulaci\u00f3n Vehicular:&nbsp;41 250 81 62 Direcci\u00f3n:&nbsp;Orozimbo Barbosa 104, Parque Los Casta\u00f1os &#8230;&#8230;&#8230;&#8230;&#8230;&#8230;&#8230;&#8230;&#8230;&#8230;&#8230;&#8230;&#8230;&#8230;&#8230;&#8230;&#8230;&#8230;&#8230;&#8230;&#8230;&#8230;&#8230;&#8230;&#8230;&#8230;&#8230;&#8230;&#8230; Funciones b\u00e1sicas: a) Otorgar, renovar, restringir denegar y cancelar licencias para conducir veh\u00edculos, y otorgar duplicado de \u00e9stas cuando proceda e informar de estos antecedentes&#8230;<\/p>\n","protected":false},"author":1,"featured_media":0,"parent":0,"menu_order":0,"comment_status":"closed","ping_status":"closed","template":"","meta":{"footnotes":"","_links_to":"","_links_to_target":""},"class_list":["post-157","page","type-page","status-publish","hentry"],"_links":{"self":[{"href":"https:\/\/chiguayante.cl\/Chgte\/index.php?rest_route=\/wp\/v2\/pages\/157","targetHints":{"allow":["GET"]}}],"collection":[{"href":"https:\/\/chiguayante.cl\/Chgte\/index.php?rest_route=\/wp\/v2\/pages"}],"about":[{"href":"https:\/\/chiguayante.cl\/Chgte\/index.php?rest_route=\/wp\/v2\/types\/page"}],"author":[{"embeddable":true,"href":"https:\/\/chiguayante.cl\/Chgte\/index.php?rest_route=\/wp\/v2\/users\/1"}],"replies":[{"embeddable":true,"href":"https:\/\/chiguayante.cl\/Chgte\/index.php?rest_route=%2Fwp%2Fv2%2Fcomments&post=157"}],"version-history":[{"count":1,"href":"https:\/\/chiguayante.cl\/Chgte\/index.php?rest_route=\/wp\/v2\/pages\/157\/revisions"}],"predecessor-version":[{"id":158,"href":"https:\/\/chiguayante.cl\/Chgte\/index.php?rest_route=\/wp\/v2\/pages\/157\/revisions\/158"}],"wp:attachment":[{"href":"https:\/\/chiguayante.cl\/Chgte\/index.php?rest_route=%2Fwp%2Fv2%2Fmedia&parent=157"}],"curies":[{"name":"wp","href":"https:\/\/api.w.org\/{rel}","templated":true}]}}