{"id":153,"date":"2025-10-24T13:26:50","date_gmt":"2025-10-24T16:26:50","guid":{"rendered":"https:\/\/chiguayante.cl\/Chgte\/?page_id=153"},"modified":"2025-12-18T13:14:56","modified_gmt":"2025-12-18T16:14:56","slug":"direccion-de-administracion-y-finanzas","status":"publish","type":"page","link":"https:\/\/chiguayante.cl\/Chgte\/?page_id=153","title":{"rendered":"Direcci\u00f3n de Administraci\u00f3n y Finanzas"},"content":{"rendered":"\n<p><strong>Directora:<\/strong>\u00a0Lissette Allaire Soto<\/p>\n\n\n\n<p><strong>Fono:<\/strong>&nbsp;41 250 81 30<\/p>\n\n\n\n<p><strong>E-mail:&nbsp;<\/strong><a href=\"mailto:lissette.allaire@munichiguayante.cl\">lissette.allaire@munichiguayante.cl<\/a><\/p>\n\n\n\n<p><strong>Direcci\u00f3n:<\/strong>&nbsp;Orozimbo Barbosa 104, Parque Los Casta\u00f1os<\/p>\n\n\n\n<p>&#8230;&#8230;&#8230;&#8230;&#8230;&#8230;&#8230;&#8230;&#8230;&#8230;&#8230;&#8230;&#8230;&#8230;&#8230;&#8230;&#8230;&#8230;&#8230;&#8230;&#8230;&#8230;&#8230;&#8230;&#8230;&#8230;&#8230;&#8230;&#8230;&#8230;.<\/p>\n\n\n\n<p><strong>Funciones b\u00e1sicas:<\/strong><\/p>\n\n\n\n<p>a) Asesorar al Alcalde y al Administrador Municipal en la administraci\u00f3n del personal de la Municipalidad.<\/p>\n\n\n\n<p>b) Asesorar al Alcalde y al Administrador Municipal en la administraci\u00f3n financiera de los bienes municipales, tanto propios como los asignados a los servicios incorporados de Salud, Educaci\u00f3n y del Cementerio Municipal.<\/p>\n\n\n\n<p>c) Administrar la adquisici\u00f3n, el uso eficiente y la eventual enajenaci\u00f3n de los recursos materiales de la Municipalidad.<\/p>\n\n\n\n<p>d) Estudiar, calcular, proponer y regular la percepci\u00f3n de cualquier tipo de ingresos municipales.<\/p>\n\n\n\n<p>e) Colaborar con la Secretar\u00eda Comunal de Planificaci\u00f3n en la elaboraci\u00f3n del Presupuesto de la Municipalidad.<\/p>\n\n\n\n<p>f) Visar los Decretos de Pago.<\/p>\n\n\n\n<p>g) Llevar la contabilidad municipal en conformidad con las normas de la contabilidad nacional y las instrucciones que, al respecto, imparta la Contralor\u00eda&nbsp;General de la Rep\u00fablica.<\/p>\n\n\n\n<p>h) Controlar la gesti\u00f3n financiera de las empresas municipales.<\/p>\n\n\n\n<p>i) Efectuar los pagos municipales, manejar las cuentas bancarias respectivas y rendir cuenta a la Contralor\u00eda General de la Rep\u00fablica.<\/p>\n\n\n\n<p>j) Ejercer el control y velar por el cumplimiento de las normas financieras, contables y presupuestarias de los servicios traspasados.<\/p>\n\n\n\n<p>k) Preparar estados mensuales e informar peri\u00f3dicamente al Alcalde, al Administrador Municipal y a los Directores Municipales de los movimientos presupuestarios correspondientes a cada una de estas unidades.<\/p>\n\n\n\n<p>l) Otras funciones que el Alcalde le asigne, de conformidad a la legislaci\u00f3n vigente y que no sean de aquellas que la Ley asigne a otras unidades.<\/p>\n\n\n\n<p>m) Integrar el Comit\u00e9 del Area de Gesti\u00f3n Interna, conjuntamente con el Administrador Municipal, el Director de Operaciones y los funcionarios que designe el Administrador Municipal.<\/p>\n\n\n\n<p>n) Orientar el quehacer de la Direcci\u00f3n en funci\u00f3n del Plan de Desarrollo Comunal, la Misi\u00f3n Municipal y la Planificaci\u00f3n Estrat\u00e9gica.<\/p>\n\n\n\n<p>o) Recaudar y percibir los ingresos municipales y fiscales que correspondan.<\/p>\n\n\n\n<p>p) Coordinar con la Direcci\u00f3n de Servicios Incorporados la administraci\u00f3n de los recursos humanos, materiales y financieros.<\/p>\n","protected":false},"excerpt":{"rendered":"<p>Directora:\u00a0Lissette Allaire Soto Fono:&nbsp;41 250 81 30 E-mail:&nbsp;lissette.allaire@munichiguayante.cl Direcci\u00f3n:&nbsp;Orozimbo Barbosa 104, Parque Los Casta\u00f1os &#8230;&#8230;&#8230;&#8230;&#8230;&#8230;&#8230;&#8230;&#8230;&#8230;&#8230;&#8230;&#8230;&#8230;&#8230;&#8230;&#8230;&#8230;&#8230;&#8230;&#8230;&#8230;&#8230;&#8230;&#8230;&#8230;&#8230;&#8230;&#8230;&#8230;. Funciones b\u00e1sicas: a) Asesorar al Alcalde y al Administrador Municipal en la administraci\u00f3n del personal de la Municipalidad. b) Asesorar al Alcalde y al Administrador Municipal en la administraci\u00f3n financiera de los bienes municipales, tanto propios como los asignados a&#8230;<\/p>\n","protected":false},"author":1,"featured_media":0,"parent":0,"menu_order":0,"comment_status":"closed","ping_status":"closed","template":"","meta":{"footnotes":"","_links_to":"","_links_to_target":""},"class_list":["post-153","page","type-page","status-publish","hentry"],"_links":{"self":[{"href":"https:\/\/chiguayante.cl\/Chgte\/index.php?rest_route=\/wp\/v2\/pages\/153","targetHints":{"allow":["GET"]}}],"collection":[{"href":"https:\/\/chiguayante.cl\/Chgte\/index.php?rest_route=\/wp\/v2\/pages"}],"about":[{"href":"https:\/\/chiguayante.cl\/Chgte\/index.php?rest_route=\/wp\/v2\/types\/page"}],"author":[{"embeddable":true,"href":"https:\/\/chiguayante.cl\/Chgte\/index.php?rest_route=\/wp\/v2\/users\/1"}],"replies":[{"embeddable":true,"href":"https:\/\/chiguayante.cl\/Chgte\/index.php?rest_route=%2Fwp%2Fv2%2Fcomments&post=153"}],"version-history":[{"count":2,"href":"https:\/\/chiguayante.cl\/Chgte\/index.php?rest_route=\/wp\/v2\/pages\/153\/revisions"}],"predecessor-version":[{"id":636,"href":"https:\/\/chiguayante.cl\/Chgte\/index.php?rest_route=\/wp\/v2\/pages\/153\/revisions\/636"}],"wp:attachment":[{"href":"https:\/\/chiguayante.cl\/Chgte\/index.php?rest_route=%2Fwp%2Fv2%2Fmedia&parent=153"}],"curies":[{"name":"wp","href":"https:\/\/api.w.org\/{rel}","templated":true}]}}