{"id":149,"date":"2025-10-24T13:24:47","date_gmt":"2025-10-24T16:24:47","guid":{"rendered":"https:\/\/chiguayante.cl\/Chgte\/?page_id=149"},"modified":"2026-01-22T10:37:09","modified_gmt":"2026-01-22T13:37:09","slug":"secretaria-municipal","status":"publish","type":"page","link":"https:\/\/chiguayante.cl\/Chgte\/?page_id=149","title":{"rendered":"Secretar\u00eda Municipal"},"content":{"rendered":"\n<p><strong>Secretario Municipal (S):<\/strong>&nbsp;H\u00e9ctor Rodr\u00edguez Ortega<\/p>\n\n\n\n<p><strong>Fono:<\/strong>&nbsp;41 250 81 50<\/p>\n\n\n\n<p><strong>E-mail: <\/strong>hector.rodriguez@munichiguayante.cl<\/p>\n\n\n\n<p><strong>Direcci\u00f3n:<\/strong>&nbsp;Orozimbo Barbosa 104<\/p>\n\n\n\n<p><strong>Funciones b\u00e1sicas:<\/strong><\/p>\n\n\n\n<p>a) Servir de Secretar\u00eda Administrativa del Alcalde y del Concejo Municipal.<\/p>\n\n\n\n<p>b) Confeccionar los decretos y resoluciones para ser suscritos por el Alcalde, salvo aquellos que por versar sobre materias t\u00e9cnicas espec\u00edficas, su confecci\u00f3n est\u00e1 radicada en la unidad de origen.<\/p>\n\n\n\n<p>c) Certificar que las copias son fieles a los originales de los decretos, reglamentos, ordenanzas y resoluciones municipales.<\/p>\n\n\n\n<p>d) Llevar el archivo de todos los documentos antes indicados.<\/p>\n\n\n\n<p>e) Cumplir las funciones que le asigna la Ley N\u00ba 19.418, sobre Juntas de Vecinos y dem\u00e1s organizaciones comunitarias.<\/p>\n\n\n\n<p>f) Recibir los antecedentes sobre construcci\u00f3n de nuevas organizaciones comunitarias que soliciten su inscripci\u00f3n en el Registro de Organizaciones Comunitarias que de conformidad a la Ley N\u00ba 19.418 lleva la Secretar\u00eda Municipal, para proceder a su inscripci\u00f3n y la obtenci\u00f3n de la personalidad jur\u00eddica.<\/p>\n\n\n\n<p>g) Preparar los documentos que den respuesta a las organizaciones, ya sea inform\u00e1ndoles de la conformidad de los antecedentes que avalaron su inscripci\u00f3n o detall\u00e1ndoles las observaciones que deben subsanar para que la personalidad jur\u00eddica obtenida quede a firme.<\/p>\n\n\n\n<p>h) Incorporar al Registro de Organizaciones Comunitarias, todas las modificaciones que las entidades inscritas hagan a sus estatutos, directivas, n\u00f3minas de socio y otros antecedentes que por disposici\u00f3n legal las organizaciones deben informar a la Secretar\u00eda Municipal para mantener actualizados sus antecedentes y plenamente vigente su personalidad jur\u00eddica.&nbsp; Caducar las que no funcionen.<\/p>\n\n\n\n<p>l) Actuar como Ministro de Fe en todas las actuaciones Municipales.<\/p>\n\n\n\n<p>j) Desarrollar las actividades espec\u00edficas que le asigna la Ley Org\u00e1nica Constitucional de Municipalidades, en relaci\u00f3n a la constituci\u00f3n y funcionamiento del Concejo Municipal.<\/p>\n\n\n\n<p>k) Preparar las convocatorias a las sesiones del Concejo y velar por su oportuno despacho a los se\u00f1ores concejales.<\/p>\n\n\n\n<p>l) Confeccionar las actas de las sesiones del Concejo.<\/p>\n\n\n\n<p>m) Llevar un registro con todos los acuerdos del Concejo y de la documentaci\u00f3n que sale y llega a \u00e9ste.<\/p>\n\n\n\n<p>n) Recibir, mantener y tramitar cuando corresponda, la declaraci\u00f3n de intereses establecidos por la ley N\u00ba 18.575.<\/p>\n\n\n\n<p>\u00f1) Cumplir con las dem\u00e1s funciones que el Alcalde le asigne de acuerdo a la naturaleza de sus funciones, que est\u00e9n dentro del marco legal y que no sea de aquellas que la ley asigna a otras unidades.<\/p>\n","protected":false},"excerpt":{"rendered":"<p>Secretario Municipal (S):&nbsp;H\u00e9ctor Rodr\u00edguez Ortega Fono:&nbsp;41 250 81 50 E-mail: hector.rodriguez@munichiguayante.cl Direcci\u00f3n:&nbsp;Orozimbo Barbosa 104 Funciones b\u00e1sicas: a) Servir de Secretar\u00eda Administrativa del Alcalde y del Concejo Municipal. b) Confeccionar los decretos y resoluciones para ser suscritos por el Alcalde, salvo aquellos que por versar sobre materias t\u00e9cnicas espec\u00edficas, su confecci\u00f3n est\u00e1 radicada en la unidad&#8230;<\/p>\n","protected":false},"author":1,"featured_media":0,"parent":0,"menu_order":0,"comment_status":"closed","ping_status":"closed","template":"","meta":{"footnotes":"","_links_to":"","_links_to_target":""},"class_list":["post-149","page","type-page","status-publish","hentry"],"_links":{"self":[{"href":"https:\/\/chiguayante.cl\/Chgte\/index.php?rest_route=\/wp\/v2\/pages\/149","targetHints":{"allow":["GET"]}}],"collection":[{"href":"https:\/\/chiguayante.cl\/Chgte\/index.php?rest_route=\/wp\/v2\/pages"}],"about":[{"href":"https:\/\/chiguayante.cl\/Chgte\/index.php?rest_route=\/wp\/v2\/types\/page"}],"author":[{"embeddable":true,"href":"https:\/\/chiguayante.cl\/Chgte\/index.php?rest_route=\/wp\/v2\/users\/1"}],"replies":[{"embeddable":true,"href":"https:\/\/chiguayante.cl\/Chgte\/index.php?rest_route=%2Fwp%2Fv2%2Fcomments&post=149"}],"version-history":[{"count":3,"href":"https:\/\/chiguayante.cl\/Chgte\/index.php?rest_route=\/wp\/v2\/pages\/149\/revisions"}],"predecessor-version":[{"id":729,"href":"https:\/\/chiguayante.cl\/Chgte\/index.php?rest_route=\/wp\/v2\/pages\/149\/revisions\/729"}],"wp:attachment":[{"href":"https:\/\/chiguayante.cl\/Chgte\/index.php?rest_route=%2Fwp%2Fv2%2Fmedia&parent=149"}],"curies":[{"name":"wp","href":"https:\/\/api.w.org\/{rel}","templated":true}]}}