{"id":145,"date":"2025-10-24T13:01:37","date_gmt":"2025-10-24T16:01:37","guid":{"rendered":"https:\/\/chiguayante.cl\/Chgte\/?page_id=145"},"modified":"2025-10-24T13:01:37","modified_gmt":"2025-10-24T16:01:37","slug":"direccion-de-administracion-de-salud","status":"publish","type":"page","link":"https:\/\/chiguayante.cl\/Chgte\/?page_id=145","title":{"rendered":"Direcci\u00f3n de Administraci\u00f3n de Salud"},"content":{"rendered":"\n<p>Directora DAS<\/p>\n\n\n\n<p><strong>Fabiola Y\u00e1\u00f1ez Venegas<\/strong><\/p>\n\n\n\n<p>direccion@daschiguayante.cl<\/p>\n\n\n\n<p>\u2026\u2026\u2026\u2026\u2026\u2026\u2026\u2026\u2026\u2026\u2026\u2026\u2026\u2026\u2026\u2026\u2026\u2026\u2026\u2026\u2026\u2026<\/p>\n\n\n\n<p>Funciones:<\/p>\n\n\n\n<p>a) Asumir la Direcci\u00f3n Administrativa y de Gesti\u00f3n de los Establecimientos de Salud Municipal en conformidad con las disposiciones legales vigentes.<\/p>\n\n\n\n<p>b) Administrar los recursos humanos, materiales y financieros necesarios para el normal funcionamiento de los servicios asistenciales y\/o entrega de las prestaciones que correspondan.<\/p>\n\n\n\n<p>c) Velar por el cumplimiento de las normas, planes y programas que haya impartido o imparta el Ministerio de Salud.<\/p>\n\n\n\n<p>d) Elaborar y desarrollar programas de promoci\u00f3n, prevenci\u00f3n, detecci\u00f3n y tratamiento de enfermedades de los habitantes de la comuna, en coordinaci\u00f3n con entidades privadas, con los organismos del Ministerio de Salud que corresponda y otros Ministerios.<\/p>\n\n\n\n<p>e) Coordinar con otras unidades municipales cuando corresponda, las acciones extra-program\u00e1ticas que tengan relaci\u00f3n con la salud p\u00fablica dentro de las normas vigentes.<\/p>\n\n\n\n<p>f) Para el cumplimiento de los fines antes se\u00f1alados, esta Direcci\u00f3n deber\u00e1 darse su propia reglamentaci\u00f3n interna de organizaci\u00f3n.<\/p>\n","protected":false},"excerpt":{"rendered":"<p>Directora DAS Fabiola Y\u00e1\u00f1ez Venegas direccion@daschiguayante.cl \u2026\u2026\u2026\u2026\u2026\u2026\u2026\u2026\u2026\u2026\u2026\u2026\u2026\u2026\u2026\u2026\u2026\u2026\u2026\u2026\u2026\u2026 Funciones: a) Asumir la Direcci\u00f3n Administrativa y de Gesti\u00f3n de los Establecimientos de Salud Municipal en conformidad con las disposiciones legales vigentes. b) Administrar los recursos humanos, materiales y financieros necesarios para el normal funcionamiento de los servicios asistenciales y\/o entrega de las prestaciones que correspondan. c) Velar&#8230;<\/p>\n","protected":false},"author":1,"featured_media":0,"parent":0,"menu_order":0,"comment_status":"closed","ping_status":"closed","template":"","meta":{"footnotes":"","_links_to":"","_links_to_target":""},"class_list":["post-145","page","type-page","status-publish","hentry"],"_links":{"self":[{"href":"https:\/\/chiguayante.cl\/Chgte\/index.php?rest_route=\/wp\/v2\/pages\/145","targetHints":{"allow":["GET"]}}],"collection":[{"href":"https:\/\/chiguayante.cl\/Chgte\/index.php?rest_route=\/wp\/v2\/pages"}],"about":[{"href":"https:\/\/chiguayante.cl\/Chgte\/index.php?rest_route=\/wp\/v2\/types\/page"}],"author":[{"embeddable":true,"href":"https:\/\/chiguayante.cl\/Chgte\/index.php?rest_route=\/wp\/v2\/users\/1"}],"replies":[{"embeddable":true,"href":"https:\/\/chiguayante.cl\/Chgte\/index.php?rest_route=%2Fwp%2Fv2%2Fcomments&post=145"}],"version-history":[{"count":1,"href":"https:\/\/chiguayante.cl\/Chgte\/index.php?rest_route=\/wp\/v2\/pages\/145\/revisions"}],"predecessor-version":[{"id":146,"href":"https:\/\/chiguayante.cl\/Chgte\/index.php?rest_route=\/wp\/v2\/pages\/145\/revisions\/146"}],"wp:attachment":[{"href":"https:\/\/chiguayante.cl\/Chgte\/index.php?rest_route=%2Fwp%2Fv2%2Fmedia&parent=145"}],"curies":[{"name":"wp","href":"https:\/\/api.w.org\/{rel}","templated":true}]}}