{"id":143,"date":"2025-10-24T12:59:59","date_gmt":"2025-10-24T15:59:59","guid":{"rendered":"https:\/\/chiguayante.cl\/Chgte\/?page_id=143"},"modified":"2025-10-24T13:00:00","modified_gmt":"2025-10-24T16:00:00","slug":"administrador-municipal","status":"publish","type":"page","link":"https:\/\/chiguayante.cl\/Chgte\/?page_id=143","title":{"rendered":"Administrador Municipal"},"content":{"rendered":"\n<p><strong>Administrador Municipal:<\/strong>&nbsp;Yury Espinoza S\u00e1nchez<\/p>\n\n\n\n<p><strong>Fono:<\/strong>&nbsp; 41&nbsp;250 81 00<\/p>\n\n\n\n<p><strong>E-mail:<\/strong>&nbsp;<a href=\"mailto:yury.espinoza@munichiguayante.cl\">yury.espinoza@munichiguayante.cl<\/a><\/p>\n\n\n\n<p><strong>Direcci\u00f3n:<\/strong>&nbsp;Orozimbo Barbosa N\u00ba 104, Chiguayante<\/p>\n\n\n\n<p>&#8230;&#8230;&#8230;&#8230;&#8230;&#8230;&#8230;&#8230;&#8230;&#8230;&#8230;&#8230;&#8230;&#8230;&#8230;&#8230;&#8230;&#8230;&#8230;&#8230;&#8230;&#8230;&#8230;&#8230;&#8230;&#8230;&#8230;&#8230;&#8230;&#8230;&#8230;&#8230;&#8230;&#8230;&#8230;&#8230;&#8230;&#8230;..<\/p>\n\n\n\n<p><strong>Funciones b\u00e1sicas:<\/strong><\/p>\n\n\n\n<p>El administrador municipal es el colaborador directo del alcalde en las tareas de coordinaci\u00f3n y gesti\u00f3n permanente del municipio, y en la elaboraci\u00f3n y seguimiento del plan anual de acci\u00f3n municipal. Tambi\u00e9n&nbsp;ejerce las atribuciones que se\u00f1ale el reglamento municipal y las que le delegue el alcalde, siempre que est\u00e9n vinculadas con la naturaleza de su cargo.<\/p>\n\n\n\n<p>La administraci\u00f3n municipal tiene por objetivo administrar estrat\u00e9gicamente la organizaci\u00f3n interna de la Municipalidad, de acuerdo a disposiciones alcaldicias. Para el cumplimiento de sus funciones, el administrador municipal podr\u00e1 tener el apoyo administrativo, t\u00e9cnico y profesional que le asigne el alcalde.<\/p>\n","protected":false},"excerpt":{"rendered":"<p>Administrador Municipal:&nbsp;Yury Espinoza S\u00e1nchez Fono:&nbsp; 41&nbsp;250 81 00 E-mail:&nbsp;yury.espinoza@munichiguayante.cl Direcci\u00f3n:&nbsp;Orozimbo Barbosa N\u00ba 104, Chiguayante &#8230;&#8230;&#8230;&#8230;&#8230;&#8230;&#8230;&#8230;&#8230;&#8230;&#8230;&#8230;&#8230;&#8230;&#8230;&#8230;&#8230;&#8230;&#8230;&#8230;&#8230;&#8230;&#8230;&#8230;&#8230;&#8230;&#8230;&#8230;&#8230;&#8230;&#8230;&#8230;&#8230;&#8230;&#8230;&#8230;&#8230;&#8230;.. Funciones b\u00e1sicas: El administrador municipal es el colaborador directo del alcalde en las tareas de coordinaci\u00f3n y gesti\u00f3n permanente del municipio, y en la elaboraci\u00f3n y seguimiento del plan anual de acci\u00f3n municipal. Tambi\u00e9n&nbsp;ejerce las atribuciones que se\u00f1ale el reglamento&#8230;<\/p>\n","protected":false},"author":1,"featured_media":0,"parent":0,"menu_order":0,"comment_status":"closed","ping_status":"closed","template":"","meta":{"footnotes":"","_links_to":"","_links_to_target":""},"class_list":["post-143","page","type-page","status-publish","hentry"],"_links":{"self":[{"href":"https:\/\/chiguayante.cl\/Chgte\/index.php?rest_route=\/wp\/v2\/pages\/143","targetHints":{"allow":["GET"]}}],"collection":[{"href":"https:\/\/chiguayante.cl\/Chgte\/index.php?rest_route=\/wp\/v2\/pages"}],"about":[{"href":"https:\/\/chiguayante.cl\/Chgte\/index.php?rest_route=\/wp\/v2\/types\/page"}],"author":[{"embeddable":true,"href":"https:\/\/chiguayante.cl\/Chgte\/index.php?rest_route=\/wp\/v2\/users\/1"}],"replies":[{"embeddable":true,"href":"https:\/\/chiguayante.cl\/Chgte\/index.php?rest_route=%2Fwp%2Fv2%2Fcomments&post=143"}],"version-history":[{"count":1,"href":"https:\/\/chiguayante.cl\/Chgte\/index.php?rest_route=\/wp\/v2\/pages\/143\/revisions"}],"predecessor-version":[{"id":144,"href":"https:\/\/chiguayante.cl\/Chgte\/index.php?rest_route=\/wp\/v2\/pages\/143\/revisions\/144"}],"wp:attachment":[{"href":"https:\/\/chiguayante.cl\/Chgte\/index.php?rest_route=%2Fwp%2Fv2%2Fmedia&parent=143"}],"curies":[{"name":"wp","href":"https:\/\/api.w.org\/{rel}","templated":true}]}}