{"id":137,"date":"2025-10-24T12:54:44","date_gmt":"2025-10-24T15:54:44","guid":{"rendered":"https:\/\/chiguayante.cl\/Chgte\/?page_id=137"},"modified":"2025-10-27T12:38:48","modified_gmt":"2025-10-27T15:38:48","slug":"concejo-municipal-2024-2028","status":"publish","type":"page","link":"https:\/\/chiguayante.cl\/Chgte\/?page_id=137","title":{"rendered":"Concejo Municipal (2024-2028)"},"content":{"rendered":"\n<div class=\"wp-block-columns is-layout-flex wp-container-core-columns-is-layout-9d6595d7 wp-block-columns-is-layout-flex\">\n<div class=\"wp-block-column is-layout-flow wp-block-column-is-layout-flow\"><div class=\"wp-block-image\">\n<figure class=\"aligncenter size-full is-resized\"><img loading=\"lazy\" decoding=\"async\" width=\"250\" height=\"250\" src=\"https:\/\/chiguayante.cl\/Chgte\/wp-content\/uploads\/2025\/10\/villalon-3.jpg\" alt=\"\" class=\"wp-image-258\" style=\"width:210px;height:auto\" srcset=\"https:\/\/chiguayante.cl\/Chgte\/wp-content\/uploads\/2025\/10\/villalon-3.jpg 250w, https:\/\/chiguayante.cl\/Chgte\/wp-content\/uploads\/2025\/10\/villalon-3-150x150.jpg 150w\" sizes=\"auto, (max-width: 250px) 100vw, 250px\" \/><\/figure>\n<\/div><\/div>\n\n\n\n<div class=\"wp-block-column is-layout-flow wp-block-column-is-layout-flow\">\n<p><strong>Juan Carlos Villal\u00f3n Carrasco<\/strong><br>Email:\u00a0<a href=\"mailto:jcvillalon.entrenador@gmail.com\">jcvillalon.entrenador@gmail.com<\/a><br>Tel\u00e9fono:\u00a0+56 9 75498818.<\/p>\n\n\n\n<p><\/p>\n<\/div>\n<\/div>\n\n\n\n<div class=\"wp-block-columns is-layout-flex wp-container-core-columns-is-layout-9d6595d7 wp-block-columns-is-layout-flex\">\n<div class=\"wp-block-column is-layout-flow wp-block-column-is-layout-flow\"><div class=\"wp-block-image\">\n<figure class=\"aligncenter size-full is-resized\"><img loading=\"lazy\" decoding=\"async\" width=\"250\" height=\"250\" src=\"https:\/\/chiguayante.cl\/Chgte\/wp-content\/uploads\/2025\/10\/gacitua-1.jpg\" alt=\"\" class=\"wp-image-259\" style=\"width:211px;height:auto\" srcset=\"https:\/\/chiguayante.cl\/Chgte\/wp-content\/uploads\/2025\/10\/gacitua-1.jpg 250w, https:\/\/chiguayante.cl\/Chgte\/wp-content\/uploads\/2025\/10\/gacitua-1-150x150.jpg 150w\" sizes=\"auto, (max-width: 250px) 100vw, 250px\" \/><\/figure>\n<\/div><\/div>\n\n\n\n<div class=\"wp-block-column is-layout-flow wp-block-column-is-layout-flow\">\n<p><strong>Dangelo Gacit\u00faa Sanzana<\/strong><br>Email: <a href=\"mailto:dangelo.concejal@gmail.com\">dangelo.concejal@gmail.com<\/a><br>Tel\u00e9fono: +56 9 67419319<\/p>\n<\/div>\n<\/div>\n\n\n\n<div class=\"wp-block-columns is-layout-flex wp-container-core-columns-is-layout-9d6595d7 wp-block-columns-is-layout-flex\">\n<div class=\"wp-block-column is-layout-flow wp-block-column-is-layout-flow\"><div class=\"wp-block-image\">\n<figure class=\"aligncenter size-full is-resized\"><img loading=\"lazy\" decoding=\"async\" width=\"250\" height=\"250\" src=\"https:\/\/chiguayante.cl\/Chgte\/wp-content\/uploads\/2025\/10\/hidalgo.jpg\" alt=\"\" class=\"wp-image-260\" style=\"width:203px;height:auto\" srcset=\"https:\/\/chiguayante.cl\/Chgte\/wp-content\/uploads\/2025\/10\/hidalgo.jpg 250w, https:\/\/chiguayante.cl\/Chgte\/wp-content\/uploads\/2025\/10\/hidalgo-150x150.jpg 150w\" sizes=\"auto, (max-width: 250px) 100vw, 250px\" \/><\/figure>\n<\/div><\/div>\n\n\n\n<div class=\"wp-block-column is-layout-flow wp-block-column-is-layout-flow\">\n<p><strong>Carlos Hidalgo Figueroa<\/strong><br>Email: <a href=\"mailto:cp2574@gmail.com\">cp2574@gmail.com<\/a><br>Tel\u00e9fono: +56 9 8239 7105<\/p>\n<\/div>\n<\/div>\n\n\n\n<div class=\"wp-block-columns is-layout-flex wp-container-core-columns-is-layout-9d6595d7 wp-block-columns-is-layout-flex\">\n<div class=\"wp-block-column is-layout-flow wp-block-column-is-layout-flow\"><div class=\"wp-block-image\">\n<figure class=\"aligncenter size-full is-resized\"><img loading=\"lazy\" decoding=\"async\" width=\"250\" height=\"250\" src=\"https:\/\/chiguayante.cl\/Chgte\/wp-content\/uploads\/2025\/10\/avello.jpg\" alt=\"\" class=\"wp-image-261\" style=\"width:203px;height:auto\" srcset=\"https:\/\/chiguayante.cl\/Chgte\/wp-content\/uploads\/2025\/10\/avello.jpg 250w, https:\/\/chiguayante.cl\/Chgte\/wp-content\/uploads\/2025\/10\/avello-150x150.jpg 150w\" sizes=\"auto, (max-width: 250px) 100vw, 250px\" \/><\/figure>\n<\/div><\/div>\n\n\n\n<div class=\"wp-block-column is-layout-flow wp-block-column-is-layout-flow\">\n<p><strong>Eduardo Avello Cid<\/strong><br>Email: <a href=\"mailto:eavello@yahoo.com\">eavello@yahoo.com<\/a><br>Tel\u00e9fono: +56 9 89232149<\/p>\n<\/div>\n<\/div>\n\n\n\n<div class=\"wp-block-columns is-layout-flex wp-container-core-columns-is-layout-9d6595d7 wp-block-columns-is-layout-flex\">\n<div class=\"wp-block-column is-layout-flow wp-block-column-is-layout-flow\"><div class=\"wp-block-image\">\n<figure class=\"aligncenter size-full is-resized\"><img loading=\"lazy\" decoding=\"async\" width=\"250\" height=\"250\" src=\"https:\/\/chiguayante.cl\/Chgte\/wp-content\/uploads\/2025\/10\/suarez.jpg\" alt=\"\" class=\"wp-image-262\" style=\"width:202px;height:auto\" srcset=\"https:\/\/chiguayante.cl\/Chgte\/wp-content\/uploads\/2025\/10\/suarez.jpg 250w, https:\/\/chiguayante.cl\/Chgte\/wp-content\/uploads\/2025\/10\/suarez-150x150.jpg 150w\" sizes=\"auto, (max-width: 250px) 100vw, 250px\" \/><\/figure>\n<\/div><\/div>\n\n\n\n<div class=\"wp-block-column is-layout-flow wp-block-column-is-layout-flow\">\n<p><strong>Mayerlin Su\u00e1rez Silva<\/strong><br>Email: <a href=\"mailto:concejalamayerlins@gmail.com\">concejalamayerlins@gmail.com<\/a><br>Tel\u00e9fono: +56 9 7425 5137<\/p>\n<\/div>\n<\/div>\n\n\n\n<div class=\"wp-block-columns is-layout-flex wp-container-core-columns-is-layout-9d6595d7 wp-block-columns-is-layout-flex\">\n<div class=\"wp-block-column is-layout-flow wp-block-column-is-layout-flow\"><div class=\"wp-block-image\">\n<figure class=\"aligncenter size-full is-resized\"><img loading=\"lazy\" decoding=\"async\" width=\"250\" height=\"250\" src=\"https:\/\/chiguayante.cl\/Chgte\/wp-content\/uploads\/2025\/10\/gonzalez.jpg\" alt=\"\" class=\"wp-image-263\" style=\"width:202px;height:auto\" srcset=\"https:\/\/chiguayante.cl\/Chgte\/wp-content\/uploads\/2025\/10\/gonzalez.jpg 250w, https:\/\/chiguayante.cl\/Chgte\/wp-content\/uploads\/2025\/10\/gonzalez-150x150.jpg 150w\" sizes=\"auto, (max-width: 250px) 100vw, 250px\" \/><\/figure>\n<\/div><\/div>\n\n\n\n<div class=\"wp-block-column is-layout-flow wp-block-column-is-layout-flow\">\n<p><strong>Sandra Gonz\u00e1lez Riquelme<\/strong><br>Email: <a href=\"mailto:sandra.gonzalez@munichiguayante.cl\">sandra.gonzalez@munichiguayante.cl<\/a><br>Tel\u00e9fono: +56 9 91755687<\/p>\n<\/div>\n<\/div>\n\n\n\n<p><\/p>\n\n\n\n<p><\/p>\n\n\n\n<p>::::::::::::::::::::::::::::::::::::::::::::::::::::::<\/p>\n\n\n\n<p>Oficina concejales<\/p>\n\n\n\n<p>Orozimbo Barbosa 106A (frente a Plaza Los Poetas)<\/p>\n\n\n\n<p>Tel\u00e9fono: 41 344 33 35<\/p>\n\n\n\n<p>Correo electr\u00f3nico: raquel.victoriano@munichiguayante.cl<\/p>\n\n\n\n<div class=\"wp-block-group is-layout-grid wp-container-core-group-is-layout-9649a0d9 wp-block-group-is-layout-grid\"><\/div>\n","protected":false},"excerpt":{"rendered":"<p>Juan Carlos Villal\u00f3n CarrascoEmail:\u00a0jcvillalon.entrenador@gmail.comTel\u00e9fono:\u00a0+56 9 75498818. Dangelo Gacit\u00faa SanzanaEmail: dangelo.concejal@gmail.comTel\u00e9fono: +56 9 67419319 Carlos Hidalgo FigueroaEmail: cp2574@gmail.comTel\u00e9fono: +56 9 8239 7105 Eduardo Avello CidEmail: eavello@yahoo.comTel\u00e9fono: +56 9 89232149 Mayerlin Su\u00e1rez SilvaEmail: concejalamayerlins@gmail.comTel\u00e9fono: +56 9 7425 5137 Sandra Gonz\u00e1lez RiquelmeEmail: sandra.gonzalez@munichiguayante.clTel\u00e9fono: +56 9 91755687 :::::::::::::::::::::::::::::::::::::::::::::::::::::: Oficina concejales Orozimbo Barbosa 106A (frente a Plaza Los Poetas) Tel\u00e9fono:&#8230;<\/p>\n","protected":false},"author":1,"featured_media":0,"parent":0,"menu_order":0,"comment_status":"closed","ping_status":"closed","template":"","meta":{"footnotes":"","_links_to":"","_links_to_target":""},"class_list":["post-137","page","type-page","status-publish","hentry"],"_links":{"self":[{"href":"https:\/\/chiguayante.cl\/Chgte\/index.php?rest_route=\/wp\/v2\/pages\/137","targetHints":{"allow":["GET"]}}],"collection":[{"href":"https:\/\/chiguayante.cl\/Chgte\/index.php?rest_route=\/wp\/v2\/pages"}],"about":[{"href":"https:\/\/chiguayante.cl\/Chgte\/index.php?rest_route=\/wp\/v2\/types\/page"}],"author":[{"embeddable":true,"href":"https:\/\/chiguayante.cl\/Chgte\/index.php?rest_route=\/wp\/v2\/users\/1"}],"replies":[{"embeddable":true,"href":"https:\/\/chiguayante.cl\/Chgte\/index.php?rest_route=%2Fwp%2Fv2%2Fcomments&post=137"}],"version-history":[{"count":8,"href":"https:\/\/chiguayante.cl\/Chgte\/index.php?rest_route=\/wp\/v2\/pages\/137\/revisions"}],"predecessor-version":[{"id":269,"href":"https:\/\/chiguayante.cl\/Chgte\/index.php?rest_route=\/wp\/v2\/pages\/137\/revisions\/269"}],"wp:attachment":[{"href":"https:\/\/chiguayante.cl\/Chgte\/index.php?rest_route=%2Fwp%2Fv2%2Fmedia&parent=137"}],"curies":[{"name":"wp","href":"https:\/\/api.w.org\/{rel}","templated":true}]}}