{"id":134,"date":"2025-10-24T12:49:28","date_gmt":"2025-10-24T15:49:28","guid":{"rendered":"https:\/\/chiguayante.cl\/Chgte\/?page_id=134"},"modified":"2025-10-24T12:49:29","modified_gmt":"2025-10-24T15:49:29","slug":"alcalde-jorge-lozano-zapata","status":"publish","type":"page","link":"https:\/\/chiguayante.cl\/Chgte\/?page_id=134","title":{"rendered":"Alcalde Jorge Lozano Zapata"},"content":{"rendered":"\n<p><\/p>\n\n\n\n<p><br><br><strong>QUERIDAS VECINAS Y VECINOS DE CHIGUAYANTE:<\/strong><br><br>Con gran honor y responsabilidad, asum\u00ed como alcalde de nuestra querida comuna. En este momento hist\u00f3rico para Chiguayante y su trayectoria, quiero agradecer con mucha humildad a cada uno de ustedes por haber confiado en este proyecto.\u00a0<\/p>\n\n\n\n<p>En este nuevo cap\u00edtulo para la comuna, quiero destacar la importancia de la unidad para enfrentar los desaf\u00edos que se nos presentan. Independientemente de nuestras diferencias, todos y todas somos fundamentales para los cambios que Chiguayante necesita. No importa si naciste aqu\u00ed o si elegiste este hermoso lugar para vivir, todos somos parte de esta comunidad y tenemos un rol crucial en su desarrollo.&nbsp;<\/p>\n\n\n\n<p>Nuestra gesti\u00f3n tendr\u00e1 como primera prioridad, mejorar las condiciones de vida de las personas de Chiguayante, sin excepciones. Para lograrlo, debemos resolver las urgencias de hoy, optimizar todas las atenciones de salud, mejorar la conectividad dentro de la comuna, impulsar el desarrollo econ\u00f3mico, aumentar la empleabilidad en la comuna y hacer de Chiguayante un lugar m\u00e1s seguro para todas y todos.&nbsp;<\/p>\n\n\n\n<p>Esta nueva administraci\u00f3n se centrar\u00e1 en abordar los problemas que afectan a los habitantes de Chiguayante en el presente. Pero, tambi\u00e9n, ser\u00e1 consciente de los retos a largo plazo que implica el desarrollo de la ciudad. Sabemos que solo mediante proyectos sostenibles y de largo plazo podremos transformar verdaderamente nuestro futuro, dejando un legado imborrable a futuras generaciones.&nbsp;<\/p>\n\n\n\n<p>Entre las iniciativas que impulsaremos est\u00e1n la tan esperada soluci\u00f3n definitiva al problema de anegamiento de la calle O&#8217;Higgins Oriente, concretar el ingreso oficial por Chiguayante al Parque Nacional Nongu\u00e9n y dar el impulso necesario a nuevas tecnolog\u00edas que nos sit\u00faen como una ciudad inteligente. Queremos que nuestra administraci\u00f3n no s\u00f3lo se ocupe de las necesidades de hoy, sino que tambi\u00e9n construya un futuro s\u00f3lido y prometedor para todas y todos.&nbsp;<\/p>\n\n\n\n<p>Su apoyo y confianza son fundamentales para que podamos trabajar juntos por un Chiguayante mejor. Como alcalde de esta comuna, quiero asegurarles que todas las ideas son bienvenidas y valiosas para superar los desaf\u00edos que enfrentamos.<\/p>\n\n\n\n<p>Que este nuevo cap\u00edtulo para Chiguayante sea uno de crecimiento, desarrollo y unidad.<\/p>\n\n\n\n<p>Con orgullo y compromiso,<br><br><strong>JORGE LOZANO ZAPATA<\/strong><br>ALCALDE DE CHIGUAYANTE<\/p>\n\n\n\n<p><strong>Correo electr\u00f3nico:&nbsp;<a href=\"mailto:jorge.lozano@munichiguayante.cl\">jorge.lozano@munichiguayante.cl<\/a>&nbsp;<\/strong><br><strong><br>Secretaria Alcald\u00eda:&nbsp;412508103<\/strong><\/p>\n","protected":false},"excerpt":{"rendered":"<p>QUERIDAS VECINAS Y VECINOS DE CHIGUAYANTE: Con gran honor y responsabilidad, asum\u00ed como alcalde de nuestra querida comuna. En este momento hist\u00f3rico para Chiguayante y su trayectoria, quiero agradecer con mucha humildad a cada uno de ustedes por haber confiado en este proyecto.\u00a0 En este nuevo cap\u00edtulo para la comuna, quiero destacar la importancia de&#8230;<\/p>\n","protected":false},"author":1,"featured_media":135,"parent":0,"menu_order":0,"comment_status":"closed","ping_status":"closed","template":"","meta":{"footnotes":"","_links_to":"","_links_to_target":""},"class_list":["post-134","page","type-page","status-publish","has-post-thumbnail","hentry"],"_links":{"self":[{"href":"https:\/\/chiguayante.cl\/Chgte\/index.php?rest_route=\/wp\/v2\/pages\/134","targetHints":{"allow":["GET"]}}],"collection":[{"href":"https:\/\/chiguayante.cl\/Chgte\/index.php?rest_route=\/wp\/v2\/pages"}],"about":[{"href":"https:\/\/chiguayante.cl\/Chgte\/index.php?rest_route=\/wp\/v2\/types\/page"}],"author":[{"embeddable":true,"href":"https:\/\/chiguayante.cl\/Chgte\/index.php?rest_route=\/wp\/v2\/users\/1"}],"replies":[{"embeddable":true,"href":"https:\/\/chiguayante.cl\/Chgte\/index.php?rest_route=%2Fwp%2Fv2%2Fcomments&post=134"}],"version-history":[{"count":1,"href":"https:\/\/chiguayante.cl\/Chgte\/index.php?rest_route=\/wp\/v2\/pages\/134\/revisions"}],"predecessor-version":[{"id":136,"href":"https:\/\/chiguayante.cl\/Chgte\/index.php?rest_route=\/wp\/v2\/pages\/134\/revisions\/136"}],"wp:featuredmedia":[{"embeddable":true,"href":"https:\/\/chiguayante.cl\/Chgte\/index.php?rest_route=\/wp\/v2\/media\/135"}],"wp:attachment":[{"href":"https:\/\/chiguayante.cl\/Chgte\/index.php?rest_route=%2Fwp%2Fv2%2Fmedia&parent=134"}],"curies":[{"name":"wp","href":"https:\/\/api.w.org\/{rel}","templated":true}]}}